{"id":6101,"date":"2025-07-29T14:41:05","date_gmt":"2025-07-29T12:41:05","guid":{"rendered":"https:\/\/www.climik.it\/prodotto\/climik-air-flow-20-42cm\/"},"modified":"2026-01-30T09:43:12","modified_gmt":"2026-01-30T08:43:12","slug":"climik-air-flow-20-42cm","status":"publish","type":"product","link":"https:\/\/www.climik.it\/fr\/prodotto\/climik-air-flow-20-42cm\/","title":{"rendered":"Climik Air Flow 20-42cm"},"content":{"rendered":"<p style=\"text-align: center;\">Transformez le confort de votre environnement gr\u00e2ce \u00e0 notre <g id=\"gid_0\">d\u00e9flecteur d&rsquo;air r\u00e9glable<\/g>, l&rsquo;alli\u00e9 id\u00e9al pour optimiser le flux d&rsquo;air. Con\u00e7u avec une <g id=\"gid_1\">structure extensible de 20 cm \u00e0 42 cm<\/g>, il s&rsquo;adapte parfaitement \u00e0 toutes les bouches d&rsquo;a\u00e9ration et s&rsquo;int\u00e8gre discr\u00e8tement gr\u00e2ce \u00e0 son <g id=\"gid_2\">plastique cristallin hautement transparent et incassable<\/g>. <\/p>\n<p style=\"text-align: center;\">Enti\u00e8rement fabriqu\u00e9 en Italie, ce d\u00e9flecteur est synonyme de <g id=\"gid_0\">qualit\u00e9 artisanale sup\u00e9rieure<\/g>, de mat\u00e9riaux haut de gamme et de durabilit\u00e9 garantie. Chaque d\u00e9tail refl\u00e8te le soin et l&rsquo;excellence du <g id=\"gid_1\">Made in Italy<\/g>, vous offrant un produit fiable et performant. <\/p>\n<p style=\"text-align: center;\">L&rsquo;installation est un jeu d&rsquo;enfant : gr\u00e2ce \u00e0 ses <g id=\"gid_0\">trois aimants puissants<\/g>, il se fixe solidement sur les bouches m\u00e9talliques en quelques secondes et reste stable m\u00eame en cas de flux d&rsquo;air intense. Ce d\u00e9flecteur vous permet de rediriger l&rsquo;air exactement l\u00e0 o\u00f9 vous en avez besoin, <g id=\"gid_1\">am\u00e9liorant ainsi le confort et l&rsquo;efficacit\u00e9<\/g> de votre syst\u00e8me CVC, avec \u00e0 la cl\u00e9 des <g id=\"gid_2\">\u00e9conomies d&rsquo;\u00e9nergie<\/g>. <\/p>\n<p style=\"text-align: center;\">Polyvalent et pratique, il est parfait pour les bouches d&rsquo;a\u00e9ration au sol, murales et au plafond, id\u00e9al pour les maisons, les bureaux et les espaces commerciaux.<br \/>\nRemarque importante : pour les bouches d&rsquo;a\u00e9ration non m\u00e9talliques (bois, aluminium, plastique), des fentes pour vis sont int\u00e9gr\u00e9es pour une installation s\u00fbre.<\/p>\n<p style=\"text-align: center;\">Progettato e prodotto interamente in Italia per garantirti qualit\u00e0 e durabilit\u00e0 superiori.<strong><br \/>\n<\/strong><\/p>\n","protected":false},"excerpt":{"rendered":"<p style=\"text-align: center;\">Optimisez le confort et l&rsquo;efficacit\u00e9 \u00e9nerg\u00e9tique gr\u00e2ce \u00e0 notre d\u00e9flecteur pour bouches d&rsquo;a\u00e9ration. Extensible de 20 \u00e0 42 cm et fabriqu\u00e9 en plastique hautement transparent et incassable, il s&rsquo;adapte parfaitement \u00e0 tous les environnements. <\/p>\n<p style=\"text-align: center;\">Gr\u00e2ce \u00e0 trois aimants puissants, l&rsquo;installation est facile et s\u00fbre sur les bouches m\u00e9talliques (pour les bouches non m\u00e9talliques, des fentes pour vis sont pr\u00e9vues).<\/p>\n","protected":false},"featured_media":6091,"template":"","meta":[],"product_brand":[],"product_cat":[155,434],"product_tag":[],"class_list":{"0":"post-6101","1":"product","2":"type-product","3":"status-publish","4":"has-post-thumbnail","6":"product_cat-deflecteur-pour-conditionnement-canalise","7":"product_cat-senza-categoria-fr","8":"product_shipping_class-1-fr","10":"first","11":"instock","12":"taxable","13":"shipping-taxable","14":"purchasable","15":"product-type-simple"},"_links":{"self":[{"href":"https:\/\/www.climik.it\/fr\/wp-json\/wp\/v2\/product\/6101","targetHints":{"allow":["GET"]}}],"collection":[{"href":"https:\/\/www.climik.it\/fr\/wp-json\/wp\/v2\/product"}],"about":[{"href":"https:\/\/www.climik.it\/fr\/wp-json\/wp\/v2\/types\/product"}],"wp:featuredmedia":[{"embeddable":true,"href":"https:\/\/www.climik.it\/fr\/wp-json\/wp\/v2\/media\/6091"}],"wp:attachment":[{"href":"https:\/\/www.climik.it\/fr\/wp-json\/wp\/v2\/media?parent=6101"}],"wp:term":[{"taxonomy":"product_brand","embeddable":true,"href":"https:\/\/www.climik.it\/fr\/wp-json\/wp\/v2\/product_brand?post=6101"},{"taxonomy":"product_cat","embeddable":true,"href":"https:\/\/www.climik.it\/fr\/wp-json\/wp\/v2\/product_cat?post=6101"},{"taxonomy":"product_tag","embeddable":true,"href":"https:\/\/www.climik.it\/fr\/wp-json\/wp\/v2\/product_tag?post=6101"}],"curies":[{"name":"wp","href":"https:\/\/api.w.org\/{rel}","templated":true}]}}