{"id":5971,"date":"2025-06-11T15:27:08","date_gmt":"2025-06-11T13:27:08","guid":{"rendered":"https:\/\/www.climik.it\/prodotto\/climik-fan-flap-88x15x5\/"},"modified":"2026-01-30T09:07:08","modified_gmt":"2026-01-30T08:07:08","slug":"climik-fan-flap-88x15x5","status":"publish","type":"product","link":"https:\/\/www.climik.it\/fr\/prodotto\/climik-fan-flap-88x15x5\/","title":{"rendered":"Climik Fan Flap 88x15x5"},"content":{"rendered":"<p style=\"text-align: center;\"><strong>Confort sur mesure gr\u00e2ce au d\u00e9flecteur transparent pour climatiseurs \u00e0 ventilo-convecteurs<\/strong><\/p>\n<p style=\"text-align: center;\">Vous en avez assez des courants d&rsquo;air directs et du froid excessif caus\u00e9s par votre climatiseur ? Notre <strong>d\u00e9flecteur pour climatiseurs Fan Coil<\/strong> est la solution id\u00e9ale pour transformer votre environnement, le rendant plus accueillant et confortable. <\/p>\n<p style=\"text-align: center;\"><strong>Design et fonctionnalit\u00e9 au top<\/strong> : fabriqu\u00e9 dans un mat\u00e9riau <strong>transparent <\/strong>de haute qualit\u00e9, ce d\u00e9flecteur s&rsquo;int\u00e8gre parfaitement \u00e0 tout type d&rsquo;int\u00e9rieur, devenant presque invisible. Sa principale caract\u00e9ristique est sa <strong>polyvalence <\/strong>: la palette mobile peut \u00eatre r\u00e9gl\u00e9e <strong>de 0 \u00e0 90 degr\u00e9s<\/strong>, ce qui vous permet de diriger le flux d&rsquo;air froid vers le haut ou sur le c\u00f4t\u00e9, en \u00e9vitant qu&rsquo;il ne vous touche directement. Cela signifie que vous pouvez dire adieu aux maux de gorge, aux torticolis et \u00e0 cette d\u00e9sagr\u00e9able sensation de froid excessif.  <\/p>\n<p style=\"text-align: center;\"><strong>Sp\u00e9cifique pour les ventilo-convecteurs<\/strong> : il est essentiel de souligner que ce <strong>d\u00e9flecteur est exclusivement adapt\u00e9 aux climatiseurs \u00e0 ventilo-convecteurs<\/strong>. Nous avons con\u00e7u ses dimensions (88 x 15 x 5 cm) pour garantir une compatibilit\u00e9 et une efficacit\u00e9 optimales avec ce type d&rsquo;appareil, assurant une adh\u00e9rence parfaite et une fonctionnalit\u00e9 sans compromis. <\/p>\n<p style=\"text-align: center;\"><strong>Avantages imm\u00e9diats :<\/strong><\/p>\n<ul style=\"text-align: center;\">\n<li><strong>Confort maximal<\/strong> : profitez d&rsquo;un environnement climatis\u00e9 sans les d\u00e9sagr\u00e9ments des courants d&rsquo;air directs.<\/li>\n<li><strong>Sant\u00e9 et bien-\u00eatre<\/strong> : r\u00e9duisez le risque de maladies li\u00e9es \u00e0 l&rsquo;exposition directe \u00e0 la climatisation.<\/li>\n<li><strong>Installation simple<\/strong> : facile \u00e0 monter, ne n\u00e9cessite aucun outil sp\u00e9cifique.<\/li>\n<li><strong>Esth\u00e9tique discr\u00e8te<\/strong> : sa transparence le rend presque invisible, sans alt\u00e9rer l&rsquo;harmonie de votre espace.<\/li>\n<\/ul>\n<p>&nbsp;<\/p>\n<p style=\"text-align: center;\">Investissez dans votre bien-\u00eatre et transformez votre fa\u00e7on de vivre dans votre environnement climatis\u00e9 !<\/p>\n","protected":false},"excerpt":{"rendered":"<p>Optimisez le confort dans votre environnement gr\u00e2ce \u00e0 notre d\u00e9flecteur transparent, sp\u00e9cialement con\u00e7u pour les climatiseurs \u00e0 ventilo-convecteurs. Gr\u00e2ce \u00e0 sa pale mobile de 0 \u00e0 90\u00b0, vous dirigez le flux d&rsquo;air o\u00f9 vous le souhaitez, \u00e9liminant ainsi les courants d&rsquo;air directs g\u00eanants. Ses dimensions (88 x 15 x 5 cm) le rendent discret et fonctionnel dans n&rsquo;importe quel espace.  <\/p>\n","protected":false},"featured_media":5922,"template":"","meta":[],"product_brand":[],"product_cat":[238],"product_tag":[],"class_list":{"0":"post-5971","1":"product","2":"type-product","3":"status-publish","4":"has-post-thumbnail","6":"product_cat-deflecteurs-pour-climatiseurs-fan-coil","7":"product_shipping_class-1-fr","9":"first","10":"instock","11":"taxable","12":"shipping-taxable","13":"purchasable","14":"product-type-simple"},"_links":{"self":[{"href":"https:\/\/www.climik.it\/fr\/wp-json\/wp\/v2\/product\/5971","targetHints":{"allow":["GET"]}}],"collection":[{"href":"https:\/\/www.climik.it\/fr\/wp-json\/wp\/v2\/product"}],"about":[{"href":"https:\/\/www.climik.it\/fr\/wp-json\/wp\/v2\/types\/product"}],"wp:featuredmedia":[{"embeddable":true,"href":"https:\/\/www.climik.it\/fr\/wp-json\/wp\/v2\/media\/5922"}],"wp:attachment":[{"href":"https:\/\/www.climik.it\/fr\/wp-json\/wp\/v2\/media?parent=5971"}],"wp:term":[{"taxonomy":"product_brand","embeddable":true,"href":"https:\/\/www.climik.it\/fr\/wp-json\/wp\/v2\/product_brand?post=5971"},{"taxonomy":"product_cat","embeddable":true,"href":"https:\/\/www.climik.it\/fr\/wp-json\/wp\/v2\/product_cat?post=5971"},{"taxonomy":"product_tag","embeddable":true,"href":"https:\/\/www.climik.it\/fr\/wp-json\/wp\/v2\/product_tag?post=5971"}],"curies":[{"name":"wp","href":"https:\/\/api.w.org\/{rel}","templated":true}]}}