{"id":5496,"date":"2022-03-20T14:35:05","date_gmt":"2024-07-17T07:27:33","guid":{"rendered":"https:\/\/www.climik.it\/prodotto\/climik-deflecteur-lineaire-pour-air-conditionne-grand-130-x-30-x-10-cm\/"},"modified":"2024-07-17T09:27:33","modified_gmt":"2024-07-17T07:27:33","slug":"climik-deflecteur-lineaire-pour-air-conditionne-grand-130-x-30-x-10-cm","status":"publish","type":"product","link":"https:\/\/www.climik.it\/fr\/prodotto\/climik-deflecteur-lineaire-pour-air-conditionne-grand-130-x-30-x-10-cm\/","title":{"rendered":"Climik D\u00e9flecteur lin\u00e9aire pour air conditionn\u00e9 Grand 130 \u00d7 30 \u00d7 10 cm"},"content":{"rendered":"<p style=\"text-align: center;\">Le d\u00e9flecteur Linear Climik est une solution simple et \u00e9l\u00e9gante pour prot\u00e9ger les travailleurs des jets d&rsquo;air froid typiques des lieux de travail climatis\u00e9s.<\/p>\n<p>&nbsp;<\/p>\n<p style=\"text-align: center;\">Le d\u00e9flecteur d&rsquo;air conditionn\u00e9 canalis\u00e9 de Linear Climik a \u00e9t\u00e9 d\u00e9velopp\u00e9 pour r\u00e9pondre aux exigences toujours croissantes des bureaux \u00e0 aire ouverte tels que les centres d&rsquo;appel. Linear Climik se visse directement au plafond et divise le flux d&rsquo;air froid du climatiseur en deux jets horizontaux, l&rsquo;air chaud de la pi\u00e8ce monte et l&rsquo;air froid descend plus uniform\u00e9ment.<\/p>\n<p>&nbsp;<\/p>\n<p style=\"text-align: center;\">Le lieu de travail deviendra un environnement sain, sans points froids dangereux.<\/p>\n","protected":false},"excerpt":{"rendered":"<p style=\"text-align: center;\">D\u00e9flecteur pour syst\u00e8mes gainables. Compact et \u00e9l\u00e9gant, il se visse directement au plafond sans utiliser de cha\u00eenes. Disponible en plusieurs longueurs<\/p>\n","protected":false},"featured_media":1177,"template":"","meta":[],"product_brand":[],"product_cat":[155],"product_tag":[],"class_list":{"0":"post-5496","1":"product","2":"type-product","3":"status-publish","4":"has-post-thumbnail","6":"product_cat-deflecteur-pour-conditionnement-canalise","7":"product_shipping_class-2-fr","9":"first","10":"instock","11":"taxable","12":"shipping-taxable","13":"purchasable","14":"product-type-simple"},"_links":{"self":[{"href":"https:\/\/www.climik.it\/fr\/wp-json\/wp\/v2\/product\/5496","targetHints":{"allow":["GET"]}}],"collection":[{"href":"https:\/\/www.climik.it\/fr\/wp-json\/wp\/v2\/product"}],"about":[{"href":"https:\/\/www.climik.it\/fr\/wp-json\/wp\/v2\/types\/product"}],"wp:featuredmedia":[{"embeddable":true,"href":"https:\/\/www.climik.it\/fr\/wp-json\/wp\/v2\/media\/1177"}],"wp:attachment":[{"href":"https:\/\/www.climik.it\/fr\/wp-json\/wp\/v2\/media?parent=5496"}],"wp:term":[{"taxonomy":"product_brand","embeddable":true,"href":"https:\/\/www.climik.it\/fr\/wp-json\/wp\/v2\/product_brand?post=5496"},{"taxonomy":"product_cat","embeddable":true,"href":"https:\/\/www.climik.it\/fr\/wp-json\/wp\/v2\/product_cat?post=5496"},{"taxonomy":"product_tag","embeddable":true,"href":"https:\/\/www.climik.it\/fr\/wp-json\/wp\/v2\/product_tag?post=5496"}],"curies":[{"name":"wp","href":"https:\/\/api.w.org\/{rel}","templated":true}]}}