{"id":5487,"date":"2023-03-10T09:58:54","date_gmt":"2023-03-10T08:58:54","guid":{"rendered":"https:\/\/www.climik.it\/prodotto\/deflecteur-de-climatisation-avec-anemostats-climik-circle-33-x-33-x-11-cm\/"},"modified":"2026-01-30T14:42:41","modified_gmt":"2026-01-30T13:42:41","slug":"deflecteur-de-climatisation-avec-anemostats-climik-circle-33-x-33-x-11-cm","status":"publish","type":"product","link":"https:\/\/www.climik.it\/fr\/prodotto\/deflecteur-de-climatisation-avec-anemostats-climik-circle-33-x-33-x-11-cm\/","title":{"rendered":"D\u00e9flecteur de climatisation avec an\u00e9mostats Climik Circle 33 \u00d7 33 \u00d7 11 cm"},"content":{"rendered":"<p style=\"text-align: center;\">Climik Circle, le nouveau venu de la gamme Climik, est adapt\u00e9 aux climatiseurs \u00e0 diffuseurs<br \/>\n\u00e0 sortie ronde. Son design circulaire, minimaliste et \u00e9l\u00e9gant, en fait un produit<br \/>\nunique en son genre. Gr\u00e2ce \u00e0 sa simplicit\u00e9 d&rsquo;installation, il est capable de<br \/>\ngarantir, en quelques minutes, un climat plus sain et plus confortable.  <\/p>\n<p>&nbsp;<\/p>\n<p style=\"text-align: center;\">Climik Circle est une solution optimale pour les salles de sport, les bureaux et les centres commerciaux, afin de<br \/>\nprot\u00e9ger les utilisateurs des courants d&rsquo;air chaud ou froid d\u00e9sagr\u00e9ables.<\/p>\n<p>&nbsp;<\/p>\n<p style=\"text-align: center;\">Toute la gamme de d\u00e9flecteurs Climik est l&rsquo;alli\u00e9 id\u00e9al, selon les saisons, dans la<br \/>\nlutte contre la chaleur et le froid, en cr\u00e9ant une climatisation harmonieuse des pi\u00e8ces.<br \/>\nLes d\u00e9flecteurs Climik ont \u00e9t\u00e9 con\u00e7us pour \u00eatre install\u00e9s facilement. Cela<br \/>\npermet de transformer rapidement n&rsquo;importe quelle pi\u00e8ce en un espace \u00e9quip\u00e9 d&rsquo;un<br \/>\nsyst\u00e8me de climatisation efficace pour tous les utilisateurs. <\/p>\n<p>&nbsp;<\/p>\n","protected":false},"excerpt":{"rendered":"<p style=\"text-align: center;\">Climik Circle est une solution optimale pour les salles de sport, les bureaux et les centres commerciaux, afin de<br \/>\nprot\u00e9ger les utilisateurs des courants d&rsquo;air chaud ou froid d\u00e9sagr\u00e9ables.<\/p>\n","protected":false},"featured_media":4543,"template":"","meta":[],"product_brand":[],"product_cat":[155],"product_tag":[],"class_list":{"0":"post-5487","1":"product","2":"type-product","3":"status-publish","4":"has-post-thumbnail","6":"product_cat-deflecteur-pour-conditionnement-canalise","7":"product_shipping_class-1-fr","9":"first","10":"instock","11":"taxable","12":"shipping-taxable","13":"purchasable","14":"product-type-simple"},"_links":{"self":[{"href":"https:\/\/www.climik.it\/fr\/wp-json\/wp\/v2\/product\/5487","targetHints":{"allow":["GET"]}}],"collection":[{"href":"https:\/\/www.climik.it\/fr\/wp-json\/wp\/v2\/product"}],"about":[{"href":"https:\/\/www.climik.it\/fr\/wp-json\/wp\/v2\/types\/product"}],"wp:featuredmedia":[{"embeddable":true,"href":"https:\/\/www.climik.it\/fr\/wp-json\/wp\/v2\/media\/4543"}],"wp:attachment":[{"href":"https:\/\/www.climik.it\/fr\/wp-json\/wp\/v2\/media?parent=5487"}],"wp:term":[{"taxonomy":"product_brand","embeddable":true,"href":"https:\/\/www.climik.it\/fr\/wp-json\/wp\/v2\/product_brand?post=5487"},{"taxonomy":"product_cat","embeddable":true,"href":"https:\/\/www.climik.it\/fr\/wp-json\/wp\/v2\/product_cat?post=5487"},{"taxonomy":"product_tag","embeddable":true,"href":"https:\/\/www.climik.it\/fr\/wp-json\/wp\/v2\/product_tag?post=5487"}],"curies":[{"name":"wp","href":"https:\/\/api.w.org\/{rel}","templated":true}]}}