{"id":5484,"date":"2023-03-10T12:04:49","date_gmt":"2024-07-17T06:35:42","guid":{"rendered":"https:\/\/www.climik.it\/prodotto\/deflecteur-de-climatisation-avec-anemostats-climik-circle-transparent-bleu-33-x-33-x-11-cm\/"},"modified":"2025-06-13T14:24:06","modified_gmt":"2025-06-13T12:24:06","slug":"deflecteur-de-climatisation-avec-anemostats-climik-circle-transparent-bleu-33-x-33-x-11-cm","status":"publish","type":"product","link":"https:\/\/www.climik.it\/fr\/prodotto\/deflecteur-de-climatisation-avec-anemostats-climik-circle-transparent-bleu-33-x-33-x-11-cm\/","title":{"rendered":"D\u00e9flecteur de climatisation avec an\u00e9mostats Climik Circle transparent bleu 33 \u00d7 33 \u00d7 11 cm"},"content":{"rendered":"<p style=\"text-align: center;\">Climik Circle, le nouveau venu de Climik, convient aux climatiseurs an\u00e9mostatiques avec une sortie ronde. Son design circulaire, minimal et \u00e9l\u00e9gant en fait un produit unique. Gr\u00e2ce \u00e0 sa facilit\u00e9 d&rsquo;installation, il peut garantir un climat plus sain et plus confortable en quelques minutes.  <\/p>\n<p>&nbsp;<\/p>\n<p style=\"text-align: center;\">Climik Circle est une solution optimale pour les gymnases, les bureaux et les centres commerciaux afin de prot\u00e9ger les utilisateurs des jets d&rsquo;air chaud ou froid g\u00eanants.<\/p>\n<p>&nbsp;<\/p>\n<p style=\"text-align: center;\">Toute la gamme de baffles Climik est l&rsquo;alli\u00e9e parfaite, selon la saison, pour lutter contre la chaleur et le froid et cr\u00e9er un climat ambiant harmonieux. Les baffles Climik sont con\u00e7us pour \u00eatre facilement install\u00e9s. Cela permet de transformer rapidement n&rsquo;importe quelle pi\u00e8ce en un espace dot\u00e9 d&rsquo;un syst\u00e8me de climatisation efficace pour tous les utilisateurs. <\/p>\n<p>&nbsp;<\/p>\n","protected":false},"excerpt":{"rendered":"<p style=\"text-align: center;\">Climik Circle est une solution optimale pour les gymnases, les bureaux et les centres commerciaux afin de prot\u00e9ger les utilisateurs des jets d&rsquo;air chaud ou froid g\u00eanants.<\/p>\n","protected":false},"featured_media":4573,"template":"","meta":[],"product_brand":[],"product_cat":[155],"product_tag":[],"class_list":{"0":"post-5484","1":"product","2":"type-product","3":"status-publish","4":"has-post-thumbnail","6":"product_cat-deflecteur-pour-conditionnement-canalise","7":"product_shipping_class-1-fr","9":"first","10":"instock","11":"taxable","12":"shipping-taxable","13":"purchasable","14":"product-type-simple"},"_links":{"self":[{"href":"https:\/\/www.climik.it\/fr\/wp-json\/wp\/v2\/product\/5484","targetHints":{"allow":["GET"]}}],"collection":[{"href":"https:\/\/www.climik.it\/fr\/wp-json\/wp\/v2\/product"}],"about":[{"href":"https:\/\/www.climik.it\/fr\/wp-json\/wp\/v2\/types\/product"}],"wp:featuredmedia":[{"embeddable":true,"href":"https:\/\/www.climik.it\/fr\/wp-json\/wp\/v2\/media\/4573"}],"wp:attachment":[{"href":"https:\/\/www.climik.it\/fr\/wp-json\/wp\/v2\/media?parent=5484"}],"wp:term":[{"taxonomy":"product_brand","embeddable":true,"href":"https:\/\/www.climik.it\/fr\/wp-json\/wp\/v2\/product_brand?post=5484"},{"taxonomy":"product_cat","embeddable":true,"href":"https:\/\/www.climik.it\/fr\/wp-json\/wp\/v2\/product_cat?post=5484"},{"taxonomy":"product_tag","embeddable":true,"href":"https:\/\/www.climik.it\/fr\/wp-json\/wp\/v2\/product_tag?post=5484"}],"curies":[{"name":"wp","href":"https:\/\/api.w.org\/{rel}","templated":true}]}}