{"id":5468,"date":"2023-03-13T12:04:34","date_gmt":"2023-03-13T11:04:34","guid":{"rendered":"https:\/\/www.climik.it\/prodotto\/kit-de-deflecteur-de-cassette-climik-quadro-en-polycarbonate-transparent\/"},"modified":"2023-03-13T12:04:34","modified_gmt":"2023-03-13T11:04:34","slug":"kit-de-deflecteur-de-cassette-climik-quadro-en-polycarbonate-transparent","status":"publish","type":"product","link":"https:\/\/www.climik.it\/fr\/prodotto\/kit-de-deflecteur-de-cassette-climik-quadro-en-polycarbonate-transparent\/","title":{"rendered":"Kit de d\u00e9flecteur de cassette Climik Quadro en polycarbonate transparent"},"content":{"rendered":"<p style=\"text-align: center;\">Le Climik Quadro, au design \u00e9l\u00e9gant, est le d\u00e9flecteur id\u00e9al pour tous les climatiseurs \u00e0 cassette de petite et moyenne taille. En d\u00e9pla\u00e7ant le jet d&rsquo;air froid du climatiseur vers le plafond, il offre une sensation de bien-\u00eatre sup\u00e9rieure et une climatisation optimale de toutes les pi\u00e8ces : l&rsquo;air chaud de la pi\u00e8ce monte vers le plafond, tandis que l&rsquo;air froid retombe uniform\u00e9ment, cr\u00e9ant ainsi un syst\u00e8me de climatisation \u00e9quilibr\u00e9 en quelques minutes seulement.<\/p>\n<p style=\"text-align: center;\">Climik Quadro est la solution id\u00e9ale pour tous les espaces de travail, tels que les bureaux, les h\u00f4pitaux et les restaurants, o\u00f9 le confort climatis\u00e9 est essentiel pour offrir aux utilisateurs une exp\u00e9rience de bien-\u00eatre agr\u00e9able.<\/p>\n<p style=\"text-align: center;\">L&rsquo;ensemble de la gamme de baffles Climik est l&rsquo;alli\u00e9 parfait, selon la saison, dans la lutte contre la chaleur et le froid, cr\u00e9ant un contr\u00f4le harmonieux du climat ambiant. Les baffles Climik sont con\u00e7us pour \u00eatre facilement install\u00e9s. Cela permet de transformer rapidement n&rsquo;importe quelle pi\u00e8ce en un espace dot\u00e9 d&rsquo;un syst\u00e8me de climatisation efficace pour tous les utilisateurs.<\/p>\n","protected":false},"excerpt":{"rendered":"<p style=\"text-align: center;\">Le Climik Quadro est la solution id\u00e9ale pour tous les espaces de travail, tels que les bureaux, les h\u00f4pitaux et les restaurants, o\u00f9 le confort de l&rsquo;air conditionn\u00e9 est essentiel pour offrir aux utilisateurs une exp\u00e9rience agr\u00e9able.<\/p>\n","protected":false},"featured_media":1173,"template":"","meta":[],"product_brand":[],"product_cat":[189],"product_tag":[],"class_list":{"0":"post-5468","1":"product","2":"type-product","3":"status-publish","4":"has-post-thumbnail","6":"product_cat-deflecteurs-pour-climatiseurs-a-cassette","7":"product_shipping_class-1-fr","9":"first","10":"onbackorder","11":"taxable","12":"shipping-taxable","13":"purchasable","14":"product-type-simple"},"_links":{"self":[{"href":"https:\/\/www.climik.it\/fr\/wp-json\/wp\/v2\/product\/5468","targetHints":{"allow":["GET"]}}],"collection":[{"href":"https:\/\/www.climik.it\/fr\/wp-json\/wp\/v2\/product"}],"about":[{"href":"https:\/\/www.climik.it\/fr\/wp-json\/wp\/v2\/types\/product"}],"wp:featuredmedia":[{"embeddable":true,"href":"https:\/\/www.climik.it\/fr\/wp-json\/wp\/v2\/media\/1173"}],"wp:attachment":[{"href":"https:\/\/www.climik.it\/fr\/wp-json\/wp\/v2\/media?parent=5468"}],"wp:term":[{"taxonomy":"product_brand","embeddable":true,"href":"https:\/\/www.climik.it\/fr\/wp-json\/wp\/v2\/product_brand?post=5468"},{"taxonomy":"product_cat","embeddable":true,"href":"https:\/\/www.climik.it\/fr\/wp-json\/wp\/v2\/product_cat?post=5468"},{"taxonomy":"product_tag","embeddable":true,"href":"https:\/\/www.climik.it\/fr\/wp-json\/wp\/v2\/product_tag?post=5468"}],"curies":[{"name":"wp","href":"https:\/\/api.w.org\/{rel}","templated":true}]}}