{"id":5460,"date":"2024-06-27T16:02:37","date_gmt":"2024-06-27T14:02:37","guid":{"rendered":"https:\/\/www.climik.it\/prodotto\/climik-flap-deflecteur-pour-climatiseur-split-80x33-cm\/"},"modified":"2025-06-15T10:27:29","modified_gmt":"2025-06-15T08:27:29","slug":"climik-flap-deflecteur-pour-climatiseur-split-80x33-cm","status":"publish","type":"product","link":"https:\/\/www.climik.it\/fr\/prodotto\/climik-flap-deflecteur-pour-climatiseur-split-80x33-cm\/","title":{"rendered":"Climik Flap d\u00e9flecteur pour climatiseur split 80&#215;33 cm"},"content":{"rendered":"<p style=\"text-align: center;\">Le Climik Flap unique est con\u00e7u pour les petits climatiseurs split, les climatiseurs split de moyenne et grande taille. Gr\u00e2ce \u00e0 sa forme \u00e0 double courbure et \u00e0 son volet r\u00e9glable manuellement, le Climik Flap d\u00e9place le jet d&rsquo;air froid du climatiseur vers le plafond de la pi\u00e8ce, permettant \u00e0 l&rsquo;air chaud de la pi\u00e8ce de s&rsquo;\u00e9lever et \u00e0 l&rsquo;air froid de redescendre de mani\u00e8re uniforme. <\/p>\n<p style=\"text-align: center;\">Climik Flap s&rsquo;adapte parfaitement \u00e0 n&rsquo;importe quel environnement et, en seulement deux minutes, offre \u00e0 toutes les personnes pr\u00e9sentes une exp\u00e9rience de bien-\u00eatre in\u00e9gal\u00e9e, en transformant l&rsquo;espace. une exp\u00e9rience de bien-\u00eatre in\u00e9gal\u00e9e, transformant l&rsquo;espace en une oasis de grand confort. en une oasis de grand confort.<\/p>\n<p style=\"text-align: center;\">Il est important de souligner que l&rsquo;installation de d\u00e9flecteurs trop grands pourrait faire en sorte que le climatiseur lise la temp\u00e9rature sur l&rsquo;objet lui-m\u00eame plut\u00f4t que dans la pi\u00e8ce. le climatiseur lise la temp\u00e9rature sur l&rsquo;objet lui-m\u00eame, et non dans la pi\u00e8ce.<br \/>\nToute la gamme des baffles Climik est l&rsquo;alli\u00e9e parfaite, selon la saison, dans la lutte contre la chaleur et le froid, en cr\u00e9ant un climat ambiant harmonieux. la lutte contre la chaleur et le froid, en cr\u00e9ant un climat ambiant harmonieux.<br \/>\nLes baffles Climik sont con\u00e7us pour \u00eatre facilement install\u00e9s. Cela permet de transformer rapidement n&rsquo;importe quelle pi\u00e8ce en un lieu de vie. permet de transformer rapidement n&rsquo;importe quelle pi\u00e8ce en un espace dot\u00e9 d&rsquo;un d&rsquo;un syst\u00e8me de climatisation efficace pour tous les utilisateurs. <\/p>\n","protected":false},"excerpt":{"rendered":"<p style=\"text-align: center;\">Climik Flap est la solution id\u00e9ale pour tous les espaces de travail, tels que les bureaux, les h\u00f4pitaux et les restaurants, o\u00f9 le confort de l&rsquo;air conditionn\u00e9 est essentiel pour offrir aux utilisateurs une exp\u00e9rience agr\u00e9able.<\/p>\n","protected":false},"featured_media":5955,"template":"","meta":[],"product_brand":[],"product_cat":[206],"product_tag":[],"class_list":{"0":"post-5460","1":"product","2":"type-product","3":"status-publish","4":"has-post-thumbnail","6":"product_cat-deflecteur-climatiseur-split","7":"product_shipping_class-1-fr","9":"first","10":"instock","11":"taxable","12":"shipping-taxable","13":"purchasable","14":"product-type-simple"},"_links":{"self":[{"href":"https:\/\/www.climik.it\/fr\/wp-json\/wp\/v2\/product\/5460","targetHints":{"allow":["GET"]}}],"collection":[{"href":"https:\/\/www.climik.it\/fr\/wp-json\/wp\/v2\/product"}],"about":[{"href":"https:\/\/www.climik.it\/fr\/wp-json\/wp\/v2\/types\/product"}],"wp:featuredmedia":[{"embeddable":true,"href":"https:\/\/www.climik.it\/fr\/wp-json\/wp\/v2\/media\/5955"}],"wp:attachment":[{"href":"https:\/\/www.climik.it\/fr\/wp-json\/wp\/v2\/media?parent=5460"}],"wp:term":[{"taxonomy":"product_brand","embeddable":true,"href":"https:\/\/www.climik.it\/fr\/wp-json\/wp\/v2\/product_brand?post=5460"},{"taxonomy":"product_cat","embeddable":true,"href":"https:\/\/www.climik.it\/fr\/wp-json\/wp\/v2\/product_cat?post=5460"},{"taxonomy":"product_tag","embeddable":true,"href":"https:\/\/www.climik.it\/fr\/wp-json\/wp\/v2\/product_tag?post=5460"}],"curies":[{"name":"wp","href":"https:\/\/api.w.org\/{rel}","templated":true}]}}