{"id":2620,"date":"2021-06-10T12:00:49","date_gmt":"2021-06-10T10:00:49","guid":{"rendered":"https:\/\/www.climik.it\/?post_type=product&#038;p=2620"},"modified":"2026-02-04T10:59:22","modified_gmt":"2026-02-04T09:59:22","slug":"climik-cristal-deflecteur-de-climatiseur-en-plexiglas-transparent-69x24-cm","status":"publish","type":"product","link":"https:\/\/www.climik.it\/fr\/prodotto\/climik-cristal-deflecteur-de-climatiseur-en-plexiglas-transparent-69x24-cm\/","title":{"rendered":"D\u00e9flecteur climatiseur en plexiglas transparent Climik Cristal 70 x 24 cm"},"content":{"rendered":"<p style=\"text-align: center;\">Climik Cristal en plexiglas, unique en son genre, est con\u00e7u pour les climatiseurs split<br \/>\npetits et moyens. Grazie alla sua forma a doppia curva sposta il getto d&rsquo;aria gelido<br \/>\ndel condizionatore verso il soffitto della stanza, permettendo all&rsquo;aria calda presente<br \/>\nnell&rsquo;ambiente di salire e quella fredda di scendere in modo omogeneo.<\/p>\n<p>&nbsp;<\/p>\n<p style=\"text-align: center;\">Climik Cristal s&rsquo;adapte parfaitement \u00e0 n&rsquo;importe quel environnement et, en seulement deux minutes,<br \/>\noffre \u00e0 toutes les personnes pr\u00e9sentes une exp\u00e9rience de bien-\u00eatre sans pareille, transformant l&rsquo;espace<br \/>\nen une oasis de confort absolu.<\/p>\n<p>&nbsp;<\/p>\n<p style=\"text-align: center;\">Il est important de souligner que l&rsquo;installation de d\u00e9flecteurs trop grands pourrait amener<br \/>\nle climatiseur \u00e0 lire la temp\u00e9rature sur l&rsquo;objet lui-m\u00eame plut\u00f4t que dans la pi\u00e8ce.<br \/>\nToute la gamme de d\u00e9flecteurs Climik est l&rsquo;alli\u00e9 parfait, selon les saisons, dans la<br \/>\nlutte contre la chaleur et le froid, cr\u00e9ant une climatisation harmonieuse des pi\u00e8ces.<br \/>\nLes d\u00e9flecteurs Climik ont \u00e9t\u00e9 con\u00e7us pour \u00eatre install\u00e9s facilement. Cela<br \/>\npermet de transformer rapidement n&rsquo;importe quelle pi\u00e8ce en un espace \u00e9quip\u00e9 d&rsquo;un<br \/>\nsyst\u00e8me de climatisation efficace pour tous les utilisateurs. <\/p>\n","protected":false},"excerpt":{"rendered":"<p style=\"text-align: center;\">Climik Cristal s&rsquo;adapte parfaitement \u00e0 n&rsquo;importe quel environnement et, en seulement deux minutes,<br \/>\noffre \u00e0 toutes les personnes pr\u00e9sentes une exp\u00e9rience de bien-\u00eatre sans pareille, transformant l&rsquo;espace<br \/>\nen une oasis de confort absolu.<\/p>\n<p>&nbsp;<\/p>\n","protected":false},"featured_media":2880,"template":"","meta":[],"product_brand":[],"product_cat":[206],"product_tag":[],"class_list":{"0":"post-2620","1":"product","2":"type-product","3":"status-publish","4":"has-post-thumbnail","6":"product_cat-deflecteur-climatiseur-split","7":"product_shipping_class-1-fr","9":"first","10":"instock","11":"taxable","12":"shipping-taxable","13":"purchasable","14":"product-type-simple"},"_links":{"self":[{"href":"https:\/\/www.climik.it\/fr\/wp-json\/wp\/v2\/product\/2620","targetHints":{"allow":["GET"]}}],"collection":[{"href":"https:\/\/www.climik.it\/fr\/wp-json\/wp\/v2\/product"}],"about":[{"href":"https:\/\/www.climik.it\/fr\/wp-json\/wp\/v2\/types\/product"}],"wp:featuredmedia":[{"embeddable":true,"href":"https:\/\/www.climik.it\/fr\/wp-json\/wp\/v2\/media\/2880"}],"wp:attachment":[{"href":"https:\/\/www.climik.it\/fr\/wp-json\/wp\/v2\/media?parent=2620"}],"wp:term":[{"taxonomy":"product_brand","embeddable":true,"href":"https:\/\/www.climik.it\/fr\/wp-json\/wp\/v2\/product_brand?post=2620"},{"taxonomy":"product_cat","embeddable":true,"href":"https:\/\/www.climik.it\/fr\/wp-json\/wp\/v2\/product_cat?post=2620"},{"taxonomy":"product_tag","embeddable":true,"href":"https:\/\/www.climik.it\/fr\/wp-json\/wp\/v2\/product_tag?post=2620"}],"curies":[{"name":"wp","href":"https:\/\/api.w.org\/{rel}","templated":true}]}}