{"id":2061,"date":"2021-03-01T11:16:33","date_gmt":"2021-03-11T10:16:33","guid":{"rendered":"https:\/\/www.climik.it\/prodotto\/deflecteurs-pour-climatiseur-universel-90-cm\/"},"modified":"2024-07-17T10:11:44","modified_gmt":"2024-07-17T08:11:44","slug":"deflecteurs-pour-climatiseur-universel-90-cm","status":"publish","type":"product","link":"https:\/\/www.climik.it\/fr\/prodotto\/deflecteurs-pour-climatiseur-universel-90-cm\/","title":{"rendered":"Climik Universal D\u00e9flecteur de climatiseur 90 cm"},"content":{"rendered":"<p style=\"text-align: center;\">Climik D\u00e9flecteur universel pour climatiseur, id\u00e9al pour tout type de climatiseur (splits muraux, ventilo-convecteurs, climatiseurs \u00e0 cassette, climatiseurs gainables, an\u00e9mostats), r\u00e9glable en plusieurs positions de 0 \u00e0 90\u00b0 et en continu ; solution \u00e9l\u00e9gante pour prot\u00e9ger les personnes du jet d&rsquo;air froid ou chaud.<\/p>\n<p>&nbsp;<\/p>\n<p>&nbsp;<\/p>\n<p style=\"text-align: center;\">Climik Universal a \u00e9t\u00e9 cr\u00e9\u00e9 pour r\u00e9pondre aux exigences croissantes des bureaux et des restaurants o\u00f9 le flux direct d&rsquo;air froid est de moins en moins tol\u00e9r\u00e9. Climik Universal divise le flux d&rsquo;air du climatiseur en jets horizontaux, l&rsquo;air chaud de la pi\u00e8ce monte, ramenant l&rsquo;air froid vers le bas de mani\u00e8re plus uniforme.<\/p>\n","protected":false},"excerpt":{"rendered":"<p style=\"text-align: center;\">D\u00e9flecteur universel pour tous les climatiseurs, r\u00e9glable en continu et modulaire en blanc Abs<\/p>\n","protected":false},"featured_media":1415,"template":"","meta":[],"product_brand":[],"product_cat":[206,155,189,238],"product_tag":[],"class_list":{"0":"post-2061","1":"product","2":"type-product","3":"status-publish","4":"has-post-thumbnail","6":"product_cat-deflecteur-climatiseur-split","7":"product_cat-deflecteur-pour-conditionnement-canalise","8":"product_cat-deflecteurs-pour-climatiseurs-a-cassette","9":"product_cat-deflecteurs-pour-climatiseurs-fan-coil","10":"product_shipping_class-1-fr","12":"first","13":"instock","14":"taxable","15":"shipping-taxable","16":"purchasable","17":"product-type-simple"},"_links":{"self":[{"href":"https:\/\/www.climik.it\/fr\/wp-json\/wp\/v2\/product\/2061","targetHints":{"allow":["GET"]}}],"collection":[{"href":"https:\/\/www.climik.it\/fr\/wp-json\/wp\/v2\/product"}],"about":[{"href":"https:\/\/www.climik.it\/fr\/wp-json\/wp\/v2\/types\/product"}],"wp:featuredmedia":[{"embeddable":true,"href":"https:\/\/www.climik.it\/fr\/wp-json\/wp\/v2\/media\/1415"}],"wp:attachment":[{"href":"https:\/\/www.climik.it\/fr\/wp-json\/wp\/v2\/media?parent=2061"}],"wp:term":[{"taxonomy":"product_brand","embeddable":true,"href":"https:\/\/www.climik.it\/fr\/wp-json\/wp\/v2\/product_brand?post=2061"},{"taxonomy":"product_cat","embeddable":true,"href":"https:\/\/www.climik.it\/fr\/wp-json\/wp\/v2\/product_cat?post=2061"},{"taxonomy":"product_tag","embeddable":true,"href":"https:\/\/www.climik.it\/fr\/wp-json\/wp\/v2\/product_tag?post=2061"}],"curies":[{"name":"wp","href":"https:\/\/api.w.org\/{rel}","templated":true}]}}