{"id":2049,"date":"2021-03-16T11:15:46","date_gmt":"2021-03-16T10:15:46","guid":{"rendered":"https:\/\/www.climik.it\/prodotto\/deflecteur-cassette-climik-quadro-kit-en-plastique\/"},"modified":"2025-07-11T12:07:11","modified_gmt":"2025-07-11T10:07:11","slug":"deflecteur-cassette-climik-quadro-kit-en-plastique","status":"publish","type":"product","link":"https:\/\/www.climik.it\/fr\/prodotto\/deflecteur-cassette-climik-quadro-kit-en-plastique\/","title":{"rendered":"D\u00e9flecteur cassette Climik Quadro kit en plastique"},"content":{"rendered":"<p style=\"text-align: center;\">Gr\u00e2ce \u00e0 son design (mod\u00e8le d\u00e9pos\u00e9) le d\u00e9flecteur pour climatiseurs \u00e0 cassette Climik Quadro, il d\u00e9place le premier jet d\u2019air glac\u00e9 du climatiseur vers le plafond de la pi\u00e8ce, l\u2019air chaud de la pi\u00e8ce monte en faisant descendre l\u2019air froid de mani\u00e8re plus homog\u00e8ne.<\/p>\n<p style=\"text-align: center;\">Il suffit de deux minutes pour obtenir un environnement sain sans zones froides dangereuses, pour travailler et vivre dans un endroit plus s\u00fbr<\/p>\n<p style=\"text-align: center;\">[embedyt] http:\/\/www.youtube.com\/watch?v=3RCo6tgIChQ[\/embedyt]<\/p>\n<p style=\"text-align: center;\">D\u00e9couvrez les autres d\u00e9flecteurs Climik\u00a0:\u00a0http:\/\/www.climik.it\/shop\/<\/p>\n","protected":false},"excerpt":{"rendered":"<p style=\"text-align: center;\">Il est install\u00e9 sans d\u00e9monter le climatiseur ou les panneaux,<\/p>\n<p style=\"text-align: center;\"><span style=\"line-height: 1.5;\">structure en plastique blanc brillant.\u00a0<\/span><\/p>\n","protected":false},"featured_media":1173,"template":"","meta":[],"product_brand":[],"product_cat":[189],"product_tag":[],"class_list":{"0":"post-2049","1":"product","2":"type-product","3":"status-publish","4":"has-post-thumbnail","6":"product_cat-deflecteurs-pour-climatiseurs-a-cassette","7":"product_shipping_class-1-fr","9":"first","10":"instock","11":"taxable","12":"shipping-taxable","13":"purchasable","14":"product-type-simple"},"_links":{"self":[{"href":"https:\/\/www.climik.it\/fr\/wp-json\/wp\/v2\/product\/2049","targetHints":{"allow":["GET"]}}],"collection":[{"href":"https:\/\/www.climik.it\/fr\/wp-json\/wp\/v2\/product"}],"about":[{"href":"https:\/\/www.climik.it\/fr\/wp-json\/wp\/v2\/types\/product"}],"wp:featuredmedia":[{"embeddable":true,"href":"https:\/\/www.climik.it\/fr\/wp-json\/wp\/v2\/media\/1173"}],"wp:attachment":[{"href":"https:\/\/www.climik.it\/fr\/wp-json\/wp\/v2\/media?parent=2049"}],"wp:term":[{"taxonomy":"product_brand","embeddable":true,"href":"https:\/\/www.climik.it\/fr\/wp-json\/wp\/v2\/product_brand?post=2049"},{"taxonomy":"product_cat","embeddable":true,"href":"https:\/\/www.climik.it\/fr\/wp-json\/wp\/v2\/product_cat?post=2049"},{"taxonomy":"product_tag","embeddable":true,"href":"https:\/\/www.climik.it\/fr\/wp-json\/wp\/v2\/product_tag?post=2049"}],"curies":[{"name":"wp","href":"https:\/\/api.w.org\/{rel}","templated":true}]}}