{"id":2021,"date":"2021-03-24T11:15:57","date_gmt":"2021-03-16T10:15:57","guid":{"rendered":"https:\/\/www.climik.it\/prodotto\/deflecteurs-conditionnement-avec-anemosthats-climik-cubo\/"},"modified":"2024-07-19T08:57:53","modified_gmt":"2024-07-19T06:57:53","slug":"deflecteurs-conditionnement-avec-anemosthats-climik-cubo","status":"publish","type":"product","link":"https:\/\/www.climik.it\/fr\/prodotto\/deflecteurs-conditionnement-avec-anemosthats-climik-cubo\/","title":{"rendered":"D\u00e9flecteur de climatisation avec an\u00e9mostats Climik Cubo 70 \u00d7 70 \u00d7 3 cm"},"content":{"rendered":"<p style=\"text-align: center;\">Cubo Climik a \u00e9t\u00e9 cr\u00e9\u00e9 pour r\u00e9pondre aux exigences croissantes des bureaux et des restaurants o\u00f9 le flux direct d&rsquo;air froid est de moins en moins tol\u00e9r\u00e9. Cubo Climik divise le flux d&rsquo;air froid du climatiseur en quatre jets horizontaux, l&rsquo;air chaud de la pi\u00e8ce monte et fait descendre l&rsquo;air froid de mani\u00e8re plus uniforme.<\/p>\n<p style=\"text-align: center;\"><small><strong>Note :<\/strong> Les supports de fixation pour l&rsquo;installation du d\u00e9flecteur Climik Cube <strong>ne sont pas inclus<\/strong> dans l&#8217;emballage. Ils doivent \u00eatre achet\u00e9s s\u00e9par\u00e9ment.<\/small><\/p>\n<h4 style=\"text-align: center;\">Le lieu de travail deviendra un environnement sain, sans points froids dangereux.<\/h4>\n","protected":false},"excerpt":{"rendered":"<p style=\"text-align: center;\">D\u00e9flecteur pour an\u00e9mostats<\/p>\n<p style=\"text-align: center;\">Panneau en aluminium peint en blanc<\/p>\n","protected":false},"featured_media":2022,"template":"","meta":[],"product_brand":[],"product_cat":[155],"product_tag":[],"class_list":{"0":"post-2021","1":"product","2":"type-product","3":"status-publish","4":"has-post-thumbnail","6":"product_cat-deflecteur-pour-conditionnement-canalise","7":"product_shipping_class-2-fr","9":"first","10":"instock","11":"taxable","12":"shipping-taxable","13":"purchasable","14":"product-type-simple"},"_links":{"self":[{"href":"https:\/\/www.climik.it\/fr\/wp-json\/wp\/v2\/product\/2021","targetHints":{"allow":["GET"]}}],"collection":[{"href":"https:\/\/www.climik.it\/fr\/wp-json\/wp\/v2\/product"}],"about":[{"href":"https:\/\/www.climik.it\/fr\/wp-json\/wp\/v2\/types\/product"}],"wp:featuredmedia":[{"embeddable":true,"href":"https:\/\/www.climik.it\/fr\/wp-json\/wp\/v2\/media\/2022"}],"wp:attachment":[{"href":"https:\/\/www.climik.it\/fr\/wp-json\/wp\/v2\/media?parent=2021"}],"wp:term":[{"taxonomy":"product_brand","embeddable":true,"href":"https:\/\/www.climik.it\/fr\/wp-json\/wp\/v2\/product_brand?post=2021"},{"taxonomy":"product_cat","embeddable":true,"href":"https:\/\/www.climik.it\/fr\/wp-json\/wp\/v2\/product_cat?post=2021"},{"taxonomy":"product_tag","embeddable":true,"href":"https:\/\/www.climik.it\/fr\/wp-json\/wp\/v2\/product_tag?post=2021"}],"curies":[{"name":"wp","href":"https:\/\/api.w.org\/{rel}","templated":true}]}}