{"id":2000,"date":"2021-03-16T11:16:00","date_gmt":"2021-03-16T10:16:00","guid":{"rendered":"https:\/\/www.climik.it\/prodotto\/deflecteur-pour-climatiseur-fan-coil-climik-fan-110-cm\/"},"modified":"2021-09-01T09:51:05","modified_gmt":"2021-09-01T07:51:05","slug":"deflecteur-pour-climatiseur-fan-coil-climik-fan-110-cm","status":"publish","type":"product","link":"https:\/\/www.climik.it\/fr\/prodotto\/deflecteur-pour-climatiseur-fan-coil-climik-fan-110-cm\/","title":{"rendered":"D\u00e9flecteur pour climatiseur fan coil Climik Fan 110 cm"},"content":{"rendered":"<p style=\"text-align: center;\"><span style=\"text-align: justify; line-height: 1.5;\">Gr\u00e2ce \u00e0 son design (mod\u00e8le d\u00e9pos\u00e9) le d\u00e9flecteur pour climatiseurs coil fan climik fan, d\u00e9place le jet d\u2019air glac\u00e9 du climatiseur vers le plafond de la pi\u00e8ce, <\/span>l\u2019air chaud de la pi\u00e8ce monte en faisant descendre l\u2019air froid de fa\u00e7on plus homog\u00e8ne.<\/p>\n<p style=\"text-align: center;\"><span style=\"text-align: justify; line-height: 1.5;\">Deux minutes suffiront pour obtenir un environnement sain sans<\/span><span style=\"text-align: justify; line-height: 1.5;\">zones froides dangereuses, pour travailler et vivre dans un endroit<\/span>pi\u00f9 sicuro<\/p>\n<p style=\"text-align: center;\">D\u00e9couvrez les autres d\u00e9flecteurs Climik\u00a0: \u00a0http:\/\/www.climik.it\/shop\/<\/p>\n<p style=\"text-align: center;\">\n","protected":false},"excerpt":{"rendered":"<p style=\"text-align: center;\">D\u00e9flecteur pour climatiseurs fon coil Climik fan<\/p>\n<p style=\"text-align: center;\">s\u2019installe sans d\u00e9monter le climatiseur<\/p>\n<p style=\"text-align: center;\"><span style=\"line-height: 1.5;\">structure en acier peint de couleur blanche.\u00a0<\/span><\/p>\n<h5 style=\"text-align: center;\"><\/h5>\n","protected":false},"featured_media":2002,"template":"","meta":[],"product_brand":[],"product_cat":[238],"product_tag":[],"class_list":{"0":"post-2000","1":"product","2":"type-product","3":"status-publish","4":"has-post-thumbnail","6":"product_cat-deflecteurs-pour-climatiseurs-fan-coil","7":"product_shipping_class-fan-fr","9":"first","10":"instock","11":"taxable","12":"shipping-taxable","13":"purchasable","14":"product-type-simple"},"_links":{"self":[{"href":"https:\/\/www.climik.it\/fr\/wp-json\/wp\/v2\/product\/2000","targetHints":{"allow":["GET"]}}],"collection":[{"href":"https:\/\/www.climik.it\/fr\/wp-json\/wp\/v2\/product"}],"about":[{"href":"https:\/\/www.climik.it\/fr\/wp-json\/wp\/v2\/types\/product"}],"wp:featuredmedia":[{"embeddable":true,"href":"https:\/\/www.climik.it\/fr\/wp-json\/wp\/v2\/media\/2002"}],"wp:attachment":[{"href":"https:\/\/www.climik.it\/fr\/wp-json\/wp\/v2\/media?parent=2000"}],"wp:term":[{"taxonomy":"product_brand","embeddable":true,"href":"https:\/\/www.climik.it\/fr\/wp-json\/wp\/v2\/product_brand?post=2000"},{"taxonomy":"product_cat","embeddable":true,"href":"https:\/\/www.climik.it\/fr\/wp-json\/wp\/v2\/product_cat?post=2000"},{"taxonomy":"product_tag","embeddable":true,"href":"https:\/\/www.climik.it\/fr\/wp-json\/wp\/v2\/product_tag?post=2000"}],"curies":[{"name":"wp","href":"https:\/\/api.w.org\/{rel}","templated":true}]}}