{"id":1983,"date":"2021-03-16T11:16:00","date_gmt":"2021-03-16T10:16:00","guid":{"rendered":"https:\/\/www.climik.it\/prodotto\/deflecteur-pour-climatiseur-fan-coil-climik-fan-130-cm\/"},"modified":"2024-07-17T10:06:50","modified_gmt":"2024-07-17T08:06:50","slug":"deflecteur-pour-climatiseur-fan-coil-climik-fan-130-cm","status":"publish","type":"product","link":"https:\/\/www.climik.it\/fr\/prodotto\/deflecteur-pour-climatiseur-fan-coil-climik-fan-130-cm\/","title":{"rendered":"Climik Fan Coil Air Conditioner Deflector 110cm"},"content":{"rendered":"<p style=\"text-align: center;\">Gr\u00e2ce \u00e0 sa conception (mod\u00e8le d\u00e9pos\u00e9), le d\u00e9flecteur de climatiseur Climik Fan fan coil d\u00e9place le jet d&rsquo;air froid du climatiseur vers le plafond de la pi\u00e8ce, l&rsquo;air chaud de la pi\u00e8ce monte et l&rsquo;air froid descend plus uniform\u00e9ment.<\/p>\n<p>&nbsp;<\/p>\n<p style=\"text-align: center;\">Il suffit de deux minutes pour obtenir un environnement sain, sans points froids dangereux, pour travailler et vivre dans un endroit plus s\u00fbr.<\/p>\n","protected":false},"excerpt":{"rendered":"<p style=\"text-align: center;\">D\u00e9flecteur pour climatiseurs \u00e0 ventilateur Climik<\/p>\n<p style=\"text-align: center;\">peut \u00eatre install\u00e9 sans d\u00e9monter le climatiseur<\/p>\n<p style=\"text-align: center;\"><span style=\"line-height: 1.5;\">Structure en acier peint en blanc. <\/span><\/p>\n<h5 style=\"text-align: center;\"><\/h5>\n","protected":false},"featured_media":2002,"template":"","meta":[],"product_brand":[],"product_cat":[238],"product_tag":[],"class_list":{"0":"post-1983","1":"product","2":"type-product","3":"status-publish","4":"has-post-thumbnail","6":"product_cat-deflecteurs-pour-climatiseurs-fan-coil","7":"product_shipping_class-fan-fr","9":"first","10":"instock","11":"taxable","12":"shipping-taxable","13":"purchasable","14":"product-type-simple"},"_links":{"self":[{"href":"https:\/\/www.climik.it\/fr\/wp-json\/wp\/v2\/product\/1983","targetHints":{"allow":["GET"]}}],"collection":[{"href":"https:\/\/www.climik.it\/fr\/wp-json\/wp\/v2\/product"}],"about":[{"href":"https:\/\/www.climik.it\/fr\/wp-json\/wp\/v2\/types\/product"}],"wp:featuredmedia":[{"embeddable":true,"href":"https:\/\/www.climik.it\/fr\/wp-json\/wp\/v2\/media\/2002"}],"wp:attachment":[{"href":"https:\/\/www.climik.it\/fr\/wp-json\/wp\/v2\/media?parent=1983"}],"wp:term":[{"taxonomy":"product_brand","embeddable":true,"href":"https:\/\/www.climik.it\/fr\/wp-json\/wp\/v2\/product_brand?post=1983"},{"taxonomy":"product_cat","embeddable":true,"href":"https:\/\/www.climik.it\/fr\/wp-json\/wp\/v2\/product_cat?post=1983"},{"taxonomy":"product_tag","embeddable":true,"href":"https:\/\/www.climik.it\/fr\/wp-json\/wp\/v2\/product_tag?post=1983"}],"curies":[{"name":"wp","href":"https:\/\/api.w.org\/{rel}","templated":true}]}}