{"id":1955,"date":"2021-05-25T11:00:07","date_gmt":"2021-05-25T09:00:07","guid":{"rendered":"https:\/\/www.climik.it\/prodotto\/deflecteur-climatiseur-split-climik-extra-80-x-30-cm\/"},"modified":"2026-02-04T11:33:23","modified_gmt":"2026-02-04T10:33:23","slug":"deflecteur-climatiseur-split-climik-extra-80-x-30-cm","status":"publish","type":"product","link":"https:\/\/www.climik.it\/fr\/prodotto\/deflecteur-climatiseur-split-climik-extra-80-x-30-cm\/","title":{"rendered":"Climik Extra 80 x 30 cm d\u00e9flecteur pour climatiseur split"},"content":{"rendered":"<p style=\"text-align: center;\">Climik Extra est le d\u00e9flecteur sp\u00e9cialement con\u00e7u pour les petits climatiseurs split, moyen et grand. Gr\u00e2ce \u00e0 sa forme \u00e0 double courbure, il d\u00e9place le jet d&rsquo;air glac\u00e9 du climatiseur vers le plafond de la pi\u00e8ce, ce qui permet \u00e0 l&rsquo;air chaud de la pi\u00e8ce de s&rsquo;\u00e9lever et \u00e0 l&rsquo;air froid de descendre uniform\u00e9ment.<\/p>\n<p>&nbsp;<\/p>\n<p style=\"text-align: center;\">Climik Extra est id\u00e9al pour les environnements domestiques et professionnels. En deux minutes seulement, il transforme la pi\u00e8ce en un espace confortable, offrant une exp\u00e9rience de bien-\u00eatre sans compromis \u00e0 tous les spectateurs.<\/p>\n<p>&nbsp;<\/p>\n<p style=\"text-align: center;\">Il est important de souligner que l&rsquo;installation de d\u00e9flecteurs trop grands peut amener le climatiseur \u00e0 lire la temp\u00e9rature sur l&rsquo;objet lui-m\u00eame, plut\u00f4t que dans la pi\u00e8ce. Toute la gamme de baffles Climik est l&rsquo;alli\u00e9e parfaite, selon la saison, pour lutter contre la chaleur et le froid et cr\u00e9er un climat ambiant harmonieux. Les d\u00e9flecteurs Climik sont con\u00e7us pour \u00eatre facilement install\u00e9s. Il est ainsi possible de transformer rapidement n&rsquo;importe quelle pi\u00e8ce en un espace dot\u00e9 d&rsquo;un syst\u00e8me de climatisation efficace pour tous les utilisateurs.<\/p>\n","protected":false},"excerpt":{"rendered":"<p style=\"text-align: center;\">Climik Extra est id\u00e9al pour les environnements domestiques et professionnels. En seulement<br \/>\ndeux minutes, il est capable de transformer l&rsquo;environnement en un espace confortable, offrant<br \/>\nune exp\u00e9rience de bien-\u00eatre sans compromis pour toutes les personnes pr\u00e9sentes.<\/p>\n","protected":false},"featured_media":1956,"template":"","meta":[],"product_brand":[],"product_cat":[206],"product_tag":[],"class_list":{"0":"post-1955","1":"product","2":"type-product","3":"status-publish","4":"has-post-thumbnail","6":"product_cat-deflecteur-climatiseur-split","7":"product_shipping_class-1-fr","9":"first","10":"instock","11":"taxable","12":"shipping-taxable","13":"purchasable","14":"product-type-simple"},"_links":{"self":[{"href":"https:\/\/www.climik.it\/fr\/wp-json\/wp\/v2\/product\/1955","targetHints":{"allow":["GET"]}}],"collection":[{"href":"https:\/\/www.climik.it\/fr\/wp-json\/wp\/v2\/product"}],"about":[{"href":"https:\/\/www.climik.it\/fr\/wp-json\/wp\/v2\/types\/product"}],"wp:featuredmedia":[{"embeddable":true,"href":"https:\/\/www.climik.it\/fr\/wp-json\/wp\/v2\/media\/1956"}],"wp:attachment":[{"href":"https:\/\/www.climik.it\/fr\/wp-json\/wp\/v2\/media?parent=1955"}],"wp:term":[{"taxonomy":"product_brand","embeddable":true,"href":"https:\/\/www.climik.it\/fr\/wp-json\/wp\/v2\/product_brand?post=1955"},{"taxonomy":"product_cat","embeddable":true,"href":"https:\/\/www.climik.it\/fr\/wp-json\/wp\/v2\/product_cat?post=1955"},{"taxonomy":"product_tag","embeddable":true,"href":"https:\/\/www.climik.it\/fr\/wp-json\/wp\/v2\/product_tag?post=1955"}],"curies":[{"name":"wp","href":"https:\/\/api.w.org\/{rel}","templated":true}]}}