{"id":1801,"date":"2021-03-16T12:09:26","date_gmt":"2021-03-16T11:09:26","guid":{"rendered":"https:\/\/www.climik.it\/punti-vendita\/"},"modified":"2024-07-16T15:35:11","modified_gmt":"2024-07-16T13:35:11","slug":"magasins","status":"publish","type":"page","link":"https:\/\/www.climik.it\/fr\/magasins\/","title":{"rendered":"Magasins"},"content":{"rendered":"\t\t<div data-elementor-type=\"wp-page\" data-elementor-id=\"1801\" class=\"elementor elementor-1801 elementor-232\" data-elementor-post-type=\"page\">\n\t\t\t\t\t\t<section class=\"elementor-section elementor-top-section elementor-element elementor-element-eb7ba96 elementor-section-content-middle elementor-section-boxed elementor-section-height-default elementor-section-height-default\" data-id=\"eb7ba96\" data-element_type=\"section\" data-e-type=\"section\">\n\t\t\t\t\t\t<div class=\"elementor-container elementor-column-gap-default\">\n\t\t\t\t\t<div class=\"elementor-column elementor-col-50 elementor-top-column elementor-element elementor-element-fbad3e9\" data-id=\"fbad3e9\" data-element_type=\"column\" data-e-type=\"column\">\n\t\t\t<div class=\"elementor-widget-wrap elementor-element-populated\">\n\t\t\t\t\t\t<div class=\"elementor-element elementor-element-20161d1 elementor-widget elementor-widget-heading\" data-id=\"20161d1\" data-element_type=\"widget\" data-e-type=\"widget\" data-widget_type=\"heading.default\">\n\t\t\t\t<div class=\"elementor-widget-container\">\n\t\t\t\t\t<h2 class=\"elementor-heading-title elementor-size-default\">Dove comprare un deflettore per condizionatori CLIMIK?<\/h2>\t\t\t\t<\/div>\n\t\t\t\t<\/div>\n\t\t\t\t\t<\/div>\n\t\t<\/div>\n\t\t\t\t<div class=\"elementor-column elementor-col-50 elementor-top-column elementor-element elementor-element-ee08b1f\" data-id=\"ee08b1f\" data-element_type=\"column\" data-e-type=\"column\">\n\t\t\t<div class=\"elementor-widget-wrap elementor-element-populated\">\n\t\t\t\t\t\t<div class=\"elementor-element elementor-element-f9c80e5 elementor-widget elementor-widget-text-editor\" data-id=\"f9c80e5\" data-element_type=\"widget\" data-e-type=\"widget\" data-widget_type=\"text-editor.default\">\n\t\t\t\t<div class=\"elementor-widget-container\">\n\t\t\t\t\t\t\t\t\t<p>I Deflettori Climik sono in vendita anche nei negozi <a href=\"https:\/\/www.leroymerlin.it\/ricerca?q=deflettore%20condizionatore&amp;page=1\" target=\"_blank\" rel=\"noopener\">Leroy Merlin<\/a> e <a href=\"https:\/\/www.arbo.it\/it\/prodotti?ts=climik\" target=\"_blank\" rel=\"noopener\">Arbo<\/a>.<\/p>\n<p>Cerca il punto vendita pi\u00f9 vicino oppure manda una richiesta a <a href=\"mailto:info@climik.it\" target=\"_blank\" rel=\"noopener\">info@climik.it<\/a><\/p>\n\t\t\t\t\t\t\t\t<\/div>\n\t\t\t\t<\/div>\n\t\t\t\t\t<\/div>\n\t\t<\/div>\n\t\t\t\t\t<\/div>\n\t\t<\/section>\n\t\t\t\t<section class=\"elementor-section elementor-top-section elementor-element elementor-element-7868b12 elementor-section-boxed elementor-section-height-default elementor-section-height-default\" data-id=\"7868b12\" data-element_type=\"section\" data-e-type=\"section\">\n\t\t\t\t\t\t<div class=\"elementor-container elementor-column-gap-default\">\n\t\t\t\t\t<div class=\"elementor-column elementor-col-100 elementor-top-column elementor-element elementor-element-380e308\" data-id=\"380e308\" data-element_type=\"column\" data-e-type=\"column\">\n\t\t\t<div class=\"elementor-widget-wrap elementor-element-populated\">\n\t\t\t\t\t\t<div class=\"elementor-element elementor-element-efe5ccf elementor-widget elementor-widget-text-editor\" data-id=\"efe5ccf\" data-element_type=\"widget\" data-e-type=\"widget\" data-widget_type=\"text-editor.default\">\n\t\t\t\t<div class=\"elementor-widget-container\">\n\t\t\t\t\t\t\t\t\t<link rel='stylesheet' id='asl-plugin-css'  href='https:\/\/www.climik.it\/wp-content\/plugins\/agile-store-locator\/public\/css\/tmpl-1\/asl-1-7.css?v=4.6.22' type='text\/css' media='all' \/>\n<style type=\"text\/css\">\n#asl-storelocator.asl-p-cont .Status_filter .onoffswitch-inner::before{content: \"OUVRIR\" !important}\n#asl-storelocator.asl-p-cont .Status_filter .onoffswitch-inner::after{content: \"ALL\" !important}\n#asl-storelocator.container.storelocator-main.asl-p-cont .asl-loc-sec .asl-panel {order: 0;}\n<\/style>\n<div id=\"asl-storelocator\" class=\"container asl-template-1 storelocator-main asl-p-cont asl-layout-0 asl-bg-0 asl-text-1 no-asl-filters full-width \">\n  <div class=\"row asl-loc-sec\">\n  <div class=\"col-sm-8 col-xs-12 asl-map\">\n    <div class=\"store-locator\">\n      <div id=\"asl-map-canv\"><\/div>\n      <!-- agile-modal -->\n      <div id=\"agile-modal-direction\" class=\"agile-modal fade\">\n        <div class=\"agile-modal-backdrop-in\"><\/div>\n        <div class=\"agile-modal-dialog in\">\n          <div class=\"agile-modal-content\">\n            <div class=\"agile-modal-header\">\n              <button type=\"button\" class=\"close-directions close\" data-dismiss=\"agile-modal\" aria-label=\"Close\"><span aria-hidden=\"true\">&times;<\/span><\/button>\n              <h4>Get Your Directions<\/h4>\n            <\/div>\n            <div class=\"form-group\">\n              <label for=\"frm-lbl\">De:<\/label>\n              <input type=\"text\" class=\"form-control frm-place\" id=\"frm-lbl\" placeholder=\"Saisissez un lieu\">\n            <\/div>\n            <div class=\"form-group\">\n              <label for=\"frm-lbl\">\u00c0:<\/label>\n              <input readonly=\"true\" type=\"text\"  class=\"directions-to form-control\" id=\"to-lbl\" placeholder=\"Prepopulated Destination Address\">\n            <\/div>\n            <div class=\"form-group\">\n              <span for=\"frm-lbl\">Afficher Distance Dans<\/span>\n              <label class=\"checkbox-inline\">\n                <input type=\"radio\" name=\"dist-type\" id=\"rbtn-km\" value=\"0\"> KM              <\/label>\n              <label class=\"checkbox-inline\">\n                <input type=\"radio\" name=\"dist-type\" checked id=\"rbtn-mile\" value=\"1\"> Mile              <\/label>\n            <\/div>\n            <div class=\"form-group\">\n              <button type=\"submit\" class=\"btn btn-default btn-submit\">OBTENIR DES DIRECTIONS<\/button>\n            <\/div>\n          <\/div>\n        <\/div>\n      <\/div>\n\n      <div id=\"asl-geolocation-agile-modal\" class=\"agile-modal fade\">\n        <div class=\"agile-modal-backdrop-in\"><\/div>\n        <div class=\"agile-modal-dialog in\">\n          <div class=\"agile-modal-content\">\n            <button type=\"button\" class=\"close-directions close\" data-dismiss=\"agile-modal\" aria-label=\"Close\"><span aria-hidden=\"true\">&times;<\/span><\/button>\n                          <div class=\"form-group\">\n                <h4>Utiliser mon emplacement pour trouver le fournisseur de services le plus pr\u00e8s de moi<\/h4>\n              <\/div>\n              <div class=\"form-group text-center\">\n                <button type=\"button\" id=\"asl-btn-geolocation\" class=\"btn btn-block btn-default\">UTILISATION LOCATION<\/button>\n              <\/div>\n                        <\/div>\n        <\/div>\n      <\/div>\n      <!-- agile-modal end -->\n    <\/div>\n  <\/div>\n  <div class=\"col-sm-4 col-xs-12 asl-panel\">\n        \n    <div class=\"col-xs-12 inside search_filter\">\n      <div class=\"asl-store-search\">\n          <input type=\"text\" value=\"\" id=\"auto-complete-search\" class=\"form-control asl-search-address\" placeholder=\"\">\n          <span><i class=\"glyphicon icon-search\" title=\"Chercher Location\"><\/i><\/span>\n      <\/div>\n    <\/div>\n        <!--  Panel Listing -->\n    <div id=\"asl-list\" class=\"storelocator-panel\">\n      <div class=\"asl-overlay\" id=\"map-loading\">\n        <div class=\"white\"><\/div>\n        <div class=\"loading\"><img decoding=\"async\" style=\"margin-right: 10px;\" class=\"loader\" src=\"https:\/\/www.climik.it\/wp-content\/plugins\/agile-store-locator\/public\/Logo\/loading.gif\">Chargement&#8230;<\/div>\n      <\/div>\n      <div class=\"panel-cont\">\n          <div class=\"panel-inner\">\n            <div class=\"col-md-12 asl-p-0\">\n                  <ul id=\"p-statelist\" role=\"tablist\" aria-multiselectable=\"true\">\n                <\/ul>\n            <\/div>\n          <\/div>\n      <\/div>\n      <div class=\"directions-cont hide\">\n        <div class=\"agile-modal-header\">\n          <button type=\"button\" class=\"close\"><span aria-hidden=\"true\">&times;<\/span><\/button>\n          <h4>Directions<\/h4>\n        <\/div>\n        <div class=\"rendered-directions\"><\/div>\n      <\/div>\n    <\/div>\n  <\/div> \n<\/div>\n<\/div>\n<!-- This Plugin is developed by \"Agile Store Locator for WordPress\" https:\/\/agilestorelocator.com-->\n<script id=\"tmpl_list_item\" type=\"text\/x-jsrender\">\n  <div class=\"sl-item\" data-id=\"{{:id}}\">\n    <div class=\"row\">\n      <div class=\"{{if path}}col-md-9 col-xs-9{{else}}col-md-12{{\/if}} addr-sec\">\n        <p class=\"p-title\">{{:title}}<\/p>\n        <p class=\"p-area\">{{:address}}<\/p>\n        {{if phone}}\n        <p class=\"p-area\"><span class=\"glyphicon icon-phone-outline\"><\/span>{{:phone}}<\/p>\n        {{\/if}}\n        {{if email}}\n        <p class=\"p-area\"><span class=\"glyphicon icon-at\"><\/span><a href=\"mailto:{{:email}}\" style=\"text-transform: lowercase;color:inherit;\">{{:email}}<\/a><\/p>\n        {{\/if}}\n        {{if c_names}}\n        <p class=\"p-category\"><span class=\"glyphicon icon-tag\"><\/span> {{:c_names}}<\/p>\n        {{\/if}}\n        {{if open_hours}}\n        <p class=\"p-time\"><span class=\"glyphicon icon-clock-1\"><\/span> {{:open_hours}}<\/p>\n        {{\/if}}\n        {{if str_brand}}\n        <p class=\"p-description\"> {{:str_brand}}<\/p>\n        {{\/if}}\n      <\/div>\n      {{if path}}\n      <div class=\"col-md-3 col-xs-3\">\n        <div class=\"item-thumb\">\n            <a class=\"thumb-a\">\n                <img decoding=\"async\" src=\"https:\/\/www.climik.it\/wp-content\/uploads\/agile-store-locator\/Logo\/{{:path}}\" alt=\"logo\">\n            <\/a>\n        <\/div>\n      <\/div>\n      {{\/if}}\n    <\/div>\n    <div class=\"row mt-10\">\n        <div class=\"col-xs-6\">\n          <p class=\"p-direction\"><button type=\"button\" class=\"btn btn-asl s-direction\">Directions<\/button><\/p>\n        <\/div>\n        {{if dist_str}}\n        <div class=\"col-xs-6\">\n            <span class=\"s-distance\">{{:dist_str}}<\/span>\n        <\/div>\n        {{\/if}}\n    <\/div>\n    {{if description_2}}\n    <div class=\"row\">\n      <div class=\"col-xs-12\">\n        <a onclick=\"javascript:jQuery(this).next().next().slideToggle(100);jQuery(this).next().show();jQuery(this).hide()\" class=\"btn btn-default asl_Readmore_button\">Lire la suite<\/a>\n        <a onclick=\"javascript:jQuery(this).next().slideToggle(100);jQuery(this).prev().show();jQuery(this).hide()\" style=\"display:none\" class=\"btn btn-default asl_Readmore_button\">Cacher les d\u00e9tails<\/a>\n        <p class=\"more_info\" style=\"display:none\">{{:description_2}}<\/p>\n      <\/div>\n    <\/div>\n    {{\/if}}\n  <\/div>\n<\/script>\n\n<script id=\"asl_too_tip\" type=\"text\/x-jsrender\">\n{{if path}}\n<div class=\"image_map_popup\" style=\"display:none\"><img decoding=\"async\" src=\"{{:URL}}Logo\/{{:path}}\" \/><\/div>\n{{\/if}}\n  <h3>{{:title}}<\/h3>\n  <div class=\"infowindowContent\">\n    <div class=\"info-box-cont\">\n      <div class=\"row\">\n        <div class=\"col-md-12\">\n          <div class=\"{{if path}}info-addr{{else}}info-addr w-100-p{{\/if}}\">\n            <div class=\"address\"><span class=\"glyphicon icon-location\"><\/span><span>{{:address}}<\/span><\/div>\n            {{if phone}}\n            <div class=\"phone\"><span class=\"glyphicon icon-phone-outline\"><\/span><a href=\"tel:{{:phone}}\">{{:phone}}<\/a><\/div>\n            {{\/if}}\n            {{if email}}\n            <div class=\"p-time\"><span class=\"glyphicon icon-at\"><\/span><a href=\"mailto:{{:email}}\" style=\"text-transform: lowercase\">{{:email}}<\/a><\/div>\n            {{\/if}}\n          <\/div>\n          {{if path}}\n          <div class=\"img_box\" style=\"display:none\">\n            <img decoding=\"async\" src=\"{{:URL}}Logo\/{{:path}}\" alt=\"logo\">\n          <\/div>\n          {{\/if}}\n        <\/div>\n      <\/div>\n      <div class=\"row\">\n        <div class=\"col-md-12 asl-tt-details\">\n          {{if dist_str}}\n          <div class=\"distance\">Distance: {{:dist_str}}<\/div>\n          {{\/if}}\n        <\/div>\n      <\/div>\n    <\/div>\n  <div class=\"asl-buttons\"><\/div>\n<\/div><div class=\"arrow-down\"><\/div>\n<\/script>\n\n\t\t\t\t\t\t\t\t<\/div>\n\t\t\t\t<\/div>\n\t\t\t\t\t<\/div>\n\t\t<\/div>\n\t\t\t\t\t<\/div>\n\t\t<\/section>\n\t\t\t\t<section class=\"elementor-section elementor-top-section elementor-element elementor-element-aac3cf5 elementor-section-content-middle elementor-section-boxed elementor-section-height-default elementor-section-height-default\" data-id=\"aac3cf5\" data-element_type=\"section\" data-e-type=\"section\">\n\t\t\t\t\t\t<div class=\"elementor-container elementor-column-gap-default\">\n\t\t\t\t\t<div class=\"elementor-column elementor-col-50 elementor-top-column elementor-element elementor-element-7c0ca68\" data-id=\"7c0ca68\" data-element_type=\"column\" data-e-type=\"column\">\n\t\t\t<div class=\"elementor-widget-wrap elementor-element-populated\">\n\t\t\t\t\t\t<div class=\"elementor-element elementor-element-fedb20b elementor-widget elementor-widget-image\" data-id=\"fedb20b\" data-element_type=\"widget\" data-e-type=\"widget\" data-widget_type=\"image.default\">\n\t\t\t\t<div class=\"elementor-widget-container\">\n\t\t\t\t\t\t\t\t\t\t\t\t\t\t\t<img fetchpriority=\"high\" decoding=\"async\" width=\"800\" height=\"600\" src=\"https:\/\/www.climik.it\/wp-content\/uploads\/2021\/04\/fanbox-1.jpg\" class=\"attachment-large size-large wp-image-1804\" alt=\"\" srcset=\"https:\/\/www.climik.it\/wp-content\/uploads\/2021\/04\/fanbox-1.jpg 800w, https:\/\/www.climik.it\/wp-content\/uploads\/2021\/04\/fanbox-1-300x225.jpg 300w, https:\/\/www.climik.it\/wp-content\/uploads\/2021\/04\/fanbox-1-768x576.jpg 768w, https:\/\/www.climik.it\/wp-content\/uploads\/2021\/04\/fanbox-1-600x450.jpg 600w\" sizes=\"(max-width: 800px) 100vw, 800px\" \/>\t\t\t\t\t\t\t\t\t\t\t\t\t\t\t<\/div>\n\t\t\t\t<\/div>\n\t\t\t\t\t<\/div>\n\t\t<\/div>\n\t\t\t\t<div class=\"elementor-column elementor-col-50 elementor-top-column elementor-element elementor-element-526939d\" data-id=\"526939d\" data-element_type=\"column\" data-e-type=\"column\">\n\t\t\t<div class=\"elementor-widget-wrap elementor-element-populated\">\n\t\t\t\t\t\t<div class=\"elementor-element elementor-element-2b99029 elementor-widget elementor-widget-heading\" data-id=\"2b99029\" data-element_type=\"widget\" data-e-type=\"widget\" data-widget_type=\"heading.default\">\n\t\t\t\t<div class=\"elementor-widget-container\">\n\t\t\t\t\t<h2 class=\"elementor-heading-title elementor-size-default\">Vuoi diventare rivenditore?<\/h2>\t\t\t\t<\/div>\n\t\t\t\t<\/div>\n\t\t\t\t<div class=\"elementor-element elementor-element-0295a4f elementor-widget elementor-widget-text-editor\" data-id=\"0295a4f\" data-element_type=\"widget\" data-e-type=\"widget\" data-widget_type=\"text-editor.default\">\n\t\t\t\t<div class=\"elementor-widget-container\">\n\t\t\t\t\t\t\t\t\t<p>Compila il modulo sottostante, verrai contattato appena possibile.<\/p>\n\t\t\t\t\t\t\t\t<\/div>\n\t\t\t\t<\/div>\n\t\t\t\t<div class=\"elementor-element elementor-element-451d80d elementor-button-align-stretch elementor-widget elementor-widget-form\" data-id=\"451d80d\" data-element_type=\"widget\" data-e-type=\"widget\" data-settings=\"{&quot;step_next_label&quot;:&quot;Next&quot;,&quot;step_previous_label&quot;:&quot;Previous&quot;,&quot;button_width&quot;:&quot;100&quot;,&quot;step_type&quot;:&quot;number_text&quot;,&quot;step_icon_shape&quot;:&quot;circle&quot;}\" data-widget_type=\"form.default\">\n\t\t\t\t<div class=\"elementor-widget-container\">\n\t\t\t\t\t\t\t<form class=\"elementor-form\" method=\"post\" name=\"New Form\" aria-label=\"New Form\">\n\t\t\t<input type=\"hidden\" name=\"post_id\" value=\"1801\"\/>\n\t\t\t<input type=\"hidden\" name=\"form_id\" value=\"451d80d\"\/>\n\t\t\t<input type=\"hidden\" name=\"referer_title\" value=\"\" \/>\n\n\t\t\t\n\t\t\t<div class=\"elementor-form-fields-wrapper elementor-labels-above\">\n\t\t\t\t\t\t\t\t<div class=\"elementor-field-type-text elementor-field-group elementor-column elementor-field-group-name elementor-col-50\">\n\t\t\t\t\t\t\t\t\t\t\t\t\t<input size=\"1\" type=\"text\" name=\"form_fields[name]\" id=\"form-field-name\" class=\"elementor-field elementor-size-sm  elementor-field-textual\" placeholder=\"Nome\">\n\t\t\t\t\t\t\t\t\t\t\t<\/div>\n\t\t\t\t\t\t\t\t<div class=\"elementor-field-type-tel elementor-field-group elementor-column elementor-field-group-field_4ecb8ce elementor-col-50\">\n\t\t\t\t\t\t\t<input size=\"1\" type=\"tel\" name=\"form_fields[field_4ecb8ce]\" id=\"form-field-field_4ecb8ce\" class=\"elementor-field elementor-size-sm  elementor-field-textual\" placeholder=\"Telefono\" pattern=\"[0-9()#&amp;+*-=.]+\" title=\"Seuls les caract\u00e8res de num\u00e9ros de t\u00e9l\u00e9phone (#, -, *, etc.) sont accept\u00e9s.\">\n\n\t\t\t\t\t\t<\/div>\n\t\t\t\t\t\t\t\t<div class=\"elementor-field-type-email elementor-field-group elementor-column elementor-field-group-email elementor-col-100 elementor-field-required\">\n\t\t\t\t\t\t\t\t\t\t\t\t\t<input size=\"1\" type=\"email\" name=\"form_fields[email]\" id=\"form-field-email\" class=\"elementor-field elementor-size-sm  elementor-field-textual\" placeholder=\"Email\" required=\"required\">\n\t\t\t\t\t\t\t\t\t\t\t<\/div>\n\t\t\t\t\t\t\t\t<div class=\"elementor-field-type-text elementor-field-group elementor-column elementor-field-group-field_d8081a3 elementor-col-100\">\n\t\t\t\t\t\t\t\t\t\t\t\t\t<input size=\"1\" type=\"text\" name=\"form_fields[field_d8081a3]\" id=\"form-field-field_d8081a3\" class=\"elementor-field elementor-size-sm  elementor-field-textual\" placeholder=\"Messaggio\">\n\t\t\t\t\t\t\t\t\t\t\t<\/div>\n\t\t\t\t\t\t\t\t<div class=\"elementor-field-type-recaptcha elementor-field-group elementor-column elementor-field-group-field_4fc2972 elementor-col-100\">\n\t\t\t\t\t<div class=\"elementor-field\" id=\"form-field-field_4fc2972\"><\/div>\t\t\t\t<\/div>\n\t\t\t\t\t\t\t\t<div class=\"elementor-field-group elementor-column elementor-field-type-submit elementor-col-100 e-form__buttons\">\n\t\t\t\t\t<button class=\"elementor-button elementor-size-sm\" type=\"submit\">\n\t\t\t\t\t\t<span class=\"elementor-button-content-wrapper\">\n\t\t\t\t\t\t\t\t\t\t\t\t\t\t\t\t\t\t\t\t\t\t<span class=\"elementor-button-text\">invia<\/span>\n\t\t\t\t\t\t\t\t\t\t\t\t\t<\/span>\n\t\t\t\t\t<\/button>\n\t\t\t\t<\/div>\n\t\t\t<\/div>\n\t\t<\/form>\n\t\t\t\t\t\t<\/div>\n\t\t\t\t<\/div>\n\t\t\t\t\t<\/div>\n\t\t<\/div>\n\t\t\t\t\t<\/div>\n\t\t<\/section>\n\t\t\t\t<\/div>\n\t\t","protected":false},"excerpt":{"rendered":"<p>Dove comprare un deflettore per condizionatori CLIMIK? I Deflettori Climik sono in vendita anche nei negozi Leroy Merlin e Arbo. Cerca il punto vendita pi\u00f9 vicino oppure manda una richiesta a info@climik.it Vuoi diventare rivenditore? Compila il modulo sottostante, verrai contattato appena possibile.<\/p>\n","protected":false},"author":1,"featured_media":0,"parent":0,"menu_order":0,"comment_status":"closed","ping_status":"closed","template":"elementor_header_footer","meta":{"footnotes":""},"class_list":["post-1801","page","type-page","status-publish","hentry"],"_links":{"self":[{"href":"https:\/\/www.climik.it\/fr\/wp-json\/wp\/v2\/pages\/1801","targetHints":{"allow":["GET"]}}],"collection":[{"href":"https:\/\/www.climik.it\/fr\/wp-json\/wp\/v2\/pages"}],"about":[{"href":"https:\/\/www.climik.it\/fr\/wp-json\/wp\/v2\/types\/page"}],"author":[{"embeddable":true,"href":"https:\/\/www.climik.it\/fr\/wp-json\/wp\/v2\/users\/1"}],"replies":[{"embeddable":true,"href":"https:\/\/www.climik.it\/fr\/wp-json\/wp\/v2\/comments?post=1801"}],"version-history":[{"count":0,"href":"https:\/\/www.climik.it\/fr\/wp-json\/wp\/v2\/pages\/1801\/revisions"}],"wp:attachment":[{"href":"https:\/\/www.climik.it\/fr\/wp-json\/wp\/v2\/media?parent=1801"}],"curies":[{"name":"wp","href":"https:\/\/api.w.org\/{rel}","templated":true}]}}