{"id":1400,"date":"2021-04-20T15:08:26","date_gmt":"2021-04-20T13:08:26","guid":{"rendered":"https:\/\/www.climik.it\/?page_id=1400"},"modified":"2024-07-16T16:15:38","modified_gmt":"2024-07-16T14:15:38","slug":"deflecteurs","status":"publish","type":"page","link":"https:\/\/www.climik.it\/fr\/deflecteurs\/","title":{"rendered":"D\u00e9flecteurs de climatiseurs &#8211; Climik"},"content":{"rendered":"\t\t<div data-elementor-type=\"wp-page\" data-elementor-id=\"1400\" class=\"elementor elementor-1400 elementor-565\" data-elementor-post-type=\"page\">\n\t\t\t\t\t\t<section class=\"elementor-section elementor-top-section elementor-element elementor-element-d7e0cae elementor-section-boxed elementor-section-height-default elementor-section-height-default\" data-id=\"d7e0cae\" data-element_type=\"section\" data-e-type=\"section\">\n\t\t\t\t\t\t<div class=\"elementor-container elementor-column-gap-default\">\n\t\t\t\t\t<div class=\"elementor-column elementor-col-100 elementor-top-column elementor-element elementor-element-a45edb6\" data-id=\"a45edb6\" data-element_type=\"column\" data-e-type=\"column\">\n\t\t\t<div class=\"elementor-widget-wrap elementor-element-populated\">\n\t\t\t\t\t\t<div class=\"elementor-element elementor-element-da1b548 animated-fast elementor-invisible elementor-widget elementor-widget-heading\" data-id=\"da1b548\" data-element_type=\"widget\" data-e-type=\"widget\" data-settings=\"{&quot;_animation&quot;:&quot;fadeIn&quot;}\" data-widget_type=\"heading.default\">\n\t\t\t\t<div class=\"elementor-widget-container\">\n\t\t\t\t\t<h1 class=\"elementor-heading-title elementor-size-default\">D\u00e9flecteurs de climatiseurs<\/h1>\t\t\t\t<\/div>\n\t\t\t\t<\/div>\n\t\t\t\t<section class=\"elementor-section elementor-inner-section elementor-element elementor-element-f795604 elementor-section-boxed elementor-section-height-default elementor-section-height-default\" data-id=\"f795604\" data-element_type=\"section\" data-e-type=\"section\">\n\t\t\t\t\t\t<div class=\"elementor-container elementor-column-gap-default\">\n\t\t\t\t\t<div class=\"elementor-column elementor-col-100 elementor-inner-column elementor-element elementor-element-34def37\" data-id=\"34def37\" data-element_type=\"column\" data-e-type=\"column\" data-settings=\"{&quot;background_background&quot;:&quot;classic&quot;}\">\n\t\t\t<div class=\"elementor-widget-wrap elementor-element-populated\">\n\t\t\t\t\t\t<div class=\"elementor-element elementor-element-0c8dd30 elementor-widget elementor-widget-text-editor\" data-id=\"0c8dd30\" data-element_type=\"widget\" data-e-type=\"widget\" data-widget_type=\"text-editor.default\">\n\t\t\t\t<div class=\"elementor-widget-container\">\n\t\t\t\t\t\t\t\t\t<p>Toute la gamme de baffles Climik est l&rsquo;alli\u00e9e parfaite, selon la saison, pour lutter contre la chaleur et le froid et cr\u00e9er un climat ambiant harmonieux.<\/p>\n<p>Les baffles Climik sont con\u00e7us pour \u00eatre facilement install\u00e9s. Cela permet de transformer rapidement n&rsquo;importe quelle pi\u00e8ce en un espace dot\u00e9 d&rsquo;un syst\u00e8me de climatisation efficace pour tous les utilisateurs.<\/p>\n\t\t\t\t\t\t\t\t<\/div>\n\t\t\t\t<\/div>\n\t\t\t\t\t<\/div>\n\t\t<\/div>\n\t\t\t\t\t<\/div>\n\t\t<\/section>\n\t\t\t\t\t<\/div>\n\t\t<\/div>\n\t\t\t\t\t<\/div>\n\t\t<\/section>\n\t\t\t\t<section class=\"elementor-section elementor-top-section elementor-element elementor-element-62a16ec elementor-section-boxed elementor-section-height-default elementor-section-height-default\" data-id=\"62a16ec\" data-element_type=\"section\" data-e-type=\"section\">\n\t\t\t\t\t\t<div class=\"elementor-container elementor-column-gap-default\">\n\t\t\t\t\t<div class=\"elementor-column elementor-col-100 elementor-top-column elementor-element elementor-element-d7d756b\" data-id=\"d7d756b\" data-element_type=\"column\" data-e-type=\"column\">\n\t\t\t<div class=\"elementor-widget-wrap elementor-element-populated\">\n\t\t\t\t\t\t<div class=\"elementor-element elementor-element-d76a3af animated-fast elementor-invisible elementor-widget elementor-widget-heading\" data-id=\"d76a3af\" data-element_type=\"widget\" data-e-type=\"widget\" data-settings=\"{&quot;_animation&quot;:&quot;fadeIn&quot;}\" data-widget_type=\"heading.default\">\n\t\t\t\t<div class=\"elementor-widget-container\">\n\t\t\t\t\t<h1 class=\"elementor-heading-title elementor-size-default\">Choisissez le d\u00e9flecteur qui vous convient:<\/h1>\t\t\t\t<\/div>\n\t\t\t\t<\/div>\n\t\t\t\t<section class=\"elementor-section elementor-inner-section elementor-element elementor-element-2b5ebb9 elementor-section-boxed elementor-section-height-default elementor-section-height-default\" data-id=\"2b5ebb9\" data-element_type=\"section\" data-e-type=\"section\">\n\t\t\t\t\t\t<div class=\"elementor-container elementor-column-gap-default\">\n\t\t\t\t\t<div class=\"elementor-column elementor-col-50 elementor-inner-column elementor-element elementor-element-b4a9555\" data-id=\"b4a9555\" data-element_type=\"column\" data-e-type=\"column\">\n\t\t\t<div class=\"elementor-widget-wrap elementor-element-populated\">\n\t\t\t\t\t\t<div class=\"elementor-element elementor-element-f11688b elementor-widget elementor-widget-image\" data-id=\"f11688b\" data-element_type=\"widget\" data-e-type=\"widget\" data-widget_type=\"image.default\">\n\t\t\t\t<div class=\"elementor-widget-container\">\n\t\t\t\t\t\t\t\t\t\t\t\t\t\t\t\t<a href=\"https:\/\/www.climik.it\/fr\/categoria-prodotto\/deflecteur-climatiseur-split\/\">\n\t\t\t\t\t\t\t<img fetchpriority=\"high\" decoding=\"async\" width=\"600\" height=\"400\" src=\"https:\/\/www.climik.it\/wp-content\/uploads\/2023\/05\/split-600x400-1.jpg\" class=\"attachment-full size-full wp-image-4858\" alt=\"\" srcset=\"https:\/\/www.climik.it\/wp-content\/uploads\/2023\/05\/split-600x400-1.jpg 600w, https:\/\/www.climik.it\/wp-content\/uploads\/2023\/05\/split-600x400-1-300x200.jpg 300w\" sizes=\"(max-width: 600px) 100vw, 600px\" \/>\t\t\t\t\t\t\t\t<\/a>\n\t\t\t\t\t\t\t\t\t\t\t\t\t\t\t<\/div>\n\t\t\t\t<\/div>\n\t\t\t\t\t<\/div>\n\t\t<\/div>\n\t\t\t\t<div class=\"elementor-column elementor-col-50 elementor-inner-column elementor-element elementor-element-79a80bd\" data-id=\"79a80bd\" data-element_type=\"column\" data-e-type=\"column\">\n\t\t\t<div class=\"elementor-widget-wrap elementor-element-populated\">\n\t\t\t\t\t\t<div class=\"elementor-element elementor-element-4609a16 elementor-widget elementor-widget-image\" data-id=\"4609a16\" data-element_type=\"widget\" data-e-type=\"widget\" data-widget_type=\"image.default\">\n\t\t\t\t<div class=\"elementor-widget-container\">\n\t\t\t\t\t\t\t\t\t\t\t\t\t\t\t\t<a href=\"https:\/\/www.climik.it\/fr\/categoria-prodotto\/deflecteurs-pour-climatiseurs-a-cassette\/\">\n\t\t\t\t\t\t\t<img decoding=\"async\" width=\"600\" height=\"400\" src=\"https:\/\/www.climik.it\/wp-content\/uploads\/2023\/05\/cassetta-600x400-1.jpg\" class=\"attachment-full size-full wp-image-4868\" alt=\"\" srcset=\"https:\/\/www.climik.it\/wp-content\/uploads\/2023\/05\/cassetta-600x400-1.jpg 600w, https:\/\/www.climik.it\/wp-content\/uploads\/2023\/05\/cassetta-600x400-1-300x200.jpg 300w\" sizes=\"(max-width: 600px) 100vw, 600px\" \/>\t\t\t\t\t\t\t\t<\/a>\n\t\t\t\t\t\t\t\t\t\t\t\t\t\t\t<\/div>\n\t\t\t\t<\/div>\n\t\t\t\t\t<\/div>\n\t\t<\/div>\n\t\t\t\t\t<\/div>\n\t\t<\/section>\n\t\t\t\t<section class=\"elementor-section elementor-inner-section elementor-element elementor-element-0adaad2 elementor-section-boxed elementor-section-height-default elementor-section-height-default\" data-id=\"0adaad2\" data-element_type=\"section\" data-e-type=\"section\">\n\t\t\t\t\t\t<div class=\"elementor-container elementor-column-gap-default\">\n\t\t\t\t\t<div class=\"elementor-column elementor-col-50 elementor-inner-column elementor-element elementor-element-934f8e8\" data-id=\"934f8e8\" data-element_type=\"column\" data-e-type=\"column\">\n\t\t\t<div class=\"elementor-widget-wrap elementor-element-populated\">\n\t\t\t\t\t\t<div class=\"elementor-element elementor-element-97ce061 elementor-widget elementor-widget-image\" data-id=\"97ce061\" data-element_type=\"widget\" data-e-type=\"widget\" data-widget_type=\"image.default\">\n\t\t\t\t<div class=\"elementor-widget-container\">\n\t\t\t\t\t\t\t\t\t\t\t\t\t\t\t\t<a href=\"https:\/\/www.climik.it\/fr\/categoria-prodotto\/deflecteur-pour-conditionnement-canalise\/\">\n\t\t\t\t\t\t\t<img decoding=\"async\" width=\"600\" height=\"400\" src=\"https:\/\/www.climik.it\/wp-content\/uploads\/2023\/05\/canalizzata-600x400-1.jpg\" class=\"attachment-full size-full wp-image-4863\" alt=\"\" srcset=\"https:\/\/www.climik.it\/wp-content\/uploads\/2023\/05\/canalizzata-600x400-1.jpg 600w, https:\/\/www.climik.it\/wp-content\/uploads\/2023\/05\/canalizzata-600x400-1-300x200.jpg 300w\" sizes=\"(max-width: 600px) 100vw, 600px\" \/>\t\t\t\t\t\t\t\t<\/a>\n\t\t\t\t\t\t\t\t\t\t\t\t\t\t\t<\/div>\n\t\t\t\t<\/div>\n\t\t\t\t\t<\/div>\n\t\t<\/div>\n\t\t\t\t<div class=\"elementor-column elementor-col-50 elementor-inner-column elementor-element elementor-element-032a980\" data-id=\"032a980\" data-element_type=\"column\" data-e-type=\"column\">\n\t\t\t<div class=\"elementor-widget-wrap elementor-element-populated\">\n\t\t\t\t\t\t<div class=\"elementor-element elementor-element-dc2de49 elementor-widget elementor-widget-image\" data-id=\"dc2de49\" data-element_type=\"widget\" data-e-type=\"widget\" data-widget_type=\"image.default\">\n\t\t\t\t<div class=\"elementor-widget-container\">\n\t\t\t\t\t\t\t\t\t\t\t\t\t\t\t\t<a href=\"https:\/\/www.climik.it\/fr\/categoria-prodotto\/deflecteurs-pour-climatiseurs-fan-coil\/\">\n\t\t\t\t\t\t\t<img loading=\"lazy\" decoding=\"async\" width=\"600\" height=\"400\" src=\"https:\/\/www.climik.it\/wp-content\/uploads\/2023\/05\/fancoil-600x400-1.jpg\" class=\"attachment-full size-full wp-image-4873\" alt=\"\" srcset=\"https:\/\/www.climik.it\/wp-content\/uploads\/2023\/05\/fancoil-600x400-1.jpg 600w, https:\/\/www.climik.it\/wp-content\/uploads\/2023\/05\/fancoil-600x400-1-300x200.jpg 300w\" sizes=\"(max-width: 600px) 100vw, 600px\" \/>\t\t\t\t\t\t\t\t<\/a>\n\t\t\t\t\t\t\t\t\t\t\t\t\t\t\t<\/div>\n\t\t\t\t<\/div>\n\t\t\t\t\t<\/div>\n\t\t<\/div>\n\t\t\t\t\t<\/div>\n\t\t<\/section>\n\t\t\t\t\t<\/div>\n\t\t<\/div>\n\t\t\t\t\t<\/div>\n\t\t<\/section>\n\t\t\t\t<\/div>\n\t\t","protected":false},"excerpt":{"rendered":"<p>D\u00e9flecteurs de climatiseurs Toute la gamme de baffles Climik est l&rsquo;alli\u00e9e parfaite, selon la saison, pour lutter contre la chaleur et le froid et cr\u00e9er un climat ambiant harmonieux. Les baffles Climik sont con\u00e7us pour \u00eatre facilement install\u00e9s. Cela permet de transformer rapidement n&rsquo;importe quelle pi\u00e8ce en un espace dot\u00e9 d&rsquo;un syst\u00e8me de climatisation efficace [&hellip;]<\/p>\n","protected":false},"author":1,"featured_media":0,"parent":0,"menu_order":0,"comment_status":"closed","ping_status":"closed","template":"elementor_header_footer","meta":{"footnotes":""},"class_list":["post-1400","page","type-page","status-publish","hentry"],"_links":{"self":[{"href":"https:\/\/www.climik.it\/fr\/wp-json\/wp\/v2\/pages\/1400","targetHints":{"allow":["GET"]}}],"collection":[{"href":"https:\/\/www.climik.it\/fr\/wp-json\/wp\/v2\/pages"}],"about":[{"href":"https:\/\/www.climik.it\/fr\/wp-json\/wp\/v2\/types\/page"}],"author":[{"embeddable":true,"href":"https:\/\/www.climik.it\/fr\/wp-json\/wp\/v2\/users\/1"}],"replies":[{"embeddable":true,"href":"https:\/\/www.climik.it\/fr\/wp-json\/wp\/v2\/comments?post=1400"}],"version-history":[{"count":0,"href":"https:\/\/www.climik.it\/fr\/wp-json\/wp\/v2\/pages\/1400\/revisions"}],"wp:attachment":[{"href":"https:\/\/www.climik.it\/fr\/wp-json\/wp\/v2\/media?parent=1400"}],"curies":[{"name":"wp","href":"https:\/\/api.w.org\/{rel}","templated":true}]}}