{"id":6103,"date":"2025-07-29T14:41:05","date_gmt":"2025-07-29T12:41:05","guid":{"rendered":"https:\/\/www.climik.it\/prodotto\/climik-air-flow-20-42cm\/"},"modified":"2026-01-30T10:06:59","modified_gmt":"2026-01-30T09:06:59","slug":"climik-air-flow-20-42cm","status":"publish","type":"product","link":"https:\/\/www.climik.it\/es\/prodotto\/climik-air-flow-20-42cm\/","title":{"rendered":"Climik Air Flow 20-42cm"},"content":{"rendered":"<p style=\"text-align: center;\">Transforma el confort de tu ambiente con nuestro <g id=\"gid_0\">Deflector para Rejilla de Aire Ajustable<\/g>, el aliado ideal para optimizar el flujo de aire. Dise\u00f1ado con una <g id=\"gid_1\">estructura extensible de 20 cm a 42 cm<\/g>, se adapta perfectamente a cualquier rejilla, integr\u00e1ndose de forma discreta gracias a su <g id=\"gid_2\">pl\u00e1stico cristalino de alta transparencia e irrompible<\/g>. <\/p>\n<p style=\"text-align: center;\">Fabricado \u00edntegramente en Italia, este deflector es sin\u00f3nimo de <g id=\"gid_0\">calidad artesanal superior<\/g>, materiales de primera calidad y durabilidad garantizada. Cada detalle refleja el cuidado y la excelencia del <g id=\"gid_1\">Made in Italy<\/g>, ofreci\u00e9ndole un producto fiable y de alto rendimiento. <\/p>\n<p style=\"text-align: center;\">La instalaci\u00f3n es muy sencilla: gracias a sus <g id=\"gid_0\">tres potentes imanes<\/g>, se fija firmemente a las rejillas met\u00e1licas en cuesti\u00f3n de segundos y se mantiene estable incluso con corrientes de aire intensas. Este deflector te permite redirigir el aire exactamente donde lo necesitas, <g id=\"gid_1\">mejorando el confort y la eficiencia<\/g> de tu sistema de climatizaci\u00f3n, con el consiguiente <g id=\"gid_2\">ahorro energ\u00e9tico<\/g>. <\/p>\n<p style=\"text-align: center;\">Vers\u00e1til y pr\u00e1ctico, es perfecto para rejillas de suelo, pared y techo, ideal para hogares, oficinas y espacios comerciales.<br \/>\nNota importante: para rejillas no met\u00e1licas (madera, aluminio, pl\u00e1stico), hay ranuras para tornillos integradas para una instalaci\u00f3n segura.<\/p>\n<p style=\"text-align: center;\">Dise\u00f1ado y fabricado \u00edntegramente en Italia para garantizar una calidad y durabilidad superiores.<strong><br \/>\n<\/strong><\/p>\n","protected":false},"excerpt":{"rendered":"<p style=\"text-align: center;\">Optimice el confort y la eficiencia energ\u00e9tica con nuestro deflector para rejillas de ventilaci\u00f3n. Extensible de 20 a 42 cm y fabricado en pl\u00e1stico altamente transparente e irrompible, se adapta perfectamente a cualquier ambiente. <\/p>\n<p style=\"text-align: center;\">Grazie ai tre potenti magneti, l&#8217;installazione \u00e8 facile e sicura su bocchette metalliche (per quelle non metalliche sono presenti gli slot per viti).<\/p>\n","protected":false},"featured_media":6093,"template":"","meta":[],"product_brand":[],"product_cat":[128,436],"product_tag":[],"class_list":{"0":"post-6103","1":"product","2":"type-product","3":"status-publish","4":"has-post-thumbnail","6":"product_cat-deflettore-per-condizionamento-canalizzato-es","7":"product_cat-senza-categoria-es","8":"product_shipping_class-145","10":"first","11":"instock","12":"taxable","13":"shipping-taxable","14":"purchasable","15":"product-type-simple"},"_links":{"self":[{"href":"https:\/\/www.climik.it\/es\/wp-json\/wp\/v2\/product\/6103","targetHints":{"allow":["GET"]}}],"collection":[{"href":"https:\/\/www.climik.it\/es\/wp-json\/wp\/v2\/product"}],"about":[{"href":"https:\/\/www.climik.it\/es\/wp-json\/wp\/v2\/types\/product"}],"wp:featuredmedia":[{"embeddable":true,"href":"https:\/\/www.climik.it\/es\/wp-json\/wp\/v2\/media\/6093"}],"wp:attachment":[{"href":"https:\/\/www.climik.it\/es\/wp-json\/wp\/v2\/media?parent=6103"}],"wp:term":[{"taxonomy":"product_brand","embeddable":true,"href":"https:\/\/www.climik.it\/es\/wp-json\/wp\/v2\/product_brand?post=6103"},{"taxonomy":"product_cat","embeddable":true,"href":"https:\/\/www.climik.it\/es\/wp-json\/wp\/v2\/product_cat?post=6103"},{"taxonomy":"product_tag","embeddable":true,"href":"https:\/\/www.climik.it\/es\/wp-json\/wp\/v2\/product_tag?post=6103"}],"curies":[{"name":"wp","href":"https:\/\/api.w.org\/{rel}","templated":true}]}}