{"id":5494,"date":"2022-03-20T14:35:05","date_gmt":"2024-07-17T07:25:36","guid":{"rendered":"https:\/\/www.climik.it\/prodotto\/climik-linear-deflector-de-aire-acondicionado-por-conductos-grande-130-x-30-x-10-cm\/"},"modified":"2024-07-17T09:25:36","modified_gmt":"2024-07-17T07:25:36","slug":"climik-linear-deflector-de-aire-acondicionado-por-conductos-grande-130-x-30-x-10-cm","status":"publish","type":"product","link":"https:\/\/www.climik.it\/es\/prodotto\/climik-linear-deflector-de-aire-acondicionado-por-conductos-grande-130-x-30-x-10-cm\/","title":{"rendered":"Climik Linear Deflector de aire acondicionado por conductos Grande 130 \u00d7 30 \u00d7 10 cm"},"content":{"rendered":"<p style=\"text-align: center;\">El deflector de aire acondicionado por conductos Climik Linear es una soluci\u00f3n sencilla y elegante para proteger a los trabajadores del chorro de aire fr\u00edo t\u00edpico de los lugares de trabajo con aire acondicionado por conductos.<\/p>\n<p>&nbsp;<\/p>\n<p style=\"text-align: center;\">El deflector de aire acondicionado por conductos de Climik Linear se desarroll\u00f3 para hacer frente a las exigencias cada vez mayores de las oficinas de planta abierta, como los centros de llamadas. El Climik Linear se atornilla directamente al techo y divide el flujo de aire fr\u00edo del aire acondicionado en dos chorros horizontales, el aire caliente de la habitaci\u00f3n sube y el aire fr\u00edo cae de forma m\u00e1s uniforme.<\/p>\n<p>&nbsp;<\/p>\n<p style=\"text-align: center;\">El lugar de trabajo se convertir\u00e1 en un entorno saludable sin puntos fr\u00edos peligrosos<\/p>\n","protected":false},"excerpt":{"rendered":"<p style=\"text-align: center;\">Deflector para sistemas canalizados. Compacto y elegante, se atornilla directamente al techo sin necesidad de cadenas. Disponible en varias longitudes<\/p>\n","protected":false},"featured_media":1178,"template":"","meta":[],"product_brand":[],"product_cat":[128],"product_tag":[],"class_list":{"0":"post-5494","1":"product","2":"type-product","3":"status-publish","4":"has-post-thumbnail","6":"product_cat-deflettore-per-condizionamento-canalizzato-es","7":"product_shipping_class-130","9":"first","10":"instock","11":"taxable","12":"shipping-taxable","13":"purchasable","14":"product-type-simple"},"_links":{"self":[{"href":"https:\/\/www.climik.it\/es\/wp-json\/wp\/v2\/product\/5494","targetHints":{"allow":["GET"]}}],"collection":[{"href":"https:\/\/www.climik.it\/es\/wp-json\/wp\/v2\/product"}],"about":[{"href":"https:\/\/www.climik.it\/es\/wp-json\/wp\/v2\/types\/product"}],"wp:featuredmedia":[{"embeddable":true,"href":"https:\/\/www.climik.it\/es\/wp-json\/wp\/v2\/media\/1178"}],"wp:attachment":[{"href":"https:\/\/www.climik.it\/es\/wp-json\/wp\/v2\/media?parent=5494"}],"wp:term":[{"taxonomy":"product_brand","embeddable":true,"href":"https:\/\/www.climik.it\/es\/wp-json\/wp\/v2\/product_brand?post=5494"},{"taxonomy":"product_cat","embeddable":true,"href":"https:\/\/www.climik.it\/es\/wp-json\/wp\/v2\/product_cat?post=5494"},{"taxonomy":"product_tag","embeddable":true,"href":"https:\/\/www.climik.it\/es\/wp-json\/wp\/v2\/product_tag?post=5494"}],"curies":[{"name":"wp","href":"https:\/\/api.w.org\/{rel}","templated":true}]}}