{"id":5490,"date":"2023-03-10T09:21:24","date_gmt":"2023-03-10T08:21:24","guid":{"rendered":"https:\/\/www.climik.it\/prodotto\/deflector-de-aire-acondicionado-climik-universal-135cm\/"},"modified":"2026-02-04T10:52:39","modified_gmt":"2026-02-04T09:52:39","slug":"deflector-de-aire-acondicionado-climik-universal-135cm","status":"publish","type":"product","link":"https:\/\/www.climik.it\/es\/prodotto\/deflector-de-aire-acondicionado-climik-universal-135cm\/","title":{"rendered":"Deflector de aire acondicionado Climik Universal 135cm"},"content":{"rendered":"<p style=\"text-align: center;\">Climik Universal es el deflector universal adecuado para cualquier tipo de aire acondicionado:<br \/>\nsplit de pared, fan coil, aires acondicionados de cassette, aire acondicionado canalizado y<br \/>\nanemostatos. Su caracter\u00edstica principal es que se puede ajustar en varias<br \/>\nposiciones de 0 a 90\u00b0, lo que permite su uso en m\u00faltiples tipos de entornos.<\/p>\n<p>&nbsp;<\/p>\n<p style=\"text-align: center;\">Climik Universal, la soluci\u00f3n \u00f3ptima para protegerse del aire fr\u00edo o caliente, est\u00e1<br \/>\ndise\u00f1ado para espacios dom\u00e9sticos o p\u00fablicos de reducidas dimensiones, donde es esencial<br \/>\ndisfrutar de una climatizaci\u00f3n confortable.<\/p>\n<p>&nbsp;<\/p>\n<p style=\"text-align: center;\">Toda la gama de deflectores Climik es el aliado perfecto, seg\u00fan la estaci\u00f3n, en la lucha contra el calor y el fr\u00edo, creando un clima armonioso en la estancia. Los bafles Climik est\u00e1n dise\u00f1ados para ser instalados f\u00e1cilmente. Esto permite transformar r\u00e1pidamente cualquier habitaci\u00f3n en un espacio con un sistema de climatizaci\u00f3n eficaz para todos los usuarios. <\/p>\n","protected":false},"excerpt":{"rendered":"<p style=\"text-align: center;\">Climik Universal, la soluci\u00f3n \u00f3ptima para protegerse del aire fr\u00edo o caliente, est\u00e1<br \/>\ndise\u00f1ado para espacios dom\u00e9sticos o p\u00fablicos de reducidas dimensiones, donde es esencial<br \/>\ndisfrutar de una climatizaci\u00f3n confortable.<\/p>\n","protected":false},"featured_media":1416,"template":"","meta":[],"product_brand":[],"product_cat":[167,144,128,138],"product_tag":[],"class_list":{"0":"post-5490","1":"product","2":"type-product","3":"status-publish","4":"has-post-thumbnail","6":"product_cat-deflectores-para-acondicionadores-de-aire","7":"product_cat-deflectores-para-acondicionadores-de-aire-split","8":"product_cat-deflettore-per-condizionamento-canalizzato-es","9":"product_cat-deflettori-per-condizionatori-a-cassetta-es","10":"product_shipping_class-145","12":"first","13":"instock","14":"taxable","15":"shipping-taxable","16":"purchasable","17":"product-type-simple"},"_links":{"self":[{"href":"https:\/\/www.climik.it\/es\/wp-json\/wp\/v2\/product\/5490","targetHints":{"allow":["GET"]}}],"collection":[{"href":"https:\/\/www.climik.it\/es\/wp-json\/wp\/v2\/product"}],"about":[{"href":"https:\/\/www.climik.it\/es\/wp-json\/wp\/v2\/types\/product"}],"wp:featuredmedia":[{"embeddable":true,"href":"https:\/\/www.climik.it\/es\/wp-json\/wp\/v2\/media\/1416"}],"wp:attachment":[{"href":"https:\/\/www.climik.it\/es\/wp-json\/wp\/v2\/media?parent=5490"}],"wp:term":[{"taxonomy":"product_brand","embeddable":true,"href":"https:\/\/www.climik.it\/es\/wp-json\/wp\/v2\/product_brand?post=5490"},{"taxonomy":"product_cat","embeddable":true,"href":"https:\/\/www.climik.it\/es\/wp-json\/wp\/v2\/product_cat?post=5490"},{"taxonomy":"product_tag","embeddable":true,"href":"https:\/\/www.climik.it\/es\/wp-json\/wp\/v2\/product_tag?post=5490"}],"curies":[{"name":"wp","href":"https:\/\/api.w.org\/{rel}","templated":true}]}}