{"id":5489,"date":"2023-03-10T09:58:54","date_gmt":"2023-03-10T08:58:54","guid":{"rendered":"https:\/\/www.climik.it\/prodotto\/deflector-de-aire-acondicionado-con-anemostatos-climik-circle-33-x-33-x-11-cm\/"},"modified":"2026-01-30T14:49:58","modified_gmt":"2026-01-30T13:49:58","slug":"deflector-de-aire-acondicionado-con-anemostatos-climik-circle-33-x-33-x-11-cm","status":"publish","type":"product","link":"https:\/\/www.climik.it\/es\/prodotto\/deflector-de-aire-acondicionado-con-anemostatos-climik-circle-33-x-33-x-11-cm\/","title":{"rendered":"Deflector de aire acondicionado con anemostatos Climik Circle 33 \u00d7 33 \u00d7 11 cm"},"content":{"rendered":"<p style=\"text-align: center;\">Climik Circle, el reci\u00e9n llegado de Climik, es adecuado para el anemostato con salida redonda. Su dise\u00f1o circular, minimalista y elegante lo convierte en un producto \u00fanico . Gracias a su f\u00e1cil instalaci\u00f3n, es capaz de garantizar un clima m\u00e1s saludable y confortable en tan s\u00f3lo unos minutos.  <\/p>\n<p>&nbsp;<\/p>\n<p style=\"text-align: center;\">Climik Circle es una soluci\u00f3n \u00f3ptima para gimnasios, oficinas y centros comerciales para proteger a los usuarios de los molestos chorros de aire caliente o fr\u00edo.<\/p>\n<p>&nbsp;<\/p>\n<p style=\"text-align: center;\">Toda la gama de deflectores Climik es el aliado perfecto, seg\u00fan la estaci\u00f3n, en la lucha contra el calor y el fr\u00edo, creando un clima armonioso en la estancia. Los bafles Climik est\u00e1n dise\u00f1ados para ser instalados f\u00e1cilmente. Esto permite transformar r\u00e1pidamente cualquier habitaci\u00f3n en un espacio con un sistema de climatizaci\u00f3n eficaz para todos los usuarios. <\/p>\n<p>&nbsp;<\/p>\n","protected":false},"excerpt":{"rendered":"<p style=\"text-align: center;\">Climik Circle es una soluci\u00f3n \u00f3ptima para gimnasios, oficinas y centros comerciales para proteger a los usuarios de los molestos chorros de aire caliente o fr\u00edo.<\/p>\n","protected":false},"featured_media":4545,"template":"","meta":[],"product_brand":[],"product_cat":[128],"product_tag":[],"class_list":{"0":"post-5489","1":"product","2":"type-product","3":"status-publish","4":"has-post-thumbnail","6":"product_cat-deflettore-per-condizionamento-canalizzato-es","7":"product_shipping_class-145","9":"first","10":"instock","11":"taxable","12":"shipping-taxable","13":"purchasable","14":"product-type-simple"},"_links":{"self":[{"href":"https:\/\/www.climik.it\/es\/wp-json\/wp\/v2\/product\/5489","targetHints":{"allow":["GET"]}}],"collection":[{"href":"https:\/\/www.climik.it\/es\/wp-json\/wp\/v2\/product"}],"about":[{"href":"https:\/\/www.climik.it\/es\/wp-json\/wp\/v2\/types\/product"}],"wp:featuredmedia":[{"embeddable":true,"href":"https:\/\/www.climik.it\/es\/wp-json\/wp\/v2\/media\/4545"}],"wp:attachment":[{"href":"https:\/\/www.climik.it\/es\/wp-json\/wp\/v2\/media?parent=5489"}],"wp:term":[{"taxonomy":"product_brand","embeddable":true,"href":"https:\/\/www.climik.it\/es\/wp-json\/wp\/v2\/product_brand?post=5489"},{"taxonomy":"product_cat","embeddable":true,"href":"https:\/\/www.climik.it\/es\/wp-json\/wp\/v2\/product_cat?post=5489"},{"taxonomy":"product_tag","embeddable":true,"href":"https:\/\/www.climik.it\/es\/wp-json\/wp\/v2\/product_tag?post=5489"}],"curies":[{"name":"wp","href":"https:\/\/api.w.org\/{rel}","templated":true}]}}