{"id":5470,"date":"2023-03-13T12:04:34","date_gmt":"2023-03-13T11:04:34","guid":{"rendered":"https:\/\/www.climik.it\/prodotto\/kit-de-deflectores-de-cassette-climik-quadro-en-policarbonato-transparente\/"},"modified":"2024-07-16T15:41:57","modified_gmt":"2024-07-16T13:41:57","slug":"kit-de-deflectores-de-cassette-climik-quadro-en-policarbonato-transparente","status":"publish","type":"product","link":"https:\/\/www.climik.it\/es\/prodotto\/kit-de-deflectores-de-cassette-climik-quadro-en-policarbonato-transparente\/","title":{"rendered":"Kit de deflectores de cassette Climik Quadro en policarbonato transparente"},"content":{"rendered":"<p style=\"text-align: center;\">El Climik Quadro, de elegante dise\u00f1o, es el deflector perfecto para todos los acondicionadores de aire de cassette peque\u00f1os y medianos. Al desplazar el chorro de aire fr\u00edo del aire acondicionado hacia el techo, ofrece una sensaci\u00f3n superior de bienestar y una climatizaci\u00f3n \u00f3ptima de todas las estancias: el aire caliente de la habitaci\u00f3n sube hacia el techo, mientras que el aire fr\u00edo cae uniformemente, creando un sistema de climatizaci\u00f3n equilibrado en s\u00f3lo unos minutos.<\/p>\n<p style=\"text-align: center;\">Climik Quadro es la soluci\u00f3n ideal para todos los espacios de trabajo, como oficinas, hospitales y restaurantes, donde el confort climatizado es esencial para proporcionar a los usuarios una agradable experiencia de bienestar.<\/p>\n<p style=\"text-align: center;\">Toda la gama de bafles Climik es el aliado perfecto, seg\u00fan la estaci\u00f3n del a\u00f1o, en la lucha contra el calor y el fr\u00edo, creando una climatizaci\u00f3n armoniosa de las estancias. Los bafles Climik est\u00e1n dise\u00f1ados para instalarse f\u00e1cilmente. Esto permite transformar r\u00e1pidamente cualquier habitaci\u00f3n en un espacio con un sistema de climatizaci\u00f3n eficaz para todos los usuarios.<\/p>\n","protected":false},"excerpt":{"rendered":"<p style=\"text-align: center;\">El Climik Quadro es la soluci\u00f3n ideal para todos los espacios de trabajo, como oficinas, hospitales y restaurantes, donde el confort climatizado es esencial para proporcionar a los usuarios una experiencia agradable.<\/p>\n","protected":false},"featured_media":1174,"template":"","meta":[],"product_brand":[],"product_cat":[138],"product_tag":[],"class_list":{"0":"post-5470","1":"product","2":"type-product","3":"status-publish","4":"has-post-thumbnail","6":"product_cat-deflettori-per-condizionatori-a-cassetta-es","7":"product_shipping_class-145","9":"first","10":"onbackorder","11":"taxable","12":"shipping-taxable","13":"purchasable","14":"product-type-simple"},"_links":{"self":[{"href":"https:\/\/www.climik.it\/es\/wp-json\/wp\/v2\/product\/5470","targetHints":{"allow":["GET"]}}],"collection":[{"href":"https:\/\/www.climik.it\/es\/wp-json\/wp\/v2\/product"}],"about":[{"href":"https:\/\/www.climik.it\/es\/wp-json\/wp\/v2\/types\/product"}],"wp:featuredmedia":[{"embeddable":true,"href":"https:\/\/www.climik.it\/es\/wp-json\/wp\/v2\/media\/1174"}],"wp:attachment":[{"href":"https:\/\/www.climik.it\/es\/wp-json\/wp\/v2\/media?parent=5470"}],"wp:term":[{"taxonomy":"product_brand","embeddable":true,"href":"https:\/\/www.climik.it\/es\/wp-json\/wp\/v2\/product_brand?post=5470"},{"taxonomy":"product_cat","embeddable":true,"href":"https:\/\/www.climik.it\/es\/wp-json\/wp\/v2\/product_cat?post=5470"},{"taxonomy":"product_tag","embeddable":true,"href":"https:\/\/www.climik.it\/es\/wp-json\/wp\/v2\/product_tag?post=5470"}],"curies":[{"name":"wp","href":"https:\/\/api.w.org\/{rel}","templated":true}]}}