{"id":5462,"date":"2024-06-27T16:02:37","date_gmt":"2024-06-27T14:02:37","guid":{"rendered":"https:\/\/www.climik.it\/prodotto\/climik-flap-deflector-de-aire-acondicionado-split-80x33-cm\/"},"modified":"2025-06-11T10:16:00","modified_gmt":"2025-06-11T08:16:00","slug":"climik-flap-deflector-de-aire-acondicionado-split-80x33-cm","status":"publish","type":"product","link":"https:\/\/www.climik.it\/es\/prodotto\/climik-flap-deflector-de-aire-acondicionado-split-80x33-cm\/","title":{"rendered":"Climik Flap deflector de aire acondicionado split 80&#215;33 cm"},"content":{"rendered":"<p style=\"text-align: center;\">El exclusivo Climik Flap est\u00e1 dise\u00f1ado para aires acondicionados split peque\u00f1os, medianos y grandes. Gracias a su forma de doble curvatura y a su aleta ajustable manualmente desplaza el chorro de aire fr\u00edo del aire acondicionado hacia el techo de la habitaci\u00f3n, permitiendo que el aire caliente de la habitaci\u00f3n ascienda y el aire fr\u00edo descienda uniformemente. <\/p>\n<p style=\"text-align: center;\">Climik Flap se adapta perfectamente a cualquier entorno y, en s\u00f3lo dos minutos proporciona a todos los presentes una experiencia de bienestar sin igual, transformando la zona en un oasis de alto confort.<\/p>\n<p style=\"text-align: center;\">Es importante destacar que la instalaci\u00f3n de deflectores excesivamente grandes podr\u00eda hacer que el aire acondicionado lea la temperatura en el propio objeto, en lugar de en la habitaci\u00f3n.<br \/>\nToda la gama de deflectores Climik es el aliado perfecto, seg\u00fan la estaci\u00f3n, en la lucha contra el fr\u00edo y el calor, creando un clima armonioso en la estancia. lucha contra el fr\u00edo y el calor, creando un clima armonioso en la estancia.<br \/>\nLos bafles Climik est\u00e1n dise\u00f1ados para instalarse f\u00e1cilmente. Este permite transformar r\u00e1pidamente cualquier habitaci\u00f3n en un espacio con un climatizaci\u00f3n eficaz para todos los usuarios. <\/p>\n","protected":false},"excerpt":{"rendered":"<p style=\"text-align: center;\">Climik Flap es la soluci\u00f3n ideal para todos los espacios de trabajo, como oficinas, hospitales y restaurantes, donde el confort del aire acondicionado es esencial para proporcionar a los usuarios una experiencia agradable.<\/p>\n","protected":false},"featured_media":5957,"template":"","meta":[],"product_brand":[],"product_cat":[144],"product_tag":[],"class_list":{"0":"post-5462","1":"product","2":"type-product","3":"status-publish","4":"has-post-thumbnail","6":"product_cat-deflectores-para-acondicionadores-de-aire-split","7":"product_shipping_class-145","9":"first","10":"instock","11":"taxable","12":"shipping-taxable","13":"purchasable","14":"product-type-simple"},"_links":{"self":[{"href":"https:\/\/www.climik.it\/es\/wp-json\/wp\/v2\/product\/5462","targetHints":{"allow":["GET"]}}],"collection":[{"href":"https:\/\/www.climik.it\/es\/wp-json\/wp\/v2\/product"}],"about":[{"href":"https:\/\/www.climik.it\/es\/wp-json\/wp\/v2\/types\/product"}],"wp:featuredmedia":[{"embeddable":true,"href":"https:\/\/www.climik.it\/es\/wp-json\/wp\/v2\/media\/5957"}],"wp:attachment":[{"href":"https:\/\/www.climik.it\/es\/wp-json\/wp\/v2\/media?parent=5462"}],"wp:term":[{"taxonomy":"product_brand","embeddable":true,"href":"https:\/\/www.climik.it\/es\/wp-json\/wp\/v2\/product_brand?post=5462"},{"taxonomy":"product_cat","embeddable":true,"href":"https:\/\/www.climik.it\/es\/wp-json\/wp\/v2\/product_cat?post=5462"},{"taxonomy":"product_tag","embeddable":true,"href":"https:\/\/www.climik.it\/es\/wp-json\/wp\/v2\/product_tag?post=5462"}],"curies":[{"name":"wp","href":"https:\/\/api.w.org\/{rel}","templated":true}]}}