{"id":2619,"date":"2021-06-10T12:00:49","date_gmt":"2021-06-10T10:00:49","guid":{"rendered":"https:\/\/www.climik.it\/?post_type=product&#038;p=2619"},"modified":"2026-02-04T11:04:31","modified_gmt":"2026-02-04T10:04:31","slug":"deflector-de-aire-acondicionado-split-transparente-climik-cristal-69-x-24-cm","status":"publish","type":"product","link":"https:\/\/www.climik.it\/es\/prodotto\/deflector-de-aire-acondicionado-split-transparente-climik-cristal-69-x-24-cm\/","title":{"rendered":"Deflector para aire acondicionado de plexigl\u00e1s transparente Climik Cristal 70 x 24 cm"},"content":{"rendered":"<p style=\"text-align: center;\">Climik Cristal, de plexigl\u00e1s, \u00fanico en su g\u00e9nero, est\u00e1 dise\u00f1ado para aires acondicionados<br \/>\nsplit peque\u00f1os y medianos. Gracias a su forma de doble curva, desv\u00eda el chorro de aire fr\u00edo<br \/>\ndel aire acondicionado hacia el techo de la habitaci\u00f3n, permitiendo que el aire caliente presente<br \/>\nen la estancia suba y el fr\u00edo baje de manera homog\u00e9nea.<\/p>\n<p>&nbsp;<\/p>\n<p style=\"text-align: center;\">Climik Cristal se adapta perfectamente a cualquier ambiente y, en solo dos minutos,<br \/>\nofrece a todos los presentes una experiencia de bienestar sin igual, transformando el \u00e1rea<br \/>\nen un oasis de gran confort.<\/p>\n<p>&nbsp;<\/p>\n<p style=\"text-align: center;\">Es importante destacar que la instalaci\u00f3n de deflectores demasiado grandes podr\u00eda hacer que<br \/>\nel aire acondicionado lea la temperatura del propio objeto, en lugar de la de la habitaci\u00f3n.<br \/>\nToda la gama de deflectores Climik es el aliado perfecto, seg\u00fan la estaci\u00f3n del a\u00f1o, en la<br \/>\nlucha contra el calor y el fr\u00edo, creando una climatizaci\u00f3n armoniosa de los ambientes.<br \/>\nLos deflectores Climik han sido dise\u00f1ados para instalarse f\u00e1cilmente. Esto<br \/>\npermite transformar r\u00e1pidamente cualquier ambiente en un espacio dotado de un<br \/>\nsistema de climatizaci\u00f3n eficiente para todos los usuarios. <\/p>\n","protected":false},"excerpt":{"rendered":"<p style=\"text-align: center;\">Climik Cristal si adatta perfettamente a qualsiasi ambiente e, in soli due minuti,<br \/>\nregala a tutti i presenti un&#8217;esperienza di benessere senza eguali, trasformando l&#8217;area<br \/>\nin un&#8217;oasi di elevato comfort.<\/p>\n<p>&nbsp;<\/p>\n","protected":false},"featured_media":2881,"template":"","meta":[],"product_brand":[],"product_cat":[144],"product_tag":[],"class_list":{"0":"post-2619","1":"product","2":"type-product","3":"status-publish","4":"has-post-thumbnail","6":"product_cat-deflectores-para-acondicionadores-de-aire-split","7":"product_shipping_class-145","9":"first","10":"instock","11":"taxable","12":"shipping-taxable","13":"purchasable","14":"product-type-simple"},"_links":{"self":[{"href":"https:\/\/www.climik.it\/es\/wp-json\/wp\/v2\/product\/2619","targetHints":{"allow":["GET"]}}],"collection":[{"href":"https:\/\/www.climik.it\/es\/wp-json\/wp\/v2\/product"}],"about":[{"href":"https:\/\/www.climik.it\/es\/wp-json\/wp\/v2\/types\/product"}],"wp:featuredmedia":[{"embeddable":true,"href":"https:\/\/www.climik.it\/es\/wp-json\/wp\/v2\/media\/2881"}],"wp:attachment":[{"href":"https:\/\/www.climik.it\/es\/wp-json\/wp\/v2\/media?parent=2619"}],"wp:term":[{"taxonomy":"product_brand","embeddable":true,"href":"https:\/\/www.climik.it\/es\/wp-json\/wp\/v2\/product_brand?post=2619"},{"taxonomy":"product_cat","embeddable":true,"href":"https:\/\/www.climik.it\/es\/wp-json\/wp\/v2\/product_cat?post=2619"},{"taxonomy":"product_tag","embeddable":true,"href":"https:\/\/www.climik.it\/es\/wp-json\/wp\/v2\/product_tag?post=2619"}],"curies":[{"name":"wp","href":"https:\/\/api.w.org\/{rel}","templated":true}]}}