{"id":2003,"date":"2021-03-01T11:16:33","date_gmt":"2021-03-11T10:16:33","guid":{"rendered":"https:\/\/www.climik.it\/prodotto\/deflector-de-aire-acondicionado-climik-universal-90cm\/"},"modified":"2024-07-17T10:08:58","modified_gmt":"2024-07-17T08:08:58","slug":"deflector-de-aire-acondicionado-climik-universal-90cm","status":"publish","type":"product","link":"https:\/\/www.climik.it\/es\/prodotto\/deflector-de-aire-acondicionado-climik-universal-90cm\/","title":{"rendered":"Deflector de aire acondicionado Climik Universal 90 cm"},"content":{"rendered":"<p style=\"text-align: center;\">Deflector de aire acondicionado universal Climik, ideal para cualquier tipo de aire acondicionado (splits de pared, fancoils, aires acondicionados de cassette, aires acondicionados por conductos, anemostatos), ajustable en varias posiciones de 0 a 90\u00b0 y regulable en continuo; elegante soluci\u00f3n para proteger a las personas del chorro de aire fr\u00edo o caliente.<\/p>\n<p>&nbsp;<\/p>\n<p>&nbsp;<\/p>\n<p style=\"text-align: center;\">Climik Universal se cre\u00f3 para satisfacer las demandas cada vez mayores en oficinas y restaurantes, donde el flujo directo de aire fr\u00edo se tolera cada vez menos. Climik Universal divide el flujo de aire del climatizador en chorros horizontales, el aire caliente de la habitaci\u00f3n asciende, haciendo descender el aire fr\u00edo de forma m\u00e1s uniforme.<\/p>\n","protected":false},"excerpt":{"rendered":"<p style=\"text-align: center;\">Deflector universal para todos los aparatos de aire acondicionado, regulable sin escalonamientos y modular en blanco Abs<\/p>\n","protected":false},"featured_media":1416,"template":"","meta":[],"product_brand":[],"product_cat":[167,144,128,138],"product_tag":[],"class_list":{"0":"post-2003","1":"product","2":"type-product","3":"status-publish","4":"has-post-thumbnail","6":"product_cat-deflectores-para-acondicionadores-de-aire","7":"product_cat-deflectores-para-acondicionadores-de-aire-split","8":"product_cat-deflettore-per-condizionamento-canalizzato-es","9":"product_cat-deflettori-per-condizionatori-a-cassetta-es","10":"product_shipping_class-145","12":"first","13":"instock","14":"taxable","15":"shipping-taxable","16":"purchasable","17":"product-type-simple"},"_links":{"self":[{"href":"https:\/\/www.climik.it\/es\/wp-json\/wp\/v2\/product\/2003","targetHints":{"allow":["GET"]}}],"collection":[{"href":"https:\/\/www.climik.it\/es\/wp-json\/wp\/v2\/product"}],"about":[{"href":"https:\/\/www.climik.it\/es\/wp-json\/wp\/v2\/types\/product"}],"wp:featuredmedia":[{"embeddable":true,"href":"https:\/\/www.climik.it\/es\/wp-json\/wp\/v2\/media\/1416"}],"wp:attachment":[{"href":"https:\/\/www.climik.it\/es\/wp-json\/wp\/v2\/media?parent=2003"}],"wp:term":[{"taxonomy":"product_brand","embeddable":true,"href":"https:\/\/www.climik.it\/es\/wp-json\/wp\/v2\/product_brand?post=2003"},{"taxonomy":"product_cat","embeddable":true,"href":"https:\/\/www.climik.it\/es\/wp-json\/wp\/v2\/product_cat?post=2003"},{"taxonomy":"product_tag","embeddable":true,"href":"https:\/\/www.climik.it\/es\/wp-json\/wp\/v2\/product_tag?post=2003"}],"curies":[{"name":"wp","href":"https:\/\/api.w.org\/{rel}","templated":true}]}}