{"id":1990,"date":"2021-05-26T11:00:43","date_gmt":"2021-03-16T10:15:43","guid":{"rendered":"https:\/\/www.climik.it\/prodotto\/deflector-de-aire-acondicionado-split-climik-69-x-24-cm\/"},"modified":"2024-07-18T16:24:51","modified_gmt":"2024-07-18T14:24:51","slug":"deflector-de-aire-acondicionado-split-climik-69-x-24-cm","status":"publish","type":"product","link":"https:\/\/www.climik.it\/es\/prodotto\/deflector-de-aire-acondicionado-split-climik-69-x-24-cm\/","title":{"rendered":"Deflector de aire acondicionado split Climik 69 x 24 cm"},"content":{"rendered":"<p style=\"text-align: center;\">Climik Split es el deflector dise\u00f1ado especialmente para aires acondicionados split peque\u00f1os y medio.<br \/>\n Su forma de doble curvatura desplaza el chorro de aire helado del climatizador hacia el techo de la habitaci\u00f3n, lo que permite que el aire caliente de la habitaci\u00f3n suba y el aire fr\u00edo descienda uniformemente.<\/p>\n<p>&nbsp;<\/p>\n<p style=\"text-align: center;\">Climik Split crea una experiencia de confort para todos los presentes, transformando la habitaci\u00f3n en una zona de bienestar en pocos minutos.<br \/>\n El deflector est\u00e1 especialmente dise\u00f1ado para garantizar una climatizaci\u00f3n armoniosa de la habitaci\u00f3n, al tiempo que maximiza la eficacia del aire acondicionado.<\/p>\n<p>&nbsp;<\/p>\n<p style=\"text-align: center;\">Toda la gama de deflectores Climik es el aliado perfecto, seg\u00fan la estaci\u00f3n, en la lucha contra el calor y el fr\u00edo, creando un clima armonioso en la estancia.<\/p>\n<p>Los deflectores Climik est\u00e1n dise\u00f1ados para instalarse f\u00e1cilmente. Esto permite transformar r\u00e1pidamente cualquier habitaci\u00f3n en un espacio con un sistema de climatizaci\u00f3n eficaz para todos los usuarios.<\/p>\n","protected":false},"excerpt":{"rendered":"<p style=\"text-align: center;\">Climik Split es el deflector dise\u00f1ado espec\u00edficamente para aires acondicionados split peque\u00f1os y medianos.<br \/>\n Su forma de doble curvatura desplaza el chorro de aire helado del climatizador hacia el techo de la habitaci\u00f3n, lo que permite que el aire caliente de la habitaci\u00f3n suba y el aire fr\u00edo descienda uniformemente.<\/p>\n","protected":false},"featured_media":1991,"template":"","meta":[],"product_brand":[],"product_cat":[144],"product_tag":[],"class_list":{"0":"post-1990","1":"product","2":"type-product","3":"status-publish","4":"has-post-thumbnail","6":"product_cat-deflectores-para-acondicionadores-de-aire-split","7":"product_shipping_class-145","9":"first","10":"instock","11":"taxable","12":"shipping-taxable","13":"purchasable","14":"product-type-simple"},"_links":{"self":[{"href":"https:\/\/www.climik.it\/es\/wp-json\/wp\/v2\/product\/1990","targetHints":{"allow":["GET"]}}],"collection":[{"href":"https:\/\/www.climik.it\/es\/wp-json\/wp\/v2\/product"}],"about":[{"href":"https:\/\/www.climik.it\/es\/wp-json\/wp\/v2\/types\/product"}],"wp:featuredmedia":[{"embeddable":true,"href":"https:\/\/www.climik.it\/es\/wp-json\/wp\/v2\/media\/1991"}],"wp:attachment":[{"href":"https:\/\/www.climik.it\/es\/wp-json\/wp\/v2\/media?parent=1990"}],"wp:term":[{"taxonomy":"product_brand","embeddable":true,"href":"https:\/\/www.climik.it\/es\/wp-json\/wp\/v2\/product_brand?post=1990"},{"taxonomy":"product_cat","embeddable":true,"href":"https:\/\/www.climik.it\/es\/wp-json\/wp\/v2\/product_cat?post=1990"},{"taxonomy":"product_tag","embeddable":true,"href":"https:\/\/www.climik.it\/es\/wp-json\/wp\/v2\/product_tag?post=1990"}],"curies":[{"name":"wp","href":"https:\/\/api.w.org\/{rel}","templated":true}]}}