{"id":1979,"date":"2021-03-23T11:15:51","date_gmt":"2021-03-16T10:15:51","guid":{"rendered":"https:\/\/www.climik.it\/prodotto\/deflector-de-aire-acondicionado-canalizado-canal-climik\/"},"modified":"2024-07-18T16:21:45","modified_gmt":"2024-07-18T14:21:45","slug":"deflector-de-aire-acondicionado-canalizado-canal-climik","status":"publish","type":"product","link":"https:\/\/www.climik.it\/es\/prodotto\/deflector-de-aire-acondicionado-canalizado-canal-climik\/","title":{"rendered":"Canal Climik deflector de aire acondicionado canalizado 95 \u00d7 40 \u00d7 3 cm"},"content":{"rendered":"<p style=\"text-align: center;\">Soluci\u00f3n sencilla y elegante para proteger a los trabajadores del chorro de aire helado t\u00edpico de los lugares de trabajo con aire acondicionado.<\/p>\n<p style=\"text-align: center;\">\n<p style=\"text-align: center;\">Canal Climik se cre\u00f3 para responder a la creciente demanda de trabajo en oficinas di\u00e1fanas, como los centros de llamadas. Canal Climik divide el flujo de aire fr\u00edo del aire acondicionado en dos chorros horizontales, el aire caliente de la habitaci\u00f3n sube y el aire fr\u00edo cae de forma m\u00e1s uniforme.<\/p>\n<p style=\"text-align: center;\"><small><strong>Nota:<\/strong> Los soportes de fijaci\u00f3n para instalar el deflector Climik Canal <strong>no<\/strong> se incluyen en el paquete. Deben adquirirse por separado.<\/small><\/p>\n<p style=\"text-align: center;\">\n<h4 style=\"text-align: center;\"><strong>Con Climik Canal , su lugar de trabajo se convierte en un entorno saludable y confortable, libre de puntos fr\u00edos y molestas corrientes de aire.<\/strong><\/h5>\n","protected":false},"excerpt":{"rendered":"<p style=\"text-align: center;\">Deflector para sistemas canalizados<\/p>\n<p style=\"text-align: center;\">Disponible en varias longitudes<\/p>\n","protected":false},"featured_media":2569,"template":"","meta":[],"product_brand":[],"product_cat":[128],"product_tag":[],"class_list":{"0":"post-1979","1":"product","2":"type-product","3":"status-publish","4":"has-post-thumbnail","6":"product_cat-deflettore-per-condizionamento-canalizzato-es","8":"first","9":"instock","10":"taxable","11":"shipping-taxable","12":"purchasable","13":"product-type-simple"},"_links":{"self":[{"href":"https:\/\/www.climik.it\/es\/wp-json\/wp\/v2\/product\/1979","targetHints":{"allow":["GET"]}}],"collection":[{"href":"https:\/\/www.climik.it\/es\/wp-json\/wp\/v2\/product"}],"about":[{"href":"https:\/\/www.climik.it\/es\/wp-json\/wp\/v2\/types\/product"}],"wp:featuredmedia":[{"embeddable":true,"href":"https:\/\/www.climik.it\/es\/wp-json\/wp\/v2\/media\/2569"}],"wp:attachment":[{"href":"https:\/\/www.climik.it\/es\/wp-json\/wp\/v2\/media?parent=1979"}],"wp:term":[{"taxonomy":"product_brand","embeddable":true,"href":"https:\/\/www.climik.it\/es\/wp-json\/wp\/v2\/product_brand?post=1979"},{"taxonomy":"product_cat","embeddable":true,"href":"https:\/\/www.climik.it\/es\/wp-json\/wp\/v2\/product_cat?post=1979"},{"taxonomy":"product_tag","embeddable":true,"href":"https:\/\/www.climik.it\/es\/wp-json\/wp\/v2\/product_tag?post=1979"}],"curies":[{"name":"wp","href":"https:\/\/api.w.org\/{rel}","templated":true}]}}