{"id":1952,"date":"2021-03-24T11:15:57","date_gmt":"2021-03-16T10:15:57","guid":{"rendered":"https:\/\/www.climik.it\/prodotto\/deflector-acondicionado-con-anemostati-climik-cubo\/"},"modified":"2024-07-19T09:00:46","modified_gmt":"2024-07-19T07:00:46","slug":"deflector-acondicionado-con-anemostati-climik-cubo","status":"publish","type":"product","link":"https:\/\/www.climik.it\/es\/prodotto\/deflector-acondicionado-con-anemostati-climik-cubo\/","title":{"rendered":"Deflector de aire acondicionado con anemostatos Climik Cubo 70 \u00d7 70 \u00d7 3 cm"},"content":{"rendered":"<p style=\"text-align: center;\">Cubo Climik se cre\u00f3 para satisfacer las exigencias cada vez mayores de oficinas y restaurantes, donde el flujo directo de aire fr\u00edo se tolera cada vez menos. Cubo Climik divide el flujo de aire fr\u00edo del aire acondicionado en cuatro chorros horizontales, el aire caliente de la habitaci\u00f3n sube, haciendo descender el aire fr\u00edo de forma m\u00e1s uniforme.<\/p>\n<p style=\"text-align: center;\"><small><strong>Nota:<\/strong> Los soportes de fijaci\u00f3n para instalar el deflector Climik Cube <strong>no se incluyen<\/strong> en el paquete. Deben adquirirse por separado.<\/small><\/p>\n<h4 style=\"text-align: center;\">El lugar de trabajo se convertir\u00e1 en un entorno saludable sin puntos fr\u00edos peligrosos<\/h4>\n","protected":false},"excerpt":{"rendered":"<p style=\"text-align: center;\">Deflector para anemostatos<\/p>\n<p style=\"text-align: center;\">Panel de aluminio pintado de blanco<\/p>\n","protected":false},"featured_media":1953,"template":"","meta":[],"product_brand":[],"product_cat":[128],"product_tag":[],"class_list":{"0":"post-1952","1":"product","2":"type-product","3":"status-publish","4":"has-post-thumbnail","6":"product_cat-deflettore-per-condizionamento-canalizzato-es","7":"product_shipping_class-130","9":"first","10":"instock","11":"taxable","12":"shipping-taxable","13":"purchasable","14":"product-type-simple"},"_links":{"self":[{"href":"https:\/\/www.climik.it\/es\/wp-json\/wp\/v2\/product\/1952","targetHints":{"allow":["GET"]}}],"collection":[{"href":"https:\/\/www.climik.it\/es\/wp-json\/wp\/v2\/product"}],"about":[{"href":"https:\/\/www.climik.it\/es\/wp-json\/wp\/v2\/types\/product"}],"wp:featuredmedia":[{"embeddable":true,"href":"https:\/\/www.climik.it\/es\/wp-json\/wp\/v2\/media\/1953"}],"wp:attachment":[{"href":"https:\/\/www.climik.it\/es\/wp-json\/wp\/v2\/media?parent=1952"}],"wp:term":[{"taxonomy":"product_brand","embeddable":true,"href":"https:\/\/www.climik.it\/es\/wp-json\/wp\/v2\/product_brand?post=1952"},{"taxonomy":"product_cat","embeddable":true,"href":"https:\/\/www.climik.it\/es\/wp-json\/wp\/v2\/product_cat?post=1952"},{"taxonomy":"product_tag","embeddable":true,"href":"https:\/\/www.climik.it\/es\/wp-json\/wp\/v2\/product_tag?post=1952"}],"curies":[{"name":"wp","href":"https:\/\/api.w.org\/{rel}","templated":true}]}}