{"id":1894,"date":"2021-03-16T11:16:00","date_gmt":"2021-03-16T10:16:00","guid":{"rendered":"https:\/\/www.climik.it\/prodotto\/deflector-del-acondicionador-de-ventilador-coil-climik-fan-110-cm\/"},"modified":"2024-08-05T10:45:30","modified_gmt":"2024-08-05T08:45:30","slug":"deflector-del-acondicionador-de-ventilador-coil-climik-fan-110-cm","status":"publish","type":"product","link":"https:\/\/www.climik.it\/es\/prodotto\/deflector-del-acondicionador-de-ventilador-coil-climik-fan-110-cm\/","title":{"rendered":"Climik Fan Coil Deflector Aire Acondicionado 130cm"},"content":{"rendered":"<p style=\"text-align: center;\">Gracias a su dise\u00f1o (modelo registrado) , el deflector de aire acondicionado Climik Fan desplaza el chorro de aire fr\u00edo del aire acondicionado hacia el techo de la habitaci\u00f3n, el aire caliente de la habitaci\u00f3n sube , haciendo descender el aire fr\u00edo de forma m\u00e1s uniforme.<\/p>\n<p>&nbsp;<\/p>\n<p style=\"text-align: center;\">S\u00f3lo se necesitan dos minutos para conseguir un entorno saludable sin puntos fr\u00edos peligrosos, para trabajar y vivir en un lugar m\u00e1s seguro<\/p>\n","protected":false},"excerpt":{"rendered":"<p style=\"text-align: center;\">Deflector para climatizadores de Climik Fan<\/p>\n<p style=\"text-align: center;\">puede instalarse sin desmontar el acondicionador de aire<\/p>\n<p style=\"text-align: center;\"><span style=\"line-height: 1.5;\">Estructura de acero pintado de blanco. <\/span><\/p>\n<h5 style=\"text-align: center;\"><\/h5>\n","protected":false},"featured_media":1897,"template":"","meta":[],"product_brand":[],"product_cat":[167],"product_tag":[],"class_list":{"0":"post-1894","1":"product","2":"type-product","3":"status-publish","4":"has-post-thumbnail","6":"product_cat-deflectores-para-acondicionadores-de-aire","7":"product_shipping_class-fan-es","9":"first","10":"instock","11":"taxable","12":"shipping-taxable","13":"purchasable","14":"product-type-simple"},"_links":{"self":[{"href":"https:\/\/www.climik.it\/es\/wp-json\/wp\/v2\/product\/1894","targetHints":{"allow":["GET"]}}],"collection":[{"href":"https:\/\/www.climik.it\/es\/wp-json\/wp\/v2\/product"}],"about":[{"href":"https:\/\/www.climik.it\/es\/wp-json\/wp\/v2\/types\/product"}],"wp:featuredmedia":[{"embeddable":true,"href":"https:\/\/www.climik.it\/es\/wp-json\/wp\/v2\/media\/1897"}],"wp:attachment":[{"href":"https:\/\/www.climik.it\/es\/wp-json\/wp\/v2\/media?parent=1894"}],"wp:term":[{"taxonomy":"product_brand","embeddable":true,"href":"https:\/\/www.climik.it\/es\/wp-json\/wp\/v2\/product_brand?post=1894"},{"taxonomy":"product_cat","embeddable":true,"href":"https:\/\/www.climik.it\/es\/wp-json\/wp\/v2\/product_cat?post=1894"},{"taxonomy":"product_tag","embeddable":true,"href":"https:\/\/www.climik.it\/es\/wp-json\/wp\/v2\/product_tag?post=1894"}],"curies":[{"name":"wp","href":"https:\/\/api.w.org\/{rel}","templated":true}]}}