{"id":1883,"date":"2021-05-25T11:00:07","date_gmt":"2021-05-25T09:00:07","guid":{"rendered":"https:\/\/www.climik.it\/prodotto\/deflector-de-aire-acondicionado-split-climik-extra-80-x-30-cm\/"},"modified":"2026-02-04T11:39:02","modified_gmt":"2026-02-04T10:39:02","slug":"deflector-de-aire-acondicionado-split-climik-extra-80-x-30-cm","status":"publish","type":"product","link":"https:\/\/www.climik.it\/es\/prodotto\/deflector-de-aire-acondicionado-split-climik-extra-80-x-30-cm\/","title":{"rendered":"Deflector de aire acondicionado split Climik Extra 80 x 30 cm"},"content":{"rendered":"<p style=\"text-align: center;\">Climik Extra es el deflector dise\u00f1ado espec\u00edficamente para aires acondicionados split peque\u00f1os, medianos y grandes. Gracias a su forma de doble curvatura, desplaza el chorro de aire helado del climatizador hacia el techo de la habitaci\u00f3n, lo que permite que el aire caliente de la habitaci\u00f3n suba y el aire fr\u00edo descienda uniformemente.<\/p>\n<p>&nbsp;<\/p>\n<p style=\"text-align: center;\">Climik Extra es ideal tanto para el hogar como para el trabajo. En s\u00f3lo dos minutos, puede transformar la habitaci\u00f3n en una zona confortable, ofreciendo una experiencia de bienestar sin concesiones a todos los espectadores.<\/p>\n<p>&nbsp;<\/p>\n<p style=\"text-align: center;\">Es importante destacar que la instalaci\u00f3n de deflectores demasiado grandes puede hacer que el aire acondicionado lea la temperatura en el propio objeto, en lugar de en la habitaci\u00f3n. Toda la gama de deflectores Climik es el aliado perfecto, seg\u00fan la estaci\u00f3n, en la lucha contra el calor y el fr\u00edo, creando un clima armonioso en la estancia. Los deflectores Climik est\u00e1n dise\u00f1ados para instalarse f\u00e1cilmente. Esto permite transformar r\u00e1pidamente cualquier habitaci\u00f3n en un espacio con un sistema de climatizaci\u00f3n eficaz para todos los usuarios.<\/p>\n","protected":false},"excerpt":{"rendered":"<p style=\"text-align: center;\">Climik Extra es ideal tanto para el hogar como para el trabajo. En solo<br \/>\ndos minutos, es capaz de transformar el ambiente en un espacio confortable, ofreciendo<br \/>\nuna experiencia de bienestar sin concesiones para todos los presentes.<\/p>\n","protected":false},"featured_media":1884,"template":"","meta":[],"product_brand":[],"product_cat":[144],"product_tag":[],"class_list":{"0":"post-1883","1":"product","2":"type-product","3":"status-publish","4":"has-post-thumbnail","6":"product_cat-deflectores-para-acondicionadores-de-aire-split","7":"product_shipping_class-145","9":"first","10":"instock","11":"taxable","12":"shipping-taxable","13":"purchasable","14":"product-type-simple"},"_links":{"self":[{"href":"https:\/\/www.climik.it\/es\/wp-json\/wp\/v2\/product\/1883","targetHints":{"allow":["GET"]}}],"collection":[{"href":"https:\/\/www.climik.it\/es\/wp-json\/wp\/v2\/product"}],"about":[{"href":"https:\/\/www.climik.it\/es\/wp-json\/wp\/v2\/types\/product"}],"wp:featuredmedia":[{"embeddable":true,"href":"https:\/\/www.climik.it\/es\/wp-json\/wp\/v2\/media\/1884"}],"wp:attachment":[{"href":"https:\/\/www.climik.it\/es\/wp-json\/wp\/v2\/media?parent=1883"}],"wp:term":[{"taxonomy":"product_brand","embeddable":true,"href":"https:\/\/www.climik.it\/es\/wp-json\/wp\/v2\/product_brand?post=1883"},{"taxonomy":"product_cat","embeddable":true,"href":"https:\/\/www.climik.it\/es\/wp-json\/wp\/v2\/product_cat?post=1883"},{"taxonomy":"product_tag","embeddable":true,"href":"https:\/\/www.climik.it\/es\/wp-json\/wp\/v2\/product_tag?post=1883"}],"curies":[{"name":"wp","href":"https:\/\/api.w.org\/{rel}","templated":true}]}}