{"id":1880,"date":"2021-03-17T11:16:39","date_gmt":"2021-03-16T10:16:39","guid":{"rendered":"https:\/\/www.climik.it\/prodotto\/deflector-para-cassettes-climik-cuadro-kit-grande\/"},"modified":"2026-04-15T10:52:31","modified_gmt":"2026-04-15T08:52:31","slug":"deflector-para-cassettes-climik-cuadro-kit-grande","status":"publish","type":"product","link":"https:\/\/www.climik.it\/es\/prodotto\/deflector-para-cassettes-climik-cuadro-kit-grande\/","title":{"rendered":"Kit grande de deflectores de cassette Climik Quadro"},"content":{"rendered":"<p style=\"text-align: center;\">El Climik Quadro, de elegante dise\u00f1o, es el deflector perfecto para todos los acondicionadores de aire de cassette medianos y grandes.<br \/>\n Al desplazar el chorro de aire helado del climatizador hacia el techo, proporciona una sensaci\u00f3n superior de bienestar y una climatizaci\u00f3n \u00f3ptima de todas las habitaciones: el aire caliente de la habitaci\u00f3n sube hacia el techo, mientras que el aire fr\u00edo cae uniformemente, creando un sistema de climatizaci\u00f3n equilibrado en cuesti\u00f3n de minutos.<\/p>\n<p>&nbsp;<\/p>\n<p style=\"text-align: center;\">Climik Quadro es la soluci\u00f3n ideal para todos los espacios de trabajo, como oficinas, hospitales y restaurantes, donde el confort del aire acondicionado es esencial para proporcionar a los usuarios una experiencia agradable.<\/p>\n<p>&nbsp;<\/p>\n<p style=\"text-align: center;\">Toda la gama de deflectores Climik es el aliado perfecto, seg\u00fan la estaci\u00f3n, en la lucha contra el calor y el fr\u00edo, creando un clima armonioso en la estancia.<\/p>\n<p>Los deflectores Climik est\u00e1n dise\u00f1ados para instalarse f\u00e1cilmente. Esto permite transformar r\u00e1pidamente cualquier habitaci\u00f3n en un espacio con un sistema de climatizaci\u00f3n eficaz para todos los usuarios.<\/p>\n","protected":false},"excerpt":{"rendered":"<p style=\"text-align: center;\">Climik Quadro es la soluci\u00f3n ideal para todos los espacios de trabajo, como oficinas, hospitales y restaurantes, donde el confort del aire acondicionado es esencial para proporcionar a los usuarios una experiencia agradable.<\/p>\n","protected":false},"featured_media":1151,"template":"","meta":[],"product_brand":[],"product_cat":[138],"product_tag":[],"class_list":{"0":"post-1880","1":"product","2":"type-product","3":"status-publish","4":"has-post-thumbnail","6":"product_cat-deflettori-per-condizionatori-a-cassetta-es","7":"product_shipping_class-145","9":"first","10":"instock","11":"taxable","12":"shipping-taxable","13":"purchasable","14":"product-type-simple"},"_links":{"self":[{"href":"https:\/\/www.climik.it\/es\/wp-json\/wp\/v2\/product\/1880","targetHints":{"allow":["GET"]}}],"collection":[{"href":"https:\/\/www.climik.it\/es\/wp-json\/wp\/v2\/product"}],"about":[{"href":"https:\/\/www.climik.it\/es\/wp-json\/wp\/v2\/types\/product"}],"wp:featuredmedia":[{"embeddable":true,"href":"https:\/\/www.climik.it\/es\/wp-json\/wp\/v2\/media\/1151"}],"wp:attachment":[{"href":"https:\/\/www.climik.it\/es\/wp-json\/wp\/v2\/media?parent=1880"}],"wp:term":[{"taxonomy":"product_brand","embeddable":true,"href":"https:\/\/www.climik.it\/es\/wp-json\/wp\/v2\/product_brand?post=1880"},{"taxonomy":"product_cat","embeddable":true,"href":"https:\/\/www.climik.it\/es\/wp-json\/wp\/v2\/product_cat?post=1880"},{"taxonomy":"product_tag","embeddable":true,"href":"https:\/\/www.climik.it\/es\/wp-json\/wp\/v2\/product_tag?post=1880"}],"curies":[{"name":"wp","href":"https:\/\/api.w.org\/{rel}","templated":true}]}}