{"id":5720,"date":"2024-09-26T16:57:21","date_gmt":"2024-09-26T14:57:21","guid":{"rendered":"https:\/\/www.climik.it\/politica-decookies\/"},"modified":"2024-09-26T16:57:21","modified_gmt":"2024-09-26T14:57:21","slug":"politica-decookies","status":"publish","type":"page","link":"https:\/\/www.climik.it\/es\/politica-decookies\/","title":{"rendered":"Pol\u00edtica decookies"},"content":{"rendered":"\t\t<div data-elementor-type=\"wp-page\" data-elementor-id=\"5720\" class=\"elementor elementor-5720 elementor-5304\" data-elementor-post-type=\"page\">\n\t\t\t\t\t\t<section class=\"elementor-section elementor-top-section elementor-element elementor-element-d37a397 elementor-section-boxed elementor-section-height-default elementor-section-height-default\" data-id=\"d37a397\" data-element_type=\"section\" data-e-type=\"section\" data-settings=\"{&quot;background_background&quot;:&quot;classic&quot;}\">\n\t\t\t\t\t\t<div class=\"elementor-container elementor-column-gap-default\">\n\t\t\t\t\t<div class=\"elementor-column elementor-col-100 elementor-top-column elementor-element elementor-element-ac559db\" data-id=\"ac559db\" data-element_type=\"column\" data-e-type=\"column\">\n\t\t\t<div class=\"elementor-widget-wrap elementor-element-populated\">\n\t\t\t\t\t\t\t<\/div>\n\t\t<\/div>\n\t\t\t\t\t<\/div>\n\t\t<\/section>\n\t\t\t\t<section class=\"elementor-section elementor-top-section elementor-element elementor-element-4b368c39 elementor-section-boxed elementor-section-height-default elementor-section-height-default\" data-id=\"4b368c39\" data-element_type=\"section\" data-e-type=\"section\">\n\t\t\t\t\t\t<div class=\"elementor-container elementor-column-gap-default\">\n\t\t\t\t\t<div class=\"elementor-column elementor-col-100 elementor-top-column elementor-element elementor-element-31b3a6eb\" data-id=\"31b3a6eb\" data-element_type=\"column\" data-e-type=\"column\">\n\t\t\t<div class=\"elementor-widget-wrap elementor-element-populated\">\n\t\t\t\t\t\t<div class=\"elementor-element elementor-element-643e944c elementor-widget elementor-widget-text-editor\" data-id=\"643e944c\" data-element_type=\"widget\" data-e-type=\"widget\" data-widget_type=\"text-editor.default\">\n\t\t\t\t<div class=\"elementor-widget-container\">\n\t\t\t\t\t\t\t\t\t<p><strong>Pol\u00edtica de Cookies de climik.it<\/strong><br>Este documento contiene informaci\u00f3n sobre las tecnolog\u00edas que permiten a esta Aplicaci\u00f3n alcanzar los fines descritos a continuaci\u00f3n. Estas tecnolog\u00edas permiten al Propietario recopilar y guardar informaci\u00f3n (por ejemplo, mediante el uso de Cookies) o utilizar recursos (por ejemplo, mediante la ejecuci\u00f3n de un script) en el dispositivo del Usuario cuando este interact\u00faa con esta Aplicaci\u00f3n. <\/p>\n<p>En aras de la simplicidad, estas tecnolog\u00edas se denominan brevemente en este documento \u00abHerramientas de seguimiento\u00bb, a menos que haya motivos para diferenciarlas.<br>Por ejemplo, aunque las cookies pueden utilizarse tanto en navegadores web como m\u00f3viles ser\u00eda inapropiado hablar de Cookies en el contexto de aplicaciones m\u00f3viles , ya que se trata de herramientas de seguimiento que requieren la presencia de un navegador. Por este motivo, en este documento el t\u00e9rmino Cookies s\u00f3lo se utiliza para referirse espec\u00edficamente a ese tipo concreto de Herramienta de Seguimiento. <\/p>\n<p>Algunos de los fines para los que se utilizan las Herramientas de Seguimiento tambi\u00e9n pueden requerir el consentimiento del Usuario. Si se da el consentimiento , puede revocarse libremente en cualquier momento siguiendo las instrucciones contenidas en este documento. <\/p>\n<p>Esta Aplicaci\u00f3n s\u00f3lo utiliza Herramientas de seguimiento operadas directamente por el Propietario (com\u00fanmente denominadas Herramientas de seguimiento de \u00abprimera parte\u00bb).<br>Duraci\u00f3n y caducidad de las Cookies de origen y otras herramientas de seguimiento similares similares pueden variar en funci\u00f3n de lo establecido por el Responsable del Tratamiento. Algunas de ellas expiran al final de la sesi\u00f3n de navegaci\u00f3n del Usuario. <\/p>\n<p>Actividades estrictamente necesarias para garantizar el funcionamiento de esta Aplicaci\u00f3n y la <br>prestaci\u00f3n del ServicioEsta Aplicaci\u00f3n utiliza Cookies com\u00fanmente denominadas \u00abt\u00e9cnicas\u00bb u otras herramientas de seguimiento similares para llevar a cabo actividades estrictamente necesarias para garantizar el funcionamiento o la prestaci\u00f3n del Servicio.<\/p>\n<p><b>C\u00f3mo gestionar las preferencias y dar o revocar el consentimiento<\/b><br>Existen varias formas de gestionar preferencias para las Herramientas de seguimiento y para dar o revocar el consentimiento, cuando sea necesario:<\/p>\n<p>Los usuarios pueden gestionar sus preferencias para las Herramientas de seguimiento directamente a trav\u00e9s de los ajustes de su dispositivo &#8211; por ejemplo, pueden impedir el uso o almacenamiento de Herramientas de Seguimiento.<\/p>\n<p>Adem\u00e1s, siempre que el uso de las Herramientas de seguimiento dependa del consentimiento, usted puede dar o revocar dicho consentimiento estableciendo sus preferencias en la pol\u00edtica de cookies o actualizando dichas preferencias a trav\u00e9s del widget de privacidad para preferencias de consentimiento , en su caso.<\/p>\n<p>Tambi\u00e9n es posible eliminar las Herramientas de Seguimiento previamente guardadasmediante funciones especiales del navegador o del dispositivo, incluidas las utilizadas para guardar las preferencias de consentimiento expresadas inicialmente por el Usuario.<\/p>\n<p>Otras herramientas de seguimiento en la memoria local del navegador pueden eliminarse borrando el historial de navegaci\u00f3n.<\/p>\n<p><b>Localizaci\u00f3n de los ajustes relacionados con las Herramientas de seguimiento<\/b><br>Los usuarios pueden, por ejemplo, encontrar informaci\u00f3n sobre c\u00f3mo gestionar las cookies en algunos de los navegadores m\u00e1s populares en las siguientes direcciones:<\/p>\n<p>Google Chrome<br>Mozilla Firefox<br>Apple Safari<br>Microsoft Internet Explorer<br>Microsoft Edge<br>Brave<br>Opera<br>Los usuarios tambi\u00e9n pueden gestionar determinadas herramientas de seguimiento de aplicaciones m\u00f3viles desactiv\u00e1ndolas a trav\u00e9s de los ajustes correspondientes del dispositivo, como los ajustes de publicidad para dispositivos m\u00f3viles o los ajustes relacionados con el seguimiento en general (los usuarios pueden consultar la configuraci\u00f3n de su dispositivo para encontrar la pertinente).<\/p>\n<p><b>Consecuencias de negarse a utilizar las Herramientas de seguimiento<\/b><br>Los usuarios son libres de decidir si permiten o no el uso de las Herramientas de seguimiento. No obstante, tenga en cuenta que las Herramientas de Seguimiento permiten a esta Aplicaci\u00f3n proporcionar a los Usuarios una mejor experiencia y funcionalidades avanzadas (en l\u00ednea con los fines expuestos en este documento) . a los Usuarios una mejor experiencia y funcionalidades avanzadas (en l\u00ednea con los fines expuestos en este documento). Por lo tanto, si el Usuario decide bloquear el uso de Herramientas de Seguimiento, es posible que el Responsable del Tratamiento no pueda proporcionar las funcionalidades relacionadas.  <\/p>\n<p><b>Controlador de datos<\/b><br>A.R. STAMPI srl<br>Via dell\u2019Artigianato, 19<br>20010 Cornaredo (MI)<br>P.Iva: 03446130969<\/p>\n<p>Direcci\u00f3n de correo electr\u00f3nico del titular: info@climik.it<\/p>\n<p>Dada la complejidad objetiva de la identificaci\u00f3n de las tecnolog\u00edas de rastreo se invita a los usuarios a ponerse en contacto con el responsable del tratamiento si desean recibir m\u00e1s informaci\u00f3n sobre el uso de dichas tecnolog\u00edas en esta Aplicaci\u00f3n.<\/p>\n<p><b>Definiciones y referencias jur\u00eddicas<br>Datos personales<\/b><br>Los datos personales son cualquier informaci\u00f3n que, directa o indirectamente, incluso en conjunci\u00f3n con cualquier otra informaci\u00f3n, incluido un n\u00famero de identificaci\u00f3n personal, haga identificable o identificada a una persona f\u00edsica.<\/p>\n<p><b>Datos de uso<\/b><br>Se trata de la informaci\u00f3n recopilada autom\u00e1ticamente a trav\u00e9s de esta Aplicaci\u00f3n (incluso por aplicaciones de terceros integradas en esta Aplicaci\u00f3n), incluyendo: direcciones IP o nombres de dominio de los ordenadores utilizados por el Usuario que se conecta con esta Aplicaci\u00f3n, direcciones de notaci\u00f3n URI (Uniform Resource Identifier), la hora de la solicitud, el m\u00e9todo utilizado para reenviar la solicitud al servidor, el tama\u00f1o del archivo obtenido como respuesta, el c\u00f3digo num\u00e9rico que indica el estado de la respuesta del servidor (correcto, error, etc.), el pa\u00eds de origen, las caracter\u00edsticas del navegador y del sistema operativo utilizados por el visitante, las distintas connotaciones temporales de la visita (por ejemplo, el tiempo empleado en cada p\u00e1gina) y los detalles del itinerario seguido por el Usuario.), el pa\u00eds de origen, las caracter\u00edsticas del navegador y del sistema operativo utilizados por el visitante, las distintas connotaciones temporales de la visita (por ejemplo, el tiempo de permanencia en cada p\u00e1gina) y los detalles del itinerario seguido dentro de la Aplicaci\u00f3n, con especial referencia a la secuencia de las p\u00e1ginas consultadas, los par\u00e1metros relativos al sistema operativo y al entorno inform\u00e1tico del Usuario.<\/p>\n<p><b>Usuario<\/b><br>La persona f\u00edsica que utiliza esta Aplicaci\u00f3n que, salvo que se especifique lo contrario, coincide con el Titular de los datos.<\/p>\n<p><b>Interesado<\/b><br>La persona f\u00edsica a la que se refieren los Datos Personales.<\/p>\n<p><b>Responsable del tratamiento (o Encargado del tratamiento)<\/b><br>La persona f\u00edsica, jur\u00eddica, administraci\u00f3n p\u00fablica y cualquier otra entidad que trate datos personales por cuenta del Responsable del tratamiento, tal como se establece en la presente pol\u00edtica de privacidad.<\/p>\n<p><b>Responsable del tratamiento (o Encargado del tratamiento)<\/b><br>La persona f\u00edsica o jur\u00eddica, autoridad p\u00fablica, servicio u otro organismo que, individualmente o junto con otros, determina los fines y medios del tratamiento de datos personales y los instrumentos adoptados, incluidas las medidas de seguridad relativas al funcionamiento y uso de esta Aplicaci\u00f3n. El Responsable del Tratamiento, salvo que se especifique lo contrario, es el titular de esta Aplicaci\u00f3n. <\/p>\n<p><b>Esta Aplicaci\u00f3n<\/b><br>La herramienta de hardware o software mediante la cual se recopilan y procesan los Datos Personales de los Usuarios.<\/p>\n<p><b>Servicio<\/b><br>El Servicio proporcionado por esta Aplicaci\u00f3n tal y como se define en los t\u00e9rminos pertinentes (si los hubiera) en este sitio\/aplicaci\u00f3n.<\/p>\n<p><b>Uni\u00f3n Europea (o UE)<\/b><br>Salvo que se especifique lo contrario, toda referencia a la Uni\u00f3n Europea en este documento se entender\u00e1 hecha a todos los Estados miembros actuales de la Uni\u00f3n Europea y del Espacio Econ\u00f3mico Europeo.<\/p>\n<p><b>Cookies<\/b><br>Lascookies son herramientas de seguimiento que consisten en peque\u00f1as porciones de datos almacenados en el navegador del Usuario.<\/p>\n<p><b>Herramienta de seguimiento<\/b><br>Por herramienta de seguimiento se entiende cualquier tecnolog\u00eda -por ejemplo, cookies, identificadores \u00fanicos, balizas web, scripts incrustados, etiquetas electr\u00f3nicas y huellas dactilares. Cookies, identificadores \u00fanicos, balizas web, secuencias de comandos incrustadas, etiquetas electr\u00f3nicas y huellas digitales- que permite rastrear a los Usuarios, por ejemplo, recopilando o almacenando informaci\u00f3n en el dispositivo del usuario.<\/p>\n<p><b>Referencias legales<\/b><br>A menos que se especifique lo contrario, esta pol\u00edtica de privacidad se refiere exclusivamente a esta Aplicaci\u00f3n.<\/p>\n<p>\u00daltima modificaci\u00f3n: 14 de junio de 2024<\/p>\t\t\t\t\t\t\t\t<\/div>\n\t\t\t\t<\/div>\n\t\t\t\t\t<\/div>\n\t\t<\/div>\n\t\t\t\t\t<\/div>\n\t\t<\/section>\n\t\t\t\t<\/div>\n\t\t","protected":false},"excerpt":{"rendered":"<p>Pol\u00edtica de Cookies de climik.itEste documento contiene informaci\u00f3n sobre las tecnolog\u00edas que permiten a esta Aplicaci\u00f3n alcanzar los fines descritos a continuaci\u00f3n. Estas tecnolog\u00edas permiten al Propietario recopilar y guardar informaci\u00f3n (por ejemplo, mediante el uso de Cookies) o utilizar recursos (por ejemplo, mediante la ejecuci\u00f3n de un script) en el dispositivo del Usuario cuando [&hellip;]<\/p>\n","protected":false},"author":1,"featured_media":0,"parent":0,"menu_order":0,"comment_status":"closed","ping_status":"closed","template":"elementor_header_footer","meta":{"footnotes":""},"class_list":["post-5720","page","type-page","status-publish","hentry"],"_links":{"self":[{"href":"https:\/\/www.climik.it\/es\/wp-json\/wp\/v2\/pages\/5720","targetHints":{"allow":["GET"]}}],"collection":[{"href":"https:\/\/www.climik.it\/es\/wp-json\/wp\/v2\/pages"}],"about":[{"href":"https:\/\/www.climik.it\/es\/wp-json\/wp\/v2\/types\/page"}],"author":[{"embeddable":true,"href":"https:\/\/www.climik.it\/es\/wp-json\/wp\/v2\/users\/1"}],"replies":[{"embeddable":true,"href":"https:\/\/www.climik.it\/es\/wp-json\/wp\/v2\/comments?post=5720"}],"version-history":[{"count":1,"href":"https:\/\/www.climik.it\/es\/wp-json\/wp\/v2\/pages\/5720\/revisions"}],"predecessor-version":[{"id":5721,"href":"https:\/\/www.climik.it\/es\/wp-json\/wp\/v2\/pages\/5720\/revisions\/5721"}],"wp:attachment":[{"href":"https:\/\/www.climik.it\/es\/wp-json\/wp\/v2\/media?parent=5720"}],"curies":[{"name":"wp","href":"https:\/\/api.w.org\/{rel}","templated":true}]}}