{"id":1508,"date":"2021-04-20T12:19:17","date_gmt":"2021-04-20T10:19:17","guid":{"rendered":"https:\/\/www.climik.it\/?page_id=1508"},"modified":"2021-05-12T09:40:17","modified_gmt":"2021-05-12T07:40:17","slug":"terminos-y-condiciones","status":"publish","type":"page","link":"https:\/\/www.climik.it\/es\/terminos-y-condiciones\/","title":{"rendered":"terminos y condiciones"},"content":{"rendered":"\t\t<div data-elementor-type=\"wp-page\" data-elementor-id=\"1508\" class=\"elementor elementor-1508\" data-elementor-post-type=\"page\">\n\t\t\t\t\t\t<section class=\"elementor-section elementor-top-section elementor-element elementor-element-7f291e90 elementor-section-boxed elementor-section-height-default elementor-section-height-default\" data-id=\"7f291e90\" data-element_type=\"section\" data-e-type=\"section\">\n\t\t\t\t\t\t<div class=\"elementor-container elementor-column-gap-default\">\n\t\t\t\t\t<div class=\"elementor-column elementor-col-100 elementor-top-column elementor-element elementor-element-38e9b10b\" data-id=\"38e9b10b\" data-element_type=\"column\" data-e-type=\"column\">\n\t\t\t<div class=\"elementor-widget-wrap elementor-element-populated\">\n\t\t\t\t\t\t<div class=\"elementor-element elementor-element-2a27d9b5 elementor-widget elementor-widget-text-editor\" data-id=\"2a27d9b5\" data-element_type=\"widget\" data-e-type=\"widget\" data-widget_type=\"text-editor.default\">\n\t\t\t\t<div class=\"elementor-widget-container\">\n\t\t\t\t\t\t\t\t\t\n<p><strong>A.R. STAMPI srl<br \/>Via dell\u2019Artigianato, 19<br \/>20010 \u2013 Cornaredo (MI) \u2013 Italia<br \/>C.F. \u2013 P. IVA 03446130969<\/strong><\/p>\n\n\n\n<p><strong>1. Generalidades\/ Validez<\/strong><br \/>Estas condiciones generales de contrataci\u00f3n se aplican a todos los suministros del A.R. STAMPI srl. modificaciones o adiciones en las condiciones generales requieren expresamente la autorizaci\u00f3n de A.R. STAMPI srl. Una confirmaci\u00f3n por correo electr\u00f3nico se considera suficiente.<\/p>\n\n\n\n<p><strong>2. Le offerte<\/strong><br \/>todas las ofertas de A.R. STAMPI srl son no vinculantes y no vinculantes. Pueden producirse peque\u00f1as discrepancias y\/o modificaciones t\u00e9cnicas en relaci\u00f3n con el material representado y sus descripciones. El contrato se cierra despu\u00e9s de la terminaci\u00f3n de los procedimientos del pedido en www.climik.it y despu\u00e9s de la confirmaci\u00f3n. <\/p>\n\n\n\n<p><strong>3. Precios y condiciones de venta <\/strong><br \/>Valen los precios que son indicados por A.R. STAMPI srl en el momento del pedido. Todos los precios est\u00e1n en euros y se consideran incluidos en el IVA legal.<br \/>La empresa se reserva el derecho de rechazar cualquier pedido con errores manifiestos de precio. Los costes de env\u00edo se calculan por separado. A.R. STAMPI srl acepta todos los m\u00e9todos de pago que se describen en el sitio www.climik.it dentro del procedimiento de pedido. El cliente elige por s\u00ed mismo la forma de pago preferida. Los costes adicionales que se generen como consecuencia de una determinada forma de pago (p. ej., distintivo) se a\u00f1adir\u00e1n al precio del producto. No est\u00e1 prevista ninguna modalidad de descuento. Para pedidos en cantidad notable A.R. STAMPI srl puede proponer un descuento por cantidad. Cont\u00e1ctenos en este caso por correo electr\u00f3nico a la direcci\u00f3n info@climik.it <\/p>\n\n\n\n<p><strong>4. Suministro, plazos de entrega y costes de env\u00edo <\/strong><br \/>La entrega de la mercanc\u00eda al cliente se realiza por medio de un mensajero a cargo nuestro. En caso de devoluci\u00f3n, el cliente puede elegir el modo preferido. Los gastos de env\u00edo se dan a conocer al cliente antes de cerrar el pedido. Una explicaci\u00f3n detallada de los costes de transporte se encuentra en nuestro sitio bajo la entrada correspondiente del men\u00fa.<br \/>La mercanc\u00eda disponible en el almac\u00e9n se enviar\u00e1 dentro de los 3 d\u00edas laborables de recepci\u00f3n del pedido. Para la mercanc\u00eda no disponible en el almac\u00e9n el tiempo de entrega puede llegar a cuatro semanas. Si el suministro no funciona por causas ajenas a A.R. STAMPI srl, A.R. STAMPI srl est\u00e1 autorizada a rescindir el contrato. A.R. STAMPI srl de comprometerse a informar oportunamente al cliente. Eventuales sumas ya cobradas vendr\u00e1n inmediatamente devoluci\u00f3n. El cliente no tendr\u00e1 derecho a ning\u00fan otro tipo de indemnizaci\u00f3n. Suministros parciales son posibles como resultado de los acuerdos con el cliente.<\/p>\n\n\n\n<p><strong>5. Derecho de desistimiento (Decreto Legislativo 22\/5\/1999 n.185)<\/strong><br \/>El cliente tiene derecho a rescindir el contrato dentro del plazo de 14 d\u00edas a partir de la recepci\u00f3n de la mercanc\u00eda, devolviendo el bien objeto de la rescisi\u00f3n a A.R. STAMPI srl, que reembolsar\u00e1, dentro de 14 d\u00edas laborables despu\u00e9s de la recepci\u00f3n de la mercanc\u00eda, el precio de la mercanc\u00eda devuelta.<br \/>Antes de la devoluci\u00f3n, el cliente debe enviar a A.R. STAMPI srl . por correo electr\u00f3nico (in fo@arstampi.it) una comunicaci\u00f3n escrita de que desea ejercer su derecho de desistimiento. En esta comunicaci\u00f3n debe indicarse el n\u00famero de orden.<br \/>El derecho de desistimiento est\u00e1 sujeto a las siguientes condiciones:<br \/>\u2022 El bien adquirido debe ser esencialmente \u00edntegro;<br \/>\u00ae Los gastos de env\u00edo ser\u00e1n a cargo del cliente;<br \/>\u0177 A su llegada en almac\u00e9n de la A.R. STAMPI srl. , la mercanc\u00eda ser\u00e1 examinada para evaluar cualquier da\u00f1o o manipulaci\u00f3n (la integridad sustancial del bien devuelto es una condici\u00f3n esencial para el ejercicio del derecho de desistimiento). Por lo tanto, se recomienda la m\u00e1xima atenci\u00f3n a la hora de preparar el paquete, por ejemplo, utilizando los embalajes originales.<br \/>La direcci\u00f3n de env\u00edo de devoluci\u00f3n se comunicar\u00e1 por correo electr\u00f3nico. <\/p>\n\n\n\n<p><strong>6. Transferencia del riesgo (anulada en el caso de un seguro)<\/strong><br \/>La entrega de la mercanc\u00eda se hace por riesgo del cliente. El riesgo pasa al cliente en cuanto la mercanc\u00eda ha sido confiada al transportista. Esto es v\u00e1lido incluso en el caso de que A.R. STAMPI srl asume los costes del transporte. Las reclamaciones por da\u00f1os causados por el transporte (p. ej., embalaje o producto da\u00f1ado a la llegada de la mercanc\u00eda) deben ser alegadas por el cliente contra el transportista dentro de la caducidad prevista. <\/p>\n\n\n\n<p><strong>7. garant\u00eda<\/strong><br \/>A.R. STAMPI srl\u00a0 garantiza que las mercanc\u00edas vendidas en el momento de la transferencia del riesgo son defectos de material y\/o fabricaci\u00f3n. La garant\u00eda legal de dos a\u00f1os es v\u00e1lida, pero no incluye el consumo o el desgaste normal. Quedan excluidos los derechos a indemnizaci\u00f3n por da\u00f1os y perjuicios para los clientes, por ejemplo, por incumplimiento, falta durante la celebraci\u00f3n del contrato, incumplimiento de obligaciones, da\u00f1os indirectos, da\u00f1os causados por un acto il\u00edcito u otros motivos. A.R. STAMPI srl responde en cambio por la falta de una calidad prometida y en presencia de dolo o culpa grave. En el caso de que A.R. STAMPI srl fuera responsable por defectos de la mercanc\u00eda y la mercanc\u00eda cambiada fuera tambi\u00e9n defectuosa, el cliente tendr\u00eda el derecho de conversi\u00f3n o reducci\u00f3n.<br \/>A.R. STAMPI srl no es responsable ni por la continua disponibilidad del sitio www.climik.it ni por errores t\u00e9cnicos y\/o electr\u00f3nicos de la tienda en l\u00ednea. <\/p>\n\n\n\n<p><strong>8. Reserva de la propiedad<\/strong><br \/>La mercanc\u00eda entregada sigue siendo propiedad de A.R. STAMPI srl hasta el pago completo. <\/p>\n\n\n\n<p><strong>9. jurisdicci\u00f3n<\/strong><br \/>El lugar de la jurisdicci\u00f3n para todas las controversias relativas al curso de los negocios es el lugar de jurisdicci\u00f3n de A.R. STAMPI srl . Las partes contratantes acuerdan para todas las relaciones jur\u00eddicas en conformidad con este contrato la aplicaci\u00f3n del derecho de la Rep\u00fablica Italiana con exclusi\u00f3n de los convenios sobre la venta internacional de bienes.<\/p>\n\n\n\n<p><strong>10. integraciones<\/strong><br \/>La nulidad y\/o ineficacia de uno o varios puntos de estas condiciones generales de contrato no afectar\u00e1 a la validez de los dem\u00e1s puntos. Las determinaciones nulas y\/o ineficaces se sustituyen por las determinaciones legalmente previstas.<\/p>\n\n\n\n<p>Estado: 06\/2010<\/p>\n\n\n\n<p>Derecho de propiedad intelectual:<br \/>Si usted asume que sus derechos de propiedad industrial se violan en cualquiera de los sitios www.climik.com, inf\u00f3rmenos inmediatamente por correo electr\u00f3nico a info@arstampi.it, de modo que usted puede poner remedio r\u00e1pidamente. Tambi\u00e9n tenemos la ambici\u00f3n de integrar todas las normas jur\u00eddicas y obligaciones de informaci\u00f3n. Si usted asume que esto no est\u00e1 garantizado de manera suficiente, por favor inf\u00f3rmenos inmediatamente por correo electr\u00f3nico a info@arstampi.it para que pueda poner remedio r\u00e1pidamente. Por favor, considere que la inclusi\u00f3n de un abogado y una posible advertencia no se corresponden con nuestra voluntad.<\/p>\n\t\t\t\t\t\t\t\t<\/div>\n\t\t\t\t<\/div>\n\t\t\t\t\t<\/div>\n\t\t<\/div>\n\t\t\t\t\t<\/div>\n\t\t<\/section>\n\t\t\t\t<\/div>\n\t\t","protected":false},"excerpt":{"rendered":"<p>A.R. STAMPI srlVia dell\u2019Artigianato, 1920010 \u2013 Cornaredo (MI) \u2013 ItaliaC.F. \u2013 P. IVA 03446130969 1. Generalidades\/ ValidezEstas condiciones generales de contrataci\u00f3n se aplican a todos los suministros del A.R. STAMPI srl. modificaciones o adiciones en las condiciones generales requieren expresamente la autorizaci\u00f3n de A.R. STAMPI srl. Una confirmaci\u00f3n por correo electr\u00f3nico se considera suficiente. 2. [&hellip;]<\/p>\n","protected":false},"author":1,"featured_media":0,"parent":0,"menu_order":0,"comment_status":"closed","ping_status":"closed","template":"","meta":{"footnotes":""},"class_list":["post-1508","page","type-page","status-publish","hentry"],"_links":{"self":[{"href":"https:\/\/www.climik.it\/es\/wp-json\/wp\/v2\/pages\/1508","targetHints":{"allow":["GET"]}}],"collection":[{"href":"https:\/\/www.climik.it\/es\/wp-json\/wp\/v2\/pages"}],"about":[{"href":"https:\/\/www.climik.it\/es\/wp-json\/wp\/v2\/types\/page"}],"author":[{"embeddable":true,"href":"https:\/\/www.climik.it\/es\/wp-json\/wp\/v2\/users\/1"}],"replies":[{"embeddable":true,"href":"https:\/\/www.climik.it\/es\/wp-json\/wp\/v2\/comments?post=1508"}],"version-history":[{"count":0,"href":"https:\/\/www.climik.it\/es\/wp-json\/wp\/v2\/pages\/1508\/revisions"}],"wp:attachment":[{"href":"https:\/\/www.climik.it\/es\/wp-json\/wp\/v2\/media?parent=1508"}],"curies":[{"name":"wp","href":"https:\/\/api.w.org\/{rel}","templated":true}]}}