{"id":6102,"date":"2025-07-29T14:41:05","date_gmt":"2025-07-29T12:41:05","guid":{"rendered":"https:\/\/www.climik.it\/prodotto\/climik-air-flow-20-42cm\/"},"modified":"2026-01-30T15:58:10","modified_gmt":"2026-01-30T14:58:10","slug":"climik-air-flow-20-42cm","status":"publish","type":"product","link":"https:\/\/www.climik.it\/de\/prodotto\/climik-air-flow-20-42cm\/","title":{"rendered":"Climik Air Flow 20-42cm"},"content":{"rendered":"<p style=\"text-align: center;\">Ver\u00e4ndern Sie den Komfort Ihrer Umgebung mit <g id=\"gid_0\">unserem verstellbaren Luftabweiser<\/g>, dem idealen Verb\u00fcndeten f\u00fcr die Optimierung des Luftstroms. Mit seiner von <g id=\"gid_1\">20 cm auf 42 cm erweiterbaren Struktur<\/g> passt er sich perfekt an jede L\u00fcftungs\u00f6ffnung an und f\u00fcgt sich dank seines hochtransparenten, <g id=\"gid_2\">unzerbrechlichen kristallinen Kunststoffs unauff\u00e4llig ein<\/g>. <\/p>\n<p style=\"text-align: center;\">Dieser vollst\u00e4ndig in Italien gefertigte Deflektor ist ein Synonym f\u00fcr <g id=\"gid_0\">hervorragende Handwerkskunst<\/g>, hochwertige Materialien und garantierte Langlebigkeit. Jedes Detail spiegelt die Sorgfalt und Exzellenz des <g id=\"gid_1\">Made in Italy<\/g> wider und bietet Ihnen ein zuverl\u00e4ssiges und leistungsstarkes Produkt. <\/p>\n<p style=\"text-align: center;\">Die Installation ist kinderleicht: dank der <g id=\"gid_0\">drei starken Magnete<\/g> l\u00e4sst sich der Reflektor fest auf Metallausl\u00e4ssen anbringen \u2013 und bleibt auch bei starken Luftstr\u00f6men stabil.<br \/>Dieser Reflektor erm\u00f6glicht es dir, die Luft genau dorthin zu lenken, wo sie gebraucht wird, <g id=\"gid_1\">wodurch Komfort und Effizienz<\/g> deines HVAC-Systems verbessert werden, mit einem entsprechenden <g id=\"gid_2\">Energieersparnis<\/g>. <\/p>\n<p style=\"text-align: center;\">Vielseitig und praktisch, eignet er sich perfekt f\u00fcr Boden-, Wand- und Deckenausl\u00e4sse und ist ideal f\u00fcr Wohnungen, B\u00fcros und Gesch\u00e4ftsr\u00e4ume.<br \/>\nWichtiger Hinweis: F\u00fcr nichtmetallische Ausl\u00e4sse (Holz, Aluminium, Kunststoff) sind integrierte Schraubenschlitze f\u00fcr eine sichere Installation vorhanden.<\/p>\n<p style=\"text-align: center;\">Komplett in Italien entwickelt und hergestellt, um Ihnen h\u00f6chste Qualit\u00e4t und Langlebigkeit zu garantieren.<strong><br \/>\n<\/strong><\/p>\n","protected":false},"excerpt":{"rendered":"<p style=\"text-align: center;\">Optimieren Sie Komfort und Energieeffizienz mit unserem Luftd\u00fcsenabweiser. Er ist von 20 bis 42 cm ausziehbar, aus hochtransparentem, bruchsicherem Kunststoff gefertigt und passt sich perfekt an jede Umgebung an. <\/p>\n<p style=\"text-align: center;\">Dank der drei starken Magnete l\u00e4sst sich das Ger\u00e4t einfach und sicher an Metalll\u00fcftungsgittern befestigen (f\u00fcr nichtmetallische L\u00fcftungsgitter sind Schraubenl\u00f6cher vorhanden).<\/p>\n","protected":false},"featured_media":6092,"template":"","meta":[],"product_brand":[],"product_cat":[341,435],"product_tag":[],"class_list":{"0":"post-6102","1":"product","2":"type-product","3":"status-publish","4":"has-post-thumbnail","6":"product_cat-deflektoren-fur-kanalisierte-klimatisierung","7":"product_cat-senza-categoria-de","8":"product_shipping_class-1-de","10":"first","11":"instock","12":"taxable","13":"shipping-taxable","14":"purchasable","15":"product-type-simple"},"_links":{"self":[{"href":"https:\/\/www.climik.it\/de\/wp-json\/wp\/v2\/product\/6102","targetHints":{"allow":["GET"]}}],"collection":[{"href":"https:\/\/www.climik.it\/de\/wp-json\/wp\/v2\/product"}],"about":[{"href":"https:\/\/www.climik.it\/de\/wp-json\/wp\/v2\/types\/product"}],"wp:featuredmedia":[{"embeddable":true,"href":"https:\/\/www.climik.it\/de\/wp-json\/wp\/v2\/media\/6092"}],"wp:attachment":[{"href":"https:\/\/www.climik.it\/de\/wp-json\/wp\/v2\/media?parent=6102"}],"wp:term":[{"taxonomy":"product_brand","embeddable":true,"href":"https:\/\/www.climik.it\/de\/wp-json\/wp\/v2\/product_brand?post=6102"},{"taxonomy":"product_cat","embeddable":true,"href":"https:\/\/www.climik.it\/de\/wp-json\/wp\/v2\/product_cat?post=6102"},{"taxonomy":"product_tag","embeddable":true,"href":"https:\/\/www.climik.it\/de\/wp-json\/wp\/v2\/product_tag?post=6102"}],"curies":[{"name":"wp","href":"https:\/\/api.w.org\/{rel}","templated":true}]}}