{"id":5977,"date":"2025-06-11T15:27:08","date_gmt":"2025-06-11T13:27:08","guid":{"rendered":"https:\/\/www.climik.it\/prodotto\/climik-fan-flap-88x15x5\/"},"modified":"2025-06-13T09:21:06","modified_gmt":"2025-06-13T07:21:06","slug":"climik-fan-flap-88x15x5","status":"publish","type":"product","link":"https:\/\/www.climik.it\/de\/prodotto\/climik-fan-flap-88x15x5\/","title":{"rendered":"Climik Fan Flap 88x15x5"},"content":{"rendered":"<p style=\"text-align: center;\"><strong>Ma\u00dfgeschneiderter Komfort mit dem transparenten Deflektor f\u00fcr Fan Coil-Klimager\u00e4te<\/strong><\/p>\n<p style=\"text-align: center;\">Haben Sie genug von direkter Zugluft und \u00fcberm\u00e4\u00dfiger K\u00e4lte, die von Ihrer Klimaanlage verursacht wird? Unser <strong>Fan Coil-Klimager\u00e4t <\/strong>ist die ideale L\u00f6sung, um Ihre Umgebung gem\u00fctlicher und komfortabler zu gestalten. <\/p>\n<p style=\"text-align: center;\"><strong>Top-Design und Funktionalit\u00e4t<\/strong>: Aus hochwertigem, <strong>transparentem <\/strong>Material gefertigt, f\u00fcgt sich dieser Windabweiser perfekt in jedes Dekor ein und ist nahezu unsichtbar. Sein Hauptmerkmal ist die <strong>Vielseitigkeit<\/strong>: Die bewegliche Schaufel kann von <strong>0 bis 90 Grad<\/strong> verstellt werden, so dass Sie den Kaltluftstrom nach oben oder zur Seite lenken k\u00f6nnen und er Sie nicht direkt trifft. Halsschmerzen, steifer Nacken und das unangenehme Gef\u00fchl, zu kalt zu sein, geh\u00f6ren damit der Vergangenheit an.  <\/p>\n<p style=\"text-align: center;\"><strong>Spezifisch f\u00fcr Fan Coil<\/strong>: Es ist wichtig zu betonen, dass dieser Deflektor <strong>nur f\u00fcr Fan Coil-Klimager\u00e4te geeignet ist<\/strong>. Wir haben seine Abmessungen (88x15x5 cm) f\u00fcr eine optimale Kompatibilit\u00e4t und Effizienz mit diesem Ger\u00e4tetyp entwickelt, um eine perfekte Passform und kompromisslose Funktionalit\u00e4t zu gew\u00e4hrleisten. <\/p>\n<p style=\"text-align: center;\"><strong>Unmittelbare Vorteile:<\/strong><\/p>\n<ul style=\"text-align: center;\">\n<li><strong>Maximaler Komfort<\/strong>: Genie\u00dfen Sie eine klimatisierte Umgebung ohne die unangenehmen Folgen von Gleichstrom.<\/li>\n<li><strong>Gesundheit und Wohlbefinden<\/strong>: Verringern Sie das Risiko von Krankheiten, die durch die direkte Einwirkung von Klimaanlagen entstehen.<\/li>\n<li><strong>Einfache Installation<\/strong>: Einfach zu montieren, kein Spezialwerkzeug erforderlich.<\/li>\n<li><strong>Diskrete \u00c4sthetik<\/strong>: Seine Transparenz macht ihn zu einem fast unsichtbaren Element, das die Harmonie Ihres Raumes nicht beeintr\u00e4chtigt.<\/li>\n<\/ul>\n<p>&nbsp;<\/p>\n<p style=\"text-align: center;\">Investieren Sie in Ihr Wohlbefinden und ver\u00e4ndern Sie die Art und Weise, wie Sie Ihre klimatisierte Umgebung erleben!<\/p>\n","protected":false},"excerpt":{"rendered":"<p>Optimieren Sie den Komfort in Ihrer Umgebung mit unserem transparenten Luftleitblech, das speziell f\u00fcr Fan Coil-Klimager\u00e4te entwickelt wurde. Dank der von 0 bis 90\u00b0 beweglichen Lamellen k\u00f6nnen Sie den Luftstrom dorthin lenken, wo Sie ihn haben m\u00f6chten, und so st\u00f6rende Gleichstr\u00f6me vermeiden. Dank seiner Abmessungen (88x15x5 cm) passt es unauff\u00e4llig und funktionell in jeden Raum.  <\/p>\n","protected":false},"featured_media":5923,"template":"","meta":[],"product_brand":[],"product_cat":[342],"product_tag":[],"class_list":{"0":"post-5977","1":"product","2":"type-product","3":"status-publish","4":"has-post-thumbnail","6":"product_cat-deflektoren-fur-klimaanlagen-fan-coil","7":"product_shipping_class-1-de","9":"first","10":"instock","11":"taxable","12":"shipping-taxable","13":"purchasable","14":"product-type-simple"},"_links":{"self":[{"href":"https:\/\/www.climik.it\/de\/wp-json\/wp\/v2\/product\/5977","targetHints":{"allow":["GET"]}}],"collection":[{"href":"https:\/\/www.climik.it\/de\/wp-json\/wp\/v2\/product"}],"about":[{"href":"https:\/\/www.climik.it\/de\/wp-json\/wp\/v2\/types\/product"}],"wp:featuredmedia":[{"embeddable":true,"href":"https:\/\/www.climik.it\/de\/wp-json\/wp\/v2\/media\/5923"}],"wp:attachment":[{"href":"https:\/\/www.climik.it\/de\/wp-json\/wp\/v2\/media?parent=5977"}],"wp:term":[{"taxonomy":"product_brand","embeddable":true,"href":"https:\/\/www.climik.it\/de\/wp-json\/wp\/v2\/product_brand?post=5977"},{"taxonomy":"product_cat","embeddable":true,"href":"https:\/\/www.climik.it\/de\/wp-json\/wp\/v2\/product_cat?post=5977"},{"taxonomy":"product_tag","embeddable":true,"href":"https:\/\/www.climik.it\/de\/wp-json\/wp\/v2\/product_tag?post=5977"}],"curies":[{"name":"wp","href":"https:\/\/api.w.org\/{rel}","templated":true}]}}