{"id":5501,"date":"2021-03-16T11:16:00","date_gmt":"2024-07-17T08:04:59","guid":{"rendered":"https:\/\/www.climik.it\/prodotto\/climik-fan-coil-klimaanlage-deflektor-110cm\/"},"modified":"2024-07-17T10:04:59","modified_gmt":"2024-07-17T08:04:59","slug":"climik-fan-coil-klimaanlage-deflektor-110cm","status":"publish","type":"product","link":"https:\/\/www.climik.it\/de\/prodotto\/climik-fan-coil-klimaanlage-deflektor-110cm\/","title":{"rendered":"Climik Fan Coil Klimaanlage Deflektor 110cm"},"content":{"rendered":"<p style=\"text-align: center;\">Dank seiner Bauweise (registriertes Modell) lenkt der Gebl\u00e4sekonvektor des Klimager\u00e4ts Climik Fan den Kaltluftstrahl des Klimager\u00e4ts zur Decke des Raums, die warme Luft im Raum steigt nach oben und die kalte Luft f\u00e4llt gleichm\u00e4\u00dfiger.<\/p>\n<p>&nbsp;<\/p>\n<p style=\"text-align: center;\">Es dauert nur zwei Minuten, um eine gesunde Umgebung ohne gef\u00e4hrliche kalte Stellen zu schaffen, in der man sicherer arbeiten und leben kann.<\/p>\n","protected":false},"excerpt":{"rendered":"<p style=\"text-align: center;\">Deflektor f\u00fcr Climik Ventilator-Klimager\u00e4te<\/p>\n<p style=\"text-align: center;\">kann ohne Demontage des Klimager\u00e4tes installiert werden<\/p>\n<p style=\"text-align: center;\"><span style=\"line-height: 1.5;\">wei\u00df lackierte Stahlkonstruktion. <\/span><\/p>\n<h5 style=\"text-align: center;\"><\/h5>\n","protected":false},"featured_media":3193,"template":"","meta":[],"product_brand":[],"product_cat":[342],"product_tag":[],"class_list":{"0":"post-5501","1":"product","2":"type-product","3":"status-publish","4":"has-post-thumbnail","6":"product_cat-deflektoren-fur-klimaanlagen-fan-coil","7":"product_shipping_class-fan-de","9":"first","10":"instock","11":"taxable","12":"shipping-taxable","13":"purchasable","14":"product-type-simple"},"_links":{"self":[{"href":"https:\/\/www.climik.it\/de\/wp-json\/wp\/v2\/product\/5501","targetHints":{"allow":["GET"]}}],"collection":[{"href":"https:\/\/www.climik.it\/de\/wp-json\/wp\/v2\/product"}],"about":[{"href":"https:\/\/www.climik.it\/de\/wp-json\/wp\/v2\/types\/product"}],"wp:featuredmedia":[{"embeddable":true,"href":"https:\/\/www.climik.it\/de\/wp-json\/wp\/v2\/media\/3193"}],"wp:attachment":[{"href":"https:\/\/www.climik.it\/de\/wp-json\/wp\/v2\/media?parent=5501"}],"wp:term":[{"taxonomy":"product_brand","embeddable":true,"href":"https:\/\/www.climik.it\/de\/wp-json\/wp\/v2\/product_brand?post=5501"},{"taxonomy":"product_cat","embeddable":true,"href":"https:\/\/www.climik.it\/de\/wp-json\/wp\/v2\/product_cat?post=5501"},{"taxonomy":"product_tag","embeddable":true,"href":"https:\/\/www.climik.it\/de\/wp-json\/wp\/v2\/product_tag?post=5501"}],"curies":[{"name":"wp","href":"https:\/\/api.w.org\/{rel}","templated":true}]}}