{"id":5491,"date":"2023-03-10T09:21:24","date_gmt":"2023-03-10T08:21:24","guid":{"rendered":"https:\/\/www.climik.it\/prodotto\/climik-universal-klimaanlagenabweiser-135cm\/"},"modified":"2026-02-04T10:50:33","modified_gmt":"2026-02-04T09:50:33","slug":"climik-universal-klimaanlagenabweiser-135cm","status":"publish","type":"product","link":"https:\/\/www.climik.it\/de\/prodotto\/climik-universal-klimaanlagenabweiser-135cm\/","title":{"rendered":"Climik Universal-Klimaanlagenabweiser 135cm"},"content":{"rendered":"<p style=\"text-align: center;\">Climik Universal ist der universelle Luftleitblech, der f\u00fcr jede Art von Klimaanlage geeignet ist:<br \/>\nWand-Splitger\u00e4te, Gebl\u00e4sekonvektoren, Kassettenklimaanlagen, Kanal-Klimaanlagen und<br \/>\nL\u00fcftungsgitter. La sua caratteristica principale \u00e8 quella di essere regolabile in pi\u00f9<br \/>\nposizioni da 0 a 90\u00b0 che gli permette un utilizzo in molteplici tipi di ambienti.<\/p>\n<p>&nbsp;<\/p>\n<p style=\"text-align: center;\">Climik Universal, die optimale L\u00f6sung zum Schutz vor kalter oder warmer Luft, wurde<br \/>\nf\u00fcr kleine Wohnr\u00e4ume oder \u00f6ffentliche Bereiche entwickelt, in denen eine<br \/>\nangenehme Klimatisierung unerl\u00e4sslich ist.<\/p>\n<p>&nbsp;<\/p>\n<p style=\"text-align: center;\">Die gesamte Palette der Climik-Luftleitbleche ist je nach Jahreszeit der perfekte Verb\u00fcndete im<br \/>\nKampf gegen Hitze und K\u00e4lte und sorgt f\u00fcr eine harmonische Klimatisierung der R\u00e4ume.<br \/>\nDie Climik-Luftleitbleche wurden f\u00fcr eine einfache Installation konzipiert. So<br \/>\nl\u00e4sst sich jeder Raum schnell in einen Raum mit einer<br \/>\neffizienten Klimaanlage f\u00fcr alle Nutzer verwandeln. <\/p>\n","protected":false},"excerpt":{"rendered":"<p style=\"text-align: center;\">Climik Universal, die optimale L\u00f6sung zum Schutz vor kalter oder warmer Luft, wurde<br \/>\nf\u00fcr kleine Wohnr\u00e4ume oder \u00f6ffentliche Bereiche entwickelt, in denen eine<br \/>\nangenehme Klimatisierung unerl\u00e4sslich ist.<\/p>\n","protected":false},"featured_media":3159,"template":"","meta":[],"product_brand":[],"product_cat":[321,341,340,342],"product_tag":[],"class_list":{"0":"post-5491","1":"product","2":"type-product","3":"status-publish","4":"has-post-thumbnail","6":"product_cat-deflektor-fur-klimaanlage","7":"product_cat-deflektoren-fur-kanalisierte-klimatisierung","8":"product_cat-deflektoren-fur-kasetten-klimaanlagen","9":"product_cat-deflektoren-fur-klimaanlagen-fan-coil","10":"product_shipping_class-1-de","12":"first","13":"instock","14":"taxable","15":"shipping-taxable","16":"purchasable","17":"product-type-simple"},"_links":{"self":[{"href":"https:\/\/www.climik.it\/de\/wp-json\/wp\/v2\/product\/5491","targetHints":{"allow":["GET"]}}],"collection":[{"href":"https:\/\/www.climik.it\/de\/wp-json\/wp\/v2\/product"}],"about":[{"href":"https:\/\/www.climik.it\/de\/wp-json\/wp\/v2\/types\/product"}],"wp:featuredmedia":[{"embeddable":true,"href":"https:\/\/www.climik.it\/de\/wp-json\/wp\/v2\/media\/3159"}],"wp:attachment":[{"href":"https:\/\/www.climik.it\/de\/wp-json\/wp\/v2\/media?parent=5491"}],"wp:term":[{"taxonomy":"product_brand","embeddable":true,"href":"https:\/\/www.climik.it\/de\/wp-json\/wp\/v2\/product_brand?post=5491"},{"taxonomy":"product_cat","embeddable":true,"href":"https:\/\/www.climik.it\/de\/wp-json\/wp\/v2\/product_cat?post=5491"},{"taxonomy":"product_tag","embeddable":true,"href":"https:\/\/www.climik.it\/de\/wp-json\/wp\/v2\/product_tag?post=5491"}],"curies":[{"name":"wp","href":"https:\/\/api.w.org\/{rel}","templated":true}]}}