{"id":5488,"date":"2023-03-10T09:58:54","date_gmt":"2023-03-10T08:58:54","guid":{"rendered":"https:\/\/www.climik.it\/prodotto\/klimadeflektor-mit-climik-circle-anemostaten-33-x-33-x-11-cm\/"},"modified":"2026-01-30T14:46:41","modified_gmt":"2026-01-30T13:46:41","slug":"klimadeflektor-mit-climik-circle-anemostaten-33-x-33-x-11-cm","status":"publish","type":"product","link":"https:\/\/www.climik.it\/de\/prodotto\/klimadeflektor-mit-climik-circle-anemostaten-33-x-33-x-11-cm\/","title":{"rendered":"Klimadeflektor mit Climik Circle Anemostaten 33 \u00d7 33 \u00d7 11 cm"},"content":{"rendered":"<p style=\"text-align: center;\">Climik Circle, das neue Produkt aus dem Hause Climik, eignet sich f\u00fcr Klimager\u00e4te mit<br \/>\nrundem Luftauslass. Sein kreisf\u00f6rmiges, minimalistisches und elegantes Design macht es zu einem<br \/>\neinzigartigen Produkt seiner Art. Dank seiner einfachen Montage sorgt es<br \/>\ninnerhalb weniger Minuten f\u00fcr ein ges\u00fcnderes und angenehmeres Raumklima.  <\/p>\n<p>&nbsp;<\/p>\n<p style=\"text-align: center;\">Climik Circle ist eine optimale L\u00f6sung f\u00fcr Fitnessstudios, B\u00fcros und Einkaufszentren, um<br \/>\ndie Nutzer vor st\u00f6rendena Warm- oder Kaltluftstr\u00f6men zu sch\u00fctzen.<\/p>\n<p>&nbsp;<\/p>\n<p style=\"text-align: center;\">Die gesamte Palette der Climik-Luftleitbleche ist je nach Jahreszeit der perfekte Verb\u00fcndete im<br \/>\nKampf gegen Hitze und K\u00e4lte und sorgt f\u00fcr eine harmonische Klimatisierung der R\u00e4ume.<br \/>\nDie Climik-Luftleitbleche wurden f\u00fcr eine einfache Installation konzipiert. So<br \/>\nl\u00e4sst sich jeder Raum schnell in einen Raum mit einer<br \/>\neffizienten Klimaanlage f\u00fcr alle Nutzer verwandeln. <\/p>\n<p>&nbsp;<\/p>\n","protected":false},"excerpt":{"rendered":"<p style=\"text-align: center;\">Climik Circle ist eine optimale L\u00f6sung f\u00fcr Fitnessstudios, B\u00fcros und Einkaufszentren, um<br \/>\ndie Nutzer vor st\u00f6renden Warm- oder Kaltluftstr\u00f6men zu sch\u00fctzen.<\/p>\n","protected":false},"featured_media":4544,"template":"","meta":[],"product_brand":[],"product_cat":[341],"product_tag":[],"class_list":{"0":"post-5488","1":"product","2":"type-product","3":"status-publish","4":"has-post-thumbnail","6":"product_cat-deflektoren-fur-kanalisierte-klimatisierung","7":"product_shipping_class-1-de","9":"first","10":"instock","11":"taxable","12":"shipping-taxable","13":"purchasable","14":"product-type-simple"},"_links":{"self":[{"href":"https:\/\/www.climik.it\/de\/wp-json\/wp\/v2\/product\/5488","targetHints":{"allow":["GET"]}}],"collection":[{"href":"https:\/\/www.climik.it\/de\/wp-json\/wp\/v2\/product"}],"about":[{"href":"https:\/\/www.climik.it\/de\/wp-json\/wp\/v2\/types\/product"}],"wp:featuredmedia":[{"embeddable":true,"href":"https:\/\/www.climik.it\/de\/wp-json\/wp\/v2\/media\/4544"}],"wp:attachment":[{"href":"https:\/\/www.climik.it\/de\/wp-json\/wp\/v2\/media?parent=5488"}],"wp:term":[{"taxonomy":"product_brand","embeddable":true,"href":"https:\/\/www.climik.it\/de\/wp-json\/wp\/v2\/product_brand?post=5488"},{"taxonomy":"product_cat","embeddable":true,"href":"https:\/\/www.climik.it\/de\/wp-json\/wp\/v2\/product_cat?post=5488"},{"taxonomy":"product_tag","embeddable":true,"href":"https:\/\/www.climik.it\/de\/wp-json\/wp\/v2\/product_tag?post=5488"}],"curies":[{"name":"wp","href":"https:\/\/api.w.org\/{rel}","templated":true}]}}