{"id":5485,"date":"2023-03-10T12:04:49","date_gmt":"2024-07-17T06:38:54","guid":{"rendered":"https:\/\/www.climik.it\/prodotto\/windabweiser-fuer-klimaanlagen-mit-anemostaten-climik-circle-transparent-blau-33-x-33-x-11-cm\/"},"modified":"2025-06-13T14:25:07","modified_gmt":"2025-06-13T12:25:07","slug":"windabweiser-fuer-klimaanlagen-mit-anemostaten-climik-circle-transparent-blau-33-x-33-x-11-cm","status":"publish","type":"product","link":"https:\/\/www.climik.it\/de\/prodotto\/windabweiser-fuer-klimaanlagen-mit-anemostaten-climik-circle-transparent-blau-33-x-33-x-11-cm\/","title":{"rendered":"Windabweiser f\u00fcr Klimaanlagen mit Anemostaten Climik Circle transparent blau 33 \u00d7 33 \u00d7 11 cm"},"content":{"rendered":"<p style=\"text-align: center;\">Climik Circle, die Neuheit von Climik, ist f\u00fcr Anemostat-Klimager\u00e4te mit rundem Auslass geeignet. Sein rundes, minimales und elegantes Design macht ihn zu einem einzigartigen Produkt. Dank seiner einfachen Installation kann er in nur wenigen Minuten ein ges\u00fcnderes und komfortableres Klima garantieren.  <\/p>\n<p>&nbsp;<\/p>\n<p style=\"text-align: center;\">Climik Circle ist eine optimale L\u00f6sung f\u00fcr Fitnessstudios, B\u00fcros und Einkaufszentren, um die Benutzer vor l\u00e4stigen Hei\u00df- oder Kaltluftstrahlen zu sch\u00fctzen.<\/p>\n<p>&nbsp;<\/p>\n<p style=\"text-align: center;\">Das gesamte Climik-Sortiment an Baffeln ist je nach Jahreszeit der perfekte Verb\u00fcndete im Kampf gegen Hitze und K\u00e4lte und schafft ein harmonisches Raumklima. Climik-Baffeln sind so konzipiert, dass sie leicht zu installieren sind. Dies erm\u00f6glicht es, jeden Raum schnell in einen Raum mit einem effizienten Klimasystem f\u00fcr alle Nutzer zu verwandeln. <\/p>\n<p>&nbsp;<\/p>\n","protected":false},"excerpt":{"rendered":"<p style=\"text-align: center;\">Climik Circle ist eine optimale L\u00f6sung f\u00fcr Fitnessstudios, B\u00fcros und Einkaufszentren, um die Benutzer vor l\u00e4stigen Hei\u00df- oder Kaltluftstrahlen zu sch\u00fctzen.<\/p>\n","protected":false},"featured_media":4574,"template":"","meta":[],"product_brand":[],"product_cat":[341],"product_tag":[],"class_list":{"0":"post-5485","1":"product","2":"type-product","3":"status-publish","4":"has-post-thumbnail","6":"product_cat-deflektoren-fur-kanalisierte-klimatisierung","7":"product_shipping_class-1-de","9":"first","10":"instock","11":"taxable","12":"shipping-taxable","13":"purchasable","14":"product-type-simple"},"_links":{"self":[{"href":"https:\/\/www.climik.it\/de\/wp-json\/wp\/v2\/product\/5485","targetHints":{"allow":["GET"]}}],"collection":[{"href":"https:\/\/www.climik.it\/de\/wp-json\/wp\/v2\/product"}],"about":[{"href":"https:\/\/www.climik.it\/de\/wp-json\/wp\/v2\/types\/product"}],"wp:featuredmedia":[{"embeddable":true,"href":"https:\/\/www.climik.it\/de\/wp-json\/wp\/v2\/media\/4574"}],"wp:attachment":[{"href":"https:\/\/www.climik.it\/de\/wp-json\/wp\/v2\/media?parent=5485"}],"wp:term":[{"taxonomy":"product_brand","embeddable":true,"href":"https:\/\/www.climik.it\/de\/wp-json\/wp\/v2\/product_brand?post=5485"},{"taxonomy":"product_cat","embeddable":true,"href":"https:\/\/www.climik.it\/de\/wp-json\/wp\/v2\/product_cat?post=5485"},{"taxonomy":"product_tag","embeddable":true,"href":"https:\/\/www.climik.it\/de\/wp-json\/wp\/v2\/product_tag?post=5485"}],"curies":[{"name":"wp","href":"https:\/\/api.w.org\/{rel}","templated":true}]}}