{"id":5461,"date":"2024-06-27T16:02:37","date_gmt":"2024-06-27T14:02:37","guid":{"rendered":"https:\/\/www.climik.it\/prodotto\/climik-flap-split-klimageraet-deflektor-80x33-cm\/"},"modified":"2025-06-11T10:11:55","modified_gmt":"2025-06-11T08:11:55","slug":"climik-flap-split-klimageraet-deflektor-80x33-cm","status":"publish","type":"product","link":"https:\/\/www.climik.it\/de\/prodotto\/climik-flap-split-klimageraet-deflektor-80x33-cm\/","title":{"rendered":"Climik Flap Split-Klimager\u00e4t Deflektor 80&#215;33 cm"},"content":{"rendered":"<p style=\"text-align: center;\">Die einzigartige Climik-Klappe ist f\u00fcr kleine Split-Klimager\u00e4te konzipiert, mittlere und gro\u00dfe Split-Klimager\u00e4te. Dank der doppelt gekr\u00fcmmten Form und der manuell verstellbaren Klappe wird der kalte Luftstrom des Klimager\u00e4ts zur Decke des Raums geleitet, so dass die warme Luft im Raum nach oben und die kalte Luft nach unten gleichm\u00e4\u00dfig. <\/p>\n<p style=\"text-align: center;\">Climik Flap passt sich perfekt an jede Umgebung an und bietet in nur zwei Minuten allen Anwesenden ein unvergleichliches Wellness-Erlebnis und verwandelt den Raum in eine Oase des hohen Komforts.<\/p>\n<p style=\"text-align: center;\">Es ist wichtig zu betonen, dass der Einbau von zu gro\u00dfen Ablenkplatten dazu f\u00fchren kann, dass die das Klimager\u00e4t die Temperatur am Objekt selbst und nicht im Raum misst.<br \/>\nDas gesamte Climik-Sortiment an Luftleitblechen ist je nach Jahreszeit der perfekte Verb\u00fcndete im Kampf gegen Hitze und K\u00e4lte und schafft ein harmonisches Raumklima.<br \/>\nClimik-Baffeln sind so konzipiert, dass sie leicht zu installieren sind. Diese l\u00e4sst sich jeder Raum schnell in einen Raum mit einem effizienten Raum mit einem effizienten Klimatisierungssystem f\u00fcr alle Nutzer. <\/p>\n","protected":false},"excerpt":{"rendered":"<p style=\"text-align: center;\">Climik Flap ist die ideale L\u00f6sung f\u00fcr alle Arbeitsbereiche, wie z. B. B\u00fcros, Krankenh\u00e4user und Restaurants, wo klimatisierter Komfort wichtig ist, um den Benutzern ein ein angenehmes Wohlbefinden zu bieten.<\/p>\n","protected":false},"featured_media":5956,"template":"","meta":[],"product_brand":[],"product_cat":[321],"product_tag":[],"class_list":{"0":"post-5461","1":"product","2":"type-product","3":"status-publish","4":"has-post-thumbnail","6":"product_cat-deflektor-fur-klimaanlage","7":"product_shipping_class-1-de","9":"first","10":"instock","11":"taxable","12":"shipping-taxable","13":"purchasable","14":"product-type-simple"},"_links":{"self":[{"href":"https:\/\/www.climik.it\/de\/wp-json\/wp\/v2\/product\/5461","targetHints":{"allow":["GET"]}}],"collection":[{"href":"https:\/\/www.climik.it\/de\/wp-json\/wp\/v2\/product"}],"about":[{"href":"https:\/\/www.climik.it\/de\/wp-json\/wp\/v2\/types\/product"}],"wp:featuredmedia":[{"embeddable":true,"href":"https:\/\/www.climik.it\/de\/wp-json\/wp\/v2\/media\/5956"}],"wp:attachment":[{"href":"https:\/\/www.climik.it\/de\/wp-json\/wp\/v2\/media?parent=5461"}],"wp:term":[{"taxonomy":"product_brand","embeddable":true,"href":"https:\/\/www.climik.it\/de\/wp-json\/wp\/v2\/product_brand?post=5461"},{"taxonomy":"product_cat","embeddable":true,"href":"https:\/\/www.climik.it\/de\/wp-json\/wp\/v2\/product_cat?post=5461"},{"taxonomy":"product_tag","embeddable":true,"href":"https:\/\/www.climik.it\/de\/wp-json\/wp\/v2\/product_tag?post=5461"}],"curies":[{"name":"wp","href":"https:\/\/api.w.org\/{rel}","templated":true}]}}