{"id":3190,"date":"2021-03-16T11:16:00","date_gmt":"2021-03-16T10:16:00","guid":{"rendered":"https:\/\/www.climik.it\/prodotto\/deflektor-fur-klimaanlagen-fan-coil-climik-fan\/"},"modified":"2021-03-16T11:16:00","modified_gmt":"2021-03-16T10:16:00","slug":"deflektor-fur-klimaanlagen-fan-coil-climik-fan","status":"publish","type":"product","link":"https:\/\/www.climik.it\/de\/prodotto\/deflektor-fur-klimaanlagen-fan-coil-climik-fan\/","title":{"rendered":"Deflektor f\u00fcr Klimaanlagen Fan Coil Climik Fan"},"content":{"rendered":"<p>Deflektor f\u00fcr Klimaanlage Fan Coil Climik Fan<\/p>\n<p>Dank seinem Design (eingereichtes Modell) leitet der Deflektor f\u00fcr Klimaanlagen Fan Coil die Kaltluftstr\u00f6me der Klimaanlage in Richtung Zimmerdecke, die Warmluft im Raum steigt und verursacht ein gleichm\u00e4\u00dfigeres Sinken der Kaltluft. Es gen\u00fcgen zwei Minuten, um ein gesundes Raumklima ohne sch\u00e4dliche Kaltzonen zu erreichen, um in Sicherheit zu arbeiten und leben.<\/p>\n","protected":false},"excerpt":{"rendered":"<p>Deflektor f\u00fcr Klimaanlagen Fan Coil Climik Fan<\/p>\n<p>Deflektoren f\u00fcr Klimaanlagen Fan Coil Climik Fan , zu installieren ohne die Klimaanlage auseinanderzubauen, Geh\u00e4use aus wei\u00dflackiertem Stahl<\/p>\n","protected":false},"featured_media":3193,"template":"","meta":[],"product_brand":[],"product_cat":[342],"product_tag":[],"class_list":{"0":"post-3190","1":"product","2":"type-product","3":"status-publish","4":"has-post-thumbnail","6":"product_cat-deflektoren-fur-klimaanlagen-fan-coil","7":"product_shipping_class-fan-de","9":"first","10":"instock","11":"taxable","12":"shipping-taxable","13":"purchasable","14":"product-type-simple"},"_links":{"self":[{"href":"https:\/\/www.climik.it\/de\/wp-json\/wp\/v2\/product\/3190","targetHints":{"allow":["GET"]}}],"collection":[{"href":"https:\/\/www.climik.it\/de\/wp-json\/wp\/v2\/product"}],"about":[{"href":"https:\/\/www.climik.it\/de\/wp-json\/wp\/v2\/types\/product"}],"wp:featuredmedia":[{"embeddable":true,"href":"https:\/\/www.climik.it\/de\/wp-json\/wp\/v2\/media\/3193"}],"wp:attachment":[{"href":"https:\/\/www.climik.it\/de\/wp-json\/wp\/v2\/media?parent=3190"}],"wp:term":[{"taxonomy":"product_brand","embeddable":true,"href":"https:\/\/www.climik.it\/de\/wp-json\/wp\/v2\/product_brand?post=3190"},{"taxonomy":"product_cat","embeddable":true,"href":"https:\/\/www.climik.it\/de\/wp-json\/wp\/v2\/product_cat?post=3190"},{"taxonomy":"product_tag","embeddable":true,"href":"https:\/\/www.climik.it\/de\/wp-json\/wp\/v2\/product_tag?post=3190"}],"curies":[{"name":"wp","href":"https:\/\/api.w.org\/{rel}","templated":true}]}}