{"id":3186,"date":"2021-03-20T11:15:55","date_gmt":"2021-03-20T10:15:55","guid":{"rendered":"https:\/\/www.climik.it\/prodotto\/deflektor-fur-kanalisierte-klimatisierung-linear-climik\/"},"modified":"2021-10-08T10:30:06","modified_gmt":"2021-10-08T08:30:06","slug":"deflektor-fur-kanalisierte-klimatisierung-linear-climik","status":"publish","type":"product","link":"https:\/\/www.climik.it\/de\/prodotto\/deflektor-fur-kanalisierte-klimatisierung-linear-climik\/","title":{"rendered":"Deflektor f\u00fcr kanalisierte Klimatisierung Linear Climik"},"content":{"rendered":"<p>Deflektor f\u00fcr kanalisierte Klimaanlagen Linear Climik<\/p>\n<p>Der Deflektor f\u00fcr kanalisierte Klimaanlagen Linear Climik, eine einfache und elegante L\u00f6sung, um die Mitarbeiter vor dem f\u00fcr durch kanalisierte Klimatisierung gek\u00fchlte R\u00e4ume typisch eisige Luftstr\u00f6me zu sch\u00fctzen. Der Deflektor f\u00fcr kanalisierte Klimaanlagen Linear Climik wurde entwickelt, um den immer h\u00e4ufigeren Eingriffen in Open-Space-B\u00fcros wie Call-Centern zu begegnen. Linear Climik ist direkt an der Zwischendecke anzuschrauben und teilt den Luftstrom der gek\u00fchlten Luft in zwei waagerechte Str\u00f6me, die warme Raumluft steigt und dadurch sinkt die kalte Luft in gleichm\u00e4ssigerer Art. Der Arbeitsplatz wird zu einem gesunden Ambiente ohne sch\u00e4dliche Kaltzonen. F\u00fcr individuelle Anfragen oder Lieferung anderer Masse<\/p>\n","protected":false},"excerpt":{"rendered":"<p>Deflektor f\u00fcr kanalisierte Anlagen<\/p>\n<p>Kompakt und elegant, an der Decke direkt anzuschrauben ohne Verwendung von Ketten<\/p>\n<p>Verf\u00fcgbar in verschiedenen L\u00e4ngen<\/p>\n","protected":false},"featured_media":3187,"template":"","meta":[],"product_brand":[],"product_cat":[341],"product_tag":[],"class_list":{"0":"post-3186","1":"product","2":"type-product","3":"status-publish","4":"has-post-thumbnail","6":"product_cat-deflektoren-fur-kanalisierte-klimatisierung","7":"product_shipping_class-2-de","9":"first","10":"instock","11":"taxable","12":"shipping-taxable","13":"purchasable","14":"product-type-simple"},"_links":{"self":[{"href":"https:\/\/www.climik.it\/de\/wp-json\/wp\/v2\/product\/3186","targetHints":{"allow":["GET"]}}],"collection":[{"href":"https:\/\/www.climik.it\/de\/wp-json\/wp\/v2\/product"}],"about":[{"href":"https:\/\/www.climik.it\/de\/wp-json\/wp\/v2\/types\/product"}],"wp:featuredmedia":[{"embeddable":true,"href":"https:\/\/www.climik.it\/de\/wp-json\/wp\/v2\/media\/3187"}],"wp:attachment":[{"href":"https:\/\/www.climik.it\/de\/wp-json\/wp\/v2\/media?parent=3186"}],"wp:term":[{"taxonomy":"product_brand","embeddable":true,"href":"https:\/\/www.climik.it\/de\/wp-json\/wp\/v2\/product_brand?post=3186"},{"taxonomy":"product_cat","embeddable":true,"href":"https:\/\/www.climik.it\/de\/wp-json\/wp\/v2\/product_cat?post=3186"},{"taxonomy":"product_tag","embeddable":true,"href":"https:\/\/www.climik.it\/de\/wp-json\/wp\/v2\/product_tag?post=3186"}],"curies":[{"name":"wp","href":"https:\/\/api.w.org\/{rel}","templated":true}]}}