{"id":3180,"date":"2021-03-22T11:16:54","date_gmt":"2021-03-22T10:16:54","guid":{"rendered":"https:\/\/www.climik.it\/prodotto\/deflektor-fur-klimatisierung-durch-luftverteiler-climik-anemo\/"},"modified":"2024-07-19T14:30:37","modified_gmt":"2024-07-19T12:30:37","slug":"deflektor-fur-klimatisierung-durch-luftverteiler-climik-anemo","status":"publish","type":"product","link":"https:\/\/www.climik.it\/de\/prodotto\/deflektor-fur-klimatisierung-durch-luftverteiler-climik-anemo\/","title":{"rendered":"Deflektor f\u00fcr Klimaanlagen mit Anemostaten Climik Anemo 70 \u00d7 58 \u00d7 13 cm"},"content":{"rendered":"<p style=\"text-align: center;\">Der Windabweiser Climik Anemo, eine einfache und elegante L\u00f6sung zum Schutz der Mitarbeiter vor dem f\u00fcr B\u00fcros und Restaurants typischen eisigen Luftstrom, erfordert dank seiner Form keine zus\u00e4tzlichen Halterungen, da er direkt an die Decke geschraubt wird.<\/p>\n<p>&nbsp;<\/p>\n<p style=\"text-align: center;\">Die Climik Anemo-Kulisse wurde entwickelt, um den st\u00e4ndig steigenden Anforderungen in B\u00fcros und Restaurants gerecht zu werden, wo der direkte Kaltluftstrom immer weniger toleriert wird. Der Climik Anemo Deflektor teilt den Kaltluftstrom aus dem Klimager\u00e4t in vier horizontale Strahlen, die warme Raumluft steigt auf und die kalte Luft f\u00e4llt gleichm\u00e4\u00dfiger.<\/p>\n<p>&nbsp;<\/p>\n<p style=\"text-align: center;\">Der Arbeitsplatz wird zu einer gesunden Umgebung ohne gef\u00e4hrliche kalte Stellen.<\/p>\n","protected":false},"excerpt":{"rendered":"<p style=\"text-align: center;\">Windabweiser f\u00fcr Anemostaten<\/p>\n<p style=\"text-align: center;\">Wei\u00df lackierte Aluminiumplatte<\/p>\n","protected":false},"featured_media":3185,"template":"","meta":[],"product_brand":[],"product_cat":[341],"product_tag":[],"class_list":{"0":"post-3180","1":"product","2":"type-product","3":"status-publish","4":"has-post-thumbnail","6":"product_cat-deflektoren-fur-kanalisierte-klimatisierung","7":"product_shipping_class-2-de","9":"first","10":"instock","11":"taxable","12":"shipping-taxable","13":"purchasable","14":"product-type-simple"},"_links":{"self":[{"href":"https:\/\/www.climik.it\/de\/wp-json\/wp\/v2\/product\/3180","targetHints":{"allow":["GET"]}}],"collection":[{"href":"https:\/\/www.climik.it\/de\/wp-json\/wp\/v2\/product"}],"about":[{"href":"https:\/\/www.climik.it\/de\/wp-json\/wp\/v2\/types\/product"}],"wp:featuredmedia":[{"embeddable":true,"href":"https:\/\/www.climik.it\/de\/wp-json\/wp\/v2\/media\/3185"}],"wp:attachment":[{"href":"https:\/\/www.climik.it\/de\/wp-json\/wp\/v2\/media?parent=3180"}],"wp:term":[{"taxonomy":"product_brand","embeddable":true,"href":"https:\/\/www.climik.it\/de\/wp-json\/wp\/v2\/product_brand?post=3180"},{"taxonomy":"product_cat","embeddable":true,"href":"https:\/\/www.climik.it\/de\/wp-json\/wp\/v2\/product_cat?post=3180"},{"taxonomy":"product_tag","embeddable":true,"href":"https:\/\/www.climik.it\/de\/wp-json\/wp\/v2\/product_tag?post=3180"}],"curies":[{"name":"wp","href":"https:\/\/api.w.org\/{rel}","templated":true}]}}