{"id":3175,"date":"2021-03-23T11:15:51","date_gmt":"2021-03-23T10:15:51","guid":{"rendered":"https:\/\/www.climik.it\/prodotto\/deflektor-fur-kanalisierte-klimatisierung-canal-climik\/"},"modified":"2024-07-18T16:20:09","modified_gmt":"2024-07-18T14:20:09","slug":"deflektor-fur-kanalisierte-klimatisierung-canal-climik","status":"publish","type":"product","link":"https:\/\/www.climik.it\/de\/prodotto\/deflektor-fur-kanalisierte-klimatisierung-canal-climik\/","title":{"rendered":"Canal Climik Kanal-Klimager\u00e4t Deflektor 95 \u00d7 40 \u00d7 3 cm"},"content":{"rendered":"<p style=\"text-align: center;\">Einfache und elegante L\u00f6sung zum Schutz der Arbeitnehmer vor dem f\u00fcr klimatisierte Arbeitspl\u00e4tze typischen Strahl eiskalter Luft.<\/p>\n<p style=\"text-align: center;\">\n<p style=\"text-align: center;\">Canal Climik wurde entwickelt, um der st\u00e4ndig steigenden Nachfrage nach Arbeit in Gro\u00dfraumb\u00fcros, wie z. B. in Call Centern, gerecht zu werden. Canal Climik teilt den Kaltluftstrom aus dem Klimager\u00e4t in zwei horizontale Strahlen, die warme Raumluft steigt auf und die kalte Luft f\u00e4llt gleichm\u00e4\u00dfiger.<\/p>\n<p style=\"text-align: center;\"><small><strong>Hinweis:<\/strong> Die Befestigungsklammern f\u00fcr die Montage der Climik Canal-Schallwand <strong>sind nicht<\/strong> im Lieferumfang enthalten. Sie m\u00fcssen separat erworben werden.<\/small><\/p>\n<p style=\"text-align: center;\">\n<h4 style=\"text-align: center;\"><strong>Mit Climik Canal wird Ihr Arbeitsplatz zu einer gesunden und komfortablen Umgebung, frei von kalten Stellen und l\u00e4stiger Zugluft!<\/strong><\/h5>\n","protected":false},"excerpt":{"rendered":"<p style=\"text-align: center;\">Deflektor f\u00fcr kanalisierte Systeme<\/p>\n<p style=\"text-align: center;\">Erh\u00e4ltlich in verschiedenen L\u00e4ngen<\/p>\n","protected":false},"featured_media":3176,"template":"","meta":[],"product_brand":[],"product_cat":[341],"product_tag":[],"class_list":{"0":"post-3175","1":"product","2":"type-product","3":"status-publish","4":"has-post-thumbnail","6":"product_cat-deflektoren-fur-kanalisierte-klimatisierung","8":"first","9":"instock","10":"taxable","11":"shipping-taxable","12":"purchasable","13":"product-type-simple"},"_links":{"self":[{"href":"https:\/\/www.climik.it\/de\/wp-json\/wp\/v2\/product\/3175","targetHints":{"allow":["GET"]}}],"collection":[{"href":"https:\/\/www.climik.it\/de\/wp-json\/wp\/v2\/product"}],"about":[{"href":"https:\/\/www.climik.it\/de\/wp-json\/wp\/v2\/types\/product"}],"wp:featuredmedia":[{"embeddable":true,"href":"https:\/\/www.climik.it\/de\/wp-json\/wp\/v2\/media\/3176"}],"wp:attachment":[{"href":"https:\/\/www.climik.it\/de\/wp-json\/wp\/v2\/media?parent=3175"}],"wp:term":[{"taxonomy":"product_brand","embeddable":true,"href":"https:\/\/www.climik.it\/de\/wp-json\/wp\/v2\/product_brand?post=3175"},{"taxonomy":"product_cat","embeddable":true,"href":"https:\/\/www.climik.it\/de\/wp-json\/wp\/v2\/product_cat?post=3175"},{"taxonomy":"product_tag","embeddable":true,"href":"https:\/\/www.climik.it\/de\/wp-json\/wp\/v2\/product_tag?post=3175"}],"curies":[{"name":"wp","href":"https:\/\/api.w.org\/{rel}","templated":true}]}}