{"id":3165,"date":"2021-03-17T11:16:39","date_gmt":"2021-03-17T10:16:39","guid":{"rendered":"https:\/\/www.climik.it\/prodotto\/deflektor-fur-kassetten-climik-quadro-kit-gross\/"},"modified":"2024-07-19T14:24:27","modified_gmt":"2024-07-19T12:24:27","slug":"deflektor-fur-kassetten-climik-quadro-kit-gross","status":"publish","type":"product","link":"https:\/\/www.climik.it\/de\/prodotto\/deflektor-fur-kassetten-climik-quadro-kit-gross\/","title":{"rendered":"Climik Quadro Kassettenschallwand grosser Satz"},"content":{"rendered":"<p style=\"text-align: center;\">Das elegante Design von Climik Quadro ist die perfekte Schallwand f\u00fcr alle mittelgro\u00dfen bis gro\u00dfen Kassettenklimager\u00e4te.<br \/>\n Durch die Bewegung des eisigen Luftstrahls der Klimaanlage in Richtung Decke sorgt sie f\u00fcr ein \u00fcberlegenes Wohlbefinden und eine optimale Klimatisierung aller R\u00e4ume: Die warme Luft im Raum steigt zur Decke, w\u00e4hrend die kalte Luft gleichm\u00e4\u00dfig nach unten f\u00e4llt, so dass innerhalb von Minuten ein ausgewogenes Klimasystem entsteht.<\/p>\n<p>&nbsp;<\/p>\n<p style=\"text-align: center;\">Climik Quadro ist die ideale L\u00f6sung f\u00fcr alle Arbeitsbereiche, wie z.B. B\u00fcros, Krankenh\u00e4user und Restaurants, in denen klimatisierter Komfort wichtig ist, um den Benutzern ein angenehmes Erlebnis zu bieten.<\/p>\n<p>&nbsp;<\/p>\n<p style=\"text-align: center;\">Das gesamte Climik-Sortiment an Baffeln ist je nach Jahreszeit der perfekte Verb\u00fcndete im Kampf gegen Hitze und K\u00e4lte und schafft ein harmonisches Raumklima.<\/p>\n<p>Climik-Schallw\u00e4nde sind so konzipiert, dass sie leicht zu installieren sind. So l\u00e4sst sich jeder Raum schnell in einen Raum mit einer effizienten Klimatisierung f\u00fcr alle Nutzer verwandeln.<\/p>\n","protected":false},"excerpt":{"rendered":"<p style=\"text-align: center;\">Climik Quadro ist die ideale L\u00f6sung f\u00fcr alle Arbeitsbereiche, wie z.B. B\u00fcros, Krankenh\u00e4user und Restaurants, in denen klimatisierter Komfort wichtig ist, um den Benutzern ein angenehmes Erlebnis zu bieten.<\/p>\n","protected":false},"featured_media":3166,"template":"","meta":[],"product_brand":[],"product_cat":[340],"product_tag":[],"class_list":{"0":"post-3165","1":"product","2":"type-product","3":"status-publish","4":"has-post-thumbnail","6":"product_cat-deflektoren-fur-kasetten-klimaanlagen","7":"product_shipping_class-1-de","9":"first","10":"instock","11":"taxable","12":"shipping-taxable","13":"purchasable","14":"product-type-simple"},"_links":{"self":[{"href":"https:\/\/www.climik.it\/de\/wp-json\/wp\/v2\/product\/3165","targetHints":{"allow":["GET"]}}],"collection":[{"href":"https:\/\/www.climik.it\/de\/wp-json\/wp\/v2\/product"}],"about":[{"href":"https:\/\/www.climik.it\/de\/wp-json\/wp\/v2\/types\/product"}],"wp:featuredmedia":[{"embeddable":true,"href":"https:\/\/www.climik.it\/de\/wp-json\/wp\/v2\/media\/3166"}],"wp:attachment":[{"href":"https:\/\/www.climik.it\/de\/wp-json\/wp\/v2\/media?parent=3165"}],"wp:term":[{"taxonomy":"product_brand","embeddable":true,"href":"https:\/\/www.climik.it\/de\/wp-json\/wp\/v2\/product_brand?post=3165"},{"taxonomy":"product_cat","embeddable":true,"href":"https:\/\/www.climik.it\/de\/wp-json\/wp\/v2\/product_cat?post=3165"},{"taxonomy":"product_tag","embeddable":true,"href":"https:\/\/www.climik.it\/de\/wp-json\/wp\/v2\/product_tag?post=3165"}],"curies":[{"name":"wp","href":"https:\/\/api.w.org\/{rel}","templated":true}]}}