{"id":3160,"date":"2021-03-16T11:15:46","date_gmt":"2021-03-16T10:15:46","guid":{"rendered":"https:\/\/www.climik.it\/prodotto\/deflektor-fur-kassetten-climik-quadro-kit-aus-plastik\/"},"modified":"2024-09-03T10:30:02","modified_gmt":"2024-09-03T08:30:02","slug":"deflektor-fur-kassetten-climik-quadro-kit-aus-plastik","status":"publish","type":"product","link":"https:\/\/www.climik.it\/de\/prodotto\/deflektor-fur-kassetten-climik-quadro-kit-aus-plastik\/","title":{"rendered":"Deflektor f\u00fcr Kassetten Climik Quadro-Kit aus Plastik"},"content":{"rendered":"<p>Dank seinem Design (eingereichtes Modell) leitet der Deflektor f\u00fcr Kassetten-Klimaanlagen Climik Quadro den ersten Kaltluftstrom in Deckenrichtung, die warme Raumluft steigt und bringt die Kaltluft in gleichm\u00e4ssiger Weise zum Sinken. Es gen\u00fcgen zwei Minuten, um ein gesundes Raumklima ohne sch\u00e4dliche Kaltzonen zu erreichen, um in einer sicheren Umgebung zu leben und arbeiten<\/p>\n","protected":false},"excerpt":{"rendered":"<p>Installierbar ohne Auseinanderbauen von Klimaanlage oder den Tafeln, eine Struktur aus weissem, gl\u00e4nzendem Plastik.<\/p>\n","protected":false},"featured_media":3161,"template":"","meta":[],"product_brand":[],"product_cat":[340],"product_tag":[],"class_list":{"0":"post-3160","1":"product","2":"type-product","3":"status-publish","4":"has-post-thumbnail","6":"product_cat-deflektoren-fur-kasetten-klimaanlagen","7":"product_shipping_class-1-de","9":"first","10":"instock","11":"taxable","12":"shipping-taxable","13":"purchasable","14":"product-type-simple"},"_links":{"self":[{"href":"https:\/\/www.climik.it\/de\/wp-json\/wp\/v2\/product\/3160","targetHints":{"allow":["GET"]}}],"collection":[{"href":"https:\/\/www.climik.it\/de\/wp-json\/wp\/v2\/product"}],"about":[{"href":"https:\/\/www.climik.it\/de\/wp-json\/wp\/v2\/types\/product"}],"wp:featuredmedia":[{"embeddable":true,"href":"https:\/\/www.climik.it\/de\/wp-json\/wp\/v2\/media\/3161"}],"wp:attachment":[{"href":"https:\/\/www.climik.it\/de\/wp-json\/wp\/v2\/media?parent=3160"}],"wp:term":[{"taxonomy":"product_brand","embeddable":true,"href":"https:\/\/www.climik.it\/de\/wp-json\/wp\/v2\/product_brand?post=3160"},{"taxonomy":"product_cat","embeddable":true,"href":"https:\/\/www.climik.it\/de\/wp-json\/wp\/v2\/product_cat?post=3160"},{"taxonomy":"product_tag","embeddable":true,"href":"https:\/\/www.climik.it\/de\/wp-json\/wp\/v2\/product_tag?post=3160"}],"curies":[{"name":"wp","href":"https:\/\/api.w.org\/{rel}","templated":true}]}}