{"id":3144,"date":"2021-03-01T11:16:33","date_gmt":"2021-03-01T10:16:33","guid":{"rendered":"https:\/\/www.climik.it\/prodotto\/deflektor-klimaanlage-climik-universal-90cm\/"},"modified":"2025-05-05T14:31:42","modified_gmt":"2025-05-05T12:31:42","slug":"deflektor-klimaanlage-climik-universal-90cm","status":"publish","type":"product","link":"https:\/\/www.climik.it\/de\/prodotto\/deflektor-klimaanlage-climik-universal-90cm\/","title":{"rendered":"Climik Universal-Klimaanlagenabweiser 90 cm"},"content":{"rendered":"<p style=\"text-align: center;\">Climik Universal-Klimaanlagenabweiser, ideal f\u00fcr alle Arten von Klimaanlagen (Wand-Splitger\u00e4te, Gebl\u00e4sekonvektoren, Kassetten-Klimaanlagen, Kanal-Klimaanlagen, Anemostate), einstellbar in mehreren Positionen von 0 bis 90\u00b0 und stufenlos verstellbar; elegante L\u00f6sung, um Personen vor dem kalten oder hei\u00dfen Luftstrahl zu sch\u00fctzen.<\/p>\n<p>&nbsp;<\/p>\n<p>&nbsp;<\/p>\n<p style=\"text-align: center;\">Climik Universal wurde entwickelt, um den st\u00e4ndig steigenden Anforderungen in B\u00fcros und Restaurants gerecht zu werden, wo der direkte Kaltluftstrom immer weniger toleriert wird. Climik Universal teilt den Luftstrom des Klimager\u00e4ts in horizontale D\u00fcsen, die warme Luft aus dem Raum steigt auf und bringt die kalte Luft gleichm\u00e4\u00dfiger nach unten.<\/p>\n","protected":false},"excerpt":{"rendered":"<p style=\"text-align: center;\">Universalabweiser f\u00fcr alle Klimager\u00e4te, stufenlos einstellbar und modular in wei\u00df Abs<\/p>\n","protected":false},"featured_media":3159,"template":"","meta":[],"product_brand":[],"product_cat":[321,341,340,342],"product_tag":[],"class_list":{"0":"post-3144","1":"product","2":"type-product","3":"status-publish","4":"has-post-thumbnail","6":"product_cat-deflektor-fur-klimaanlage","7":"product_cat-deflektoren-fur-kanalisierte-klimatisierung","8":"product_cat-deflektoren-fur-kasetten-klimaanlagen","9":"product_cat-deflektoren-fur-klimaanlagen-fan-coil","10":"product_shipping_class-1-de","12":"first","13":"instock","14":"taxable","15":"shipping-taxable","16":"purchasable","17":"product-type-simple"},"_links":{"self":[{"href":"https:\/\/www.climik.it\/de\/wp-json\/wp\/v2\/product\/3144","targetHints":{"allow":["GET"]}}],"collection":[{"href":"https:\/\/www.climik.it\/de\/wp-json\/wp\/v2\/product"}],"about":[{"href":"https:\/\/www.climik.it\/de\/wp-json\/wp\/v2\/types\/product"}],"wp:featuredmedia":[{"embeddable":true,"href":"https:\/\/www.climik.it\/de\/wp-json\/wp\/v2\/media\/3159"}],"wp:attachment":[{"href":"https:\/\/www.climik.it\/de\/wp-json\/wp\/v2\/media?parent=3144"}],"wp:term":[{"taxonomy":"product_brand","embeddable":true,"href":"https:\/\/www.climik.it\/de\/wp-json\/wp\/v2\/product_brand?post=3144"},{"taxonomy":"product_cat","embeddable":true,"href":"https:\/\/www.climik.it\/de\/wp-json\/wp\/v2\/product_cat?post=3144"},{"taxonomy":"product_tag","embeddable":true,"href":"https:\/\/www.climik.it\/de\/wp-json\/wp\/v2\/product_tag?post=3144"}],"curies":[{"name":"wp","href":"https:\/\/api.w.org\/{rel}","templated":true}]}}