{"id":3139,"date":"2021-05-25T11:00:07","date_gmt":"2021-05-25T09:00:07","guid":{"rendered":"https:\/\/www.climik.it\/prodotto\/deflektor-split-klimaanlage-climik-extra-80-x-30-cm\/"},"modified":"2026-02-04T11:35:08","modified_gmt":"2026-02-04T10:35:08","slug":"deflektor-split-klimaanlage-climik-extra-80-x-30-cm","status":"publish","type":"product","link":"https:\/\/www.climik.it\/de\/prodotto\/deflektor-split-klimaanlage-climik-extra-80-x-30-cm\/","title":{"rendered":"Climik Extra 80 x 30 cm Deflektor f\u00fcr Split-Klimager\u00e4te"},"content":{"rendered":"<p style=\"text-align: center;\">Climik Extra ist die speziell f\u00fcr kleine, mittlere und gro\u00dfe Split-Klimager\u00e4te entwickelte Schallwand. Dank seiner doppelt gekr\u00fcmmten Form verlagert er den gefrierenden Luftstrom der Klimaanlage zur Decke des Raums, so dass die warme Luft im Raum aufsteigt und die kalte Luft gleichm\u00e4\u00dfig abf\u00e4llt.<\/p>\n<p>&nbsp;<\/p>\n<p style=\"text-align: center;\">Climik Extra ist sowohl f\u00fcr den privaten als auch f\u00fcr den beruflichen Bereich geeignet. In nur zwei Minuten verwandelt er den Raum in eine Wohlf\u00fchloase, die allen Zuschauern ein kompromissloses Wellness-Erlebnis bietet.<\/p>\n<p>&nbsp;<\/p>\n<p style=\"text-align: center;\">Es ist wichtig zu betonen, dass der Einbau von zu gro\u00dfen Luftleitblechen dazu f\u00fchren kann, dass das Klimager\u00e4t die Temperatur am Objekt selbst und nicht im Raum misst. Das gesamte Climik-Sortiment an Baffeln ist je nach Jahreszeit der perfekte Verb\u00fcndete im Kampf gegen Hitze und K\u00e4lte und schafft ein harmonisches Raumklima. Climik-Schallw\u00e4nde sind so konzipiert, dass sie leicht zu installieren sind. So l\u00e4sst sich jeder Raum schnell in einen Raum mit einer effizienten Klimatisierung f\u00fcr alle Nutzer verwandeln.<\/p>\n","protected":false},"excerpt":{"rendered":"<p style=\"text-align: center;\">Climik Extra ist sowohl f\u00fcr den privaten als auch f\u00fcr den beruflichen Bereich geeignet. In nur<br \/>\nzwei Minuten verwandelt es den Raum in eine komfortable Umgebung und bietet<br \/>\nallen Anwesenden ein unvergleichliches Wohlf\u00fchlerlebnis.<\/p>\n","protected":false},"featured_media":3140,"template":"","meta":[],"product_brand":[],"product_cat":[321],"product_tag":[],"class_list":{"0":"post-3139","1":"product","2":"type-product","3":"status-publish","4":"has-post-thumbnail","6":"product_cat-deflektor-fur-klimaanlage","7":"product_shipping_class-1-de","9":"first","10":"instock","11":"taxable","12":"shipping-taxable","13":"purchasable","14":"product-type-simple"},"_links":{"self":[{"href":"https:\/\/www.climik.it\/de\/wp-json\/wp\/v2\/product\/3139","targetHints":{"allow":["GET"]}}],"collection":[{"href":"https:\/\/www.climik.it\/de\/wp-json\/wp\/v2\/product"}],"about":[{"href":"https:\/\/www.climik.it\/de\/wp-json\/wp\/v2\/types\/product"}],"wp:featuredmedia":[{"embeddable":true,"href":"https:\/\/www.climik.it\/de\/wp-json\/wp\/v2\/media\/3140"}],"wp:attachment":[{"href":"https:\/\/www.climik.it\/de\/wp-json\/wp\/v2\/media?parent=3139"}],"wp:term":[{"taxonomy":"product_brand","embeddable":true,"href":"https:\/\/www.climik.it\/de\/wp-json\/wp\/v2\/product_brand?post=3139"},{"taxonomy":"product_cat","embeddable":true,"href":"https:\/\/www.climik.it\/de\/wp-json\/wp\/v2\/product_cat?post=3139"},{"taxonomy":"product_tag","embeddable":true,"href":"https:\/\/www.climik.it\/de\/wp-json\/wp\/v2\/product_tag?post=3139"}],"curies":[{"name":"wp","href":"https:\/\/api.w.org\/{rel}","templated":true}]}}