{"id":3124,"date":"2021-06-10T12:00:49","date_gmt":"2021-06-10T10:00:49","guid":{"rendered":"https:\/\/www.climik.it\/prodotto\/deflektor-fur-split-klimaanlagen-transparent-climik-cristal\/"},"modified":"2026-02-04T11:01:33","modified_gmt":"2026-02-04T10:01:33","slug":"deflektor-fur-split-klimaanlagen-transparent-climik-cristal","status":"publish","type":"product","link":"https:\/\/www.climik.it\/de\/prodotto\/deflektor-fur-split-klimaanlagen-transparent-climik-cristal\/","title":{"rendered":"Klimaanlagen-Deflektor aus transparentem Plexiglas Climik Cristal 70 x 24 cm"},"content":{"rendered":"<p style=\"text-align: center;\">Climik Cristal aus Plexiglas ist einzigartig und wurde f\u00fcr kleine und mittelgro\u00dfe Split-Klimaanlagen entwickelt. Dank seiner doppelt gekr\u00fcmmten Form lenkt er den kalten Luftstrom<br \/>\nder Klimaanlage zur Decke des Raumes, sodass die warme Luft im Raum<br \/>\naufsteigen und die kalte Luft gleichm\u00e4\u00dfig absinken kann.<\/p>\n<p>&nbsp;<\/p>\n<p style=\"text-align: center;\">Climik Cristal passt sich perfekt an jede Umgebung an und schenkt allen Anwesenden in nur zwei Minuten<br \/>\nein unvergleichliches Wohlf\u00fchlerlebnis, indem es den Raum<br \/>\nin eine Oase des h\u00f6chsten Komforts verwandelt.<\/p>\n<p>&nbsp;<\/p>\n<p style=\"text-align: center;\">Es ist wichtig zu betonen, dass die Installation von zu gro\u00dfen Deflektoren dazu f\u00fchren kann, dass<br \/>\ndie Klimaanlage die Temperatur auf dem Objekt selbst misst und nicht im Raum.<br \/>\nDie gesamte Climik-Deflektorenreihe ist je nach Jahreszeit der perfekte Verb\u00fcndete im<br \/>\nKampf gegen Hitze und K\u00e4lte und sorgt f\u00fcr eine harmonische Klimatisierung der R\u00e4ume.<br \/>\nDie Climik-Luftleitbleche wurden f\u00fcr eine einfache Installation entwickelt. So<br \/>\nkann jeder Raum schnell in einen Raum mit einer<br \/>\neffizienten Klimaanlage f\u00fcr alle Nutzer verwandelt werden. <\/p>\n","protected":false},"excerpt":{"rendered":"<p style=\"text-align: center;\">Climik Cristal passt sich perfekt an jede Umgebung an und schenkt allen Anwesenden in nur zwei Minuten<br \/>\nein unvergleichliches Wohlf\u00fchlerlebnis, indem es den Raum<br \/>\nin eine Oase des h\u00f6chsten Komforts verwandelt.<\/p>\n<p>&nbsp;<\/p>\n","protected":false},"featured_media":3129,"template":"","meta":[],"product_brand":[],"product_cat":[321],"product_tag":[],"class_list":{"0":"post-3124","1":"product","2":"type-product","3":"status-publish","4":"has-post-thumbnail","6":"product_cat-deflektor-fur-klimaanlage","7":"product_shipping_class-1-de","9":"first","10":"instock","11":"taxable","12":"shipping-taxable","13":"purchasable","14":"product-type-simple"},"_links":{"self":[{"href":"https:\/\/www.climik.it\/de\/wp-json\/wp\/v2\/product\/3124","targetHints":{"allow":["GET"]}}],"collection":[{"href":"https:\/\/www.climik.it\/de\/wp-json\/wp\/v2\/product"}],"about":[{"href":"https:\/\/www.climik.it\/de\/wp-json\/wp\/v2\/types\/product"}],"wp:featuredmedia":[{"embeddable":true,"href":"https:\/\/www.climik.it\/de\/wp-json\/wp\/v2\/media\/3129"}],"wp:attachment":[{"href":"https:\/\/www.climik.it\/de\/wp-json\/wp\/v2\/media?parent=3124"}],"wp:term":[{"taxonomy":"product_brand","embeddable":true,"href":"https:\/\/www.climik.it\/de\/wp-json\/wp\/v2\/product_brand?post=3124"},{"taxonomy":"product_cat","embeddable":true,"href":"https:\/\/www.climik.it\/de\/wp-json\/wp\/v2\/product_cat?post=3124"},{"taxonomy":"product_tag","embeddable":true,"href":"https:\/\/www.climik.it\/de\/wp-json\/wp\/v2\/product_tag?post=3124"}],"curies":[{"name":"wp","href":"https:\/\/api.w.org\/{rel}","templated":true}]}}