{"id":5718,"date":"2024-09-26T16:53:36","date_gmt":"2024-09-26T14:53:36","guid":{"rendered":"https:\/\/www.climik.it\/cookie-politik\/"},"modified":"2024-09-26T16:53:37","modified_gmt":"2024-09-26T14:53:37","slug":"cookie-politik","status":"publish","type":"page","link":"https:\/\/www.climik.it\/de\/cookie-politik\/","title":{"rendered":"Cookie-Politik"},"content":{"rendered":"\t\t<div data-elementor-type=\"wp-page\" data-elementor-id=\"5718\" class=\"elementor elementor-5718 elementor-5304\" data-elementor-post-type=\"page\">\n\t\t\t\t\t\t<section class=\"elementor-section elementor-top-section elementor-element elementor-element-d37a397 elementor-section-boxed elementor-section-height-default elementor-section-height-default\" data-id=\"d37a397\" data-element_type=\"section\" data-e-type=\"section\" data-settings=\"{&quot;background_background&quot;:&quot;classic&quot;}\">\n\t\t\t\t\t\t<div class=\"elementor-container elementor-column-gap-default\">\n\t\t\t\t\t<div class=\"elementor-column elementor-col-100 elementor-top-column elementor-element elementor-element-ac559db\" data-id=\"ac559db\" data-element_type=\"column\" data-e-type=\"column\">\n\t\t\t<div class=\"elementor-widget-wrap elementor-element-populated\">\n\t\t\t\t\t\t\t<\/div>\n\t\t<\/div>\n\t\t\t\t\t<\/div>\n\t\t<\/section>\n\t\t\t\t<section class=\"elementor-section elementor-top-section elementor-element elementor-element-4b368c39 elementor-section-boxed elementor-section-height-default elementor-section-height-default\" data-id=\"4b368c39\" data-element_type=\"section\" data-e-type=\"section\">\n\t\t\t\t\t\t<div class=\"elementor-container elementor-column-gap-default\">\n\t\t\t\t\t<div class=\"elementor-column elementor-col-100 elementor-top-column elementor-element elementor-element-31b3a6eb\" data-id=\"31b3a6eb\" data-element_type=\"column\" data-e-type=\"column\">\n\t\t\t<div class=\"elementor-widget-wrap elementor-element-populated\">\n\t\t\t\t\t\t<div class=\"elementor-element elementor-element-643e944c elementor-widget elementor-widget-text-editor\" data-id=\"643e944c\" data-element_type=\"widget\" data-e-type=\"widget\" data-widget_type=\"text-editor.default\">\n\t\t\t\t<div class=\"elementor-widget-container\">\n\t\t\t\t\t\t\t\t\t<p><strong>Cookie-Richtlinie von climik.<\/strong><br>deDieses Dokument enth\u00e4lt Informationen \u00fcber die Technologien , die es dieser dieser Anwendung erm\u00f6glichen, die unten beschriebenen Zwecke zu erreichen. Diese Technologien erm\u00f6glichen es dem Eigent\u00fcmer , Informationen zu sammeln und zu speichern ( z. B. durch die Verwendung von Cookies) oder Ressourcen (z. B. durch die Ausf\u00fchrung eines Skripts) auf dem Ger\u00e4t des Nutzers zu verwenden , wenn dieser mit dieser Anwendung interagiert . <\/p>\n<p>Der Einfachheit halber werden solche Technologien in diesem Dokument kurz als &#8222;Tracking-Tools&#8220; bezeichnet, es sei denn, es gibt Gr\u00fcnde f\u00fcr eine Differenzierung. Obwohl Cookies beispielsweise sowohl in Web- als auch in mobilen Browsern verwendet werden k\u00f6nnen, w\u00e4re es unangemessen, im Zusammenhang mit mobilen Anwendungen von Cookies zu sprechen, da es sich um Tracking-Tools handelt, die das Vorhandensein eines Browsers erfordern. Aus diesem Grund wird der Begriff &#8222;Cookie&#8220; in diesem Dokument nur verwendet, wenn er sich speziell auf diese Art von Tracking-Tool bezieht. <\/p>\n<p>Einige der Zwecke, f\u00fcr die Tracking-Tools verwendet werden, k\u00f6nnen auch die Zustimmung des Nutzers erfordern. Wenn die Zustimmung erteilt wurde, kann sie jederzeit frei widerrufen werden, indem die in diesem Dokument enthaltenen Anweisungen befolgt werden. <\/p>\n<p>Diese Anwendung verwendet nur Tracking-Tools, die direkt vom Eigent\u00fcmer betrieben werden (gemeinhin als &#8222;First-Party&#8220;-Tracking-Tools bezeichnet).<br>Dauer und Ablauf der Erstanbieter-Cookies und anderer \u00e4hnlicher Tracking-Tools k\u00f6nnen variieren, je nachdem, was der f\u00fcr die Verarbeitung Verantwortliche festgelegt hat. Einige von ihnen verfallen am Ende der Browsing-Sitzung des Nutzers. <\/p>\n<p>Aktivit\u00e4ten, die unbedingt notwendig sind, um den Betrieb dieser Anwendung und die Bereitstellung des Dienstes zu gew\u00e4hrleisten Diese Anwendung verwendet Cookies, die gemeinhin als &#8222;technische&#8220; oder \u00e4hnliche Tracking-Tools bezeichnet werden, um Aktivit\u00e4ten durchzuf\u00fchren, die unbedingt notwendig sind, um den Betrieb oder die Bereitstellung des Dienstes zu gew\u00e4hrleisten.<\/p>\n<p><b>Wie Sie Ihre Pr\u00e4ferenzen verwalten und Ihre Zustimmung erteilen oder widerrufenk\u00f6nnen<\/b><br>Es gibt mehrere M\u00f6glichkeiten, Ihre Ihre Pr\u00e4ferenzen f\u00fcr Tracking Tools zu verwalten und Ihre Zustimmung zu erteilen oder zu widerrufen, falls erforderlich:<\/p>\n<p>Die Benutzer k\u00f6nnen ihre Pr\u00e4ferenzen bez\u00fcglich der Tracking Tools direkt \u00fcber ihre Ger\u00e4teeinstellungen verwalten &#8211; zum Beispiel, kann die Verwendung oder Speicherung von Tracking Tools verhindern .<\/p>\n<p>Wenn die Verwendung von Tracking-Tools von einer Einwilligung abh\u00e4ngig ist , kann der Nutzer kann der Nutzer diese Zustimmung erteilen oder widerrufen , indem er seine Einstellungen innerhalb der Cookies oder durch Aktualisierung dieser Einstellungen \u00fcber das Datenschutz-Widget f\u00fcr Zustimmungseinstellungen, falls vorhanden.<\/p>\n<p>Es ist auch m\u00f6glich, zuvor gespeicherte Tracking-Tools mit Hilfe spezieller Browser- oder Ger\u00e4tefunktionen zu entfernen, einschlie\u00dflich derjenigen, die zur Speicherung der urspr\u00fcnglich vom Nutzer ge\u00e4u\u00dferten Einwilligungspr\u00e4ferenzen verwendet werden.<\/p>\n<p>Andere Tracking-Tools , die im lokalen Speicher des Browsers vorhanden sind k\u00f6nnen durch L\u00f6schen des Browserverlaufs entfernt werden .<\/p>\n<p><b>D ie Einstellungen f\u00fcr Tracking-Toolsfinden<\/b><br>Nutzer zum Beispiel, Informationen zur Verwaltung von Cookies in den g\u00e4ngigsten Browsern finden Sie beispielsweise unter den folgenden Adressen:<\/p>\n<p>Google Chrome<br>Mozilla Firefox<br>Apple Safari<br>Microsoft Internet Explorer<br>Microsoft Edge<br>Brave<br>Opera<br>Nutzer k\u00f6nnen auch bestimmte Tracking-Tools f\u00fcr mobile Anwendungen verwalten, indem sie diese \u00fcber die entsprechenden Ger\u00e4teeinstellungen deaktivieren. mobile Anwendungen , indem sie diese \u00fcber die entsprechenden Ger\u00e4teeinstellungen deaktivieren, wie z. B. Werbeeinstellungen f\u00fcr mobile Ger\u00e4te oder Tracking-Einstellungen im Allgemeinen allgemein (die Nutzer k\u00f6nnen ihre Ger\u00e4teeinstellungen konsultieren, um die entsprechenden Einstellungen zu finden ).<\/p>\n<p><b>Folgen der Verweigerung der Nutzung von Tracking Tools<\/b><br>Die Nutzer k\u00f6nnen frei zu entscheiden , ob sie die Verwendung von Tracking-Tools zulassen wollen oder nicht . Allerdings, Bitte beachten Sie jedoch , dass die Tracking-Tools diese Anwendung in die Lage versetzen , den Nutzern ein besseres Erlebnis und erweiterte Funktionen zu bieten (im Einklang mit den hier dargelegten Zwecken) . Die Tracking Tools erm\u00f6glichen den Nutzern ein besseres Erlebnis und erweiterte Funktionen (im Einklang mit den in diesem Dokument dargelegten Zwecken ). Wenn der Nutzer also beschlie\u00dft , die Verwendung von Tracking Tools, kann der f\u00fcr die Verarbeitung Verantwortliche die entsprechenden Funktionalit\u00e4ten m\u00f6glicherweise nicht bereitstellen.  <\/p>\n<p><b>Datenkontrolleur<\/b><br>A.R. STAMPI srl<br>Via dell\u2019Artigianato, 19<br>20010 Cornaredo (MI)<br>P.Iva: 03446130969<\/p>\n<p>E-Mail Adresse des Inhabers: info@climik.it<\/p>\n<p>Angesichts der objektiven Komplexit\u00e4t der Verfolgungstechnologien, werden die Nutzer gebeten, sich an den f\u00fcr die Verarbeitung Verantwortlichen zu wenden , wenn sie weitere Informationen \u00fcber den Einsatz solcher Technologien in dieser Anwendung erhalten m\u00f6chten.<\/p>\n<p><b>Definitionen und rechtliche Hinweise<br>Personenbezogene Daten (oder Daten)<\/b><br>Personenbezogene Daten sind alle Informationen, die direkt oder indirekt, auch in Verbindung mit anderen Informationen, einschlie\u00dflich einer pers\u00f6nlichen Identifikationsnummer, eine nat\u00fcrliche Person identifizierbar oder identifizierbar machen.<\/p>\n<p><b>Verwendungsdaten<\/b><br>Dabei handelt es sich um die Informationen, die automatisch \u00fcber diese Anwendung (einschlie\u00dflich der in diese Anwendung integrierten Anwendungen Dritter) erfasst werden, darunter: IP-Adressen oder Dom\u00e4nennamen der Computer, die vom Nutzer verwendet werden, der eine Verbindung zu dieser Anwendung herstellt, URI (Uniform Resource Identifier)-Notationsadressen, die Uhrzeit der Anfrage, die zur Weiterleitung der Anfrage an den Server verwendete Methode, die Gr\u00f6\u00dfe der als Antwort erhaltenen Datei, der Zahlencode, der den Status der Serverantwort angibt (erfolgreich, Fehler usw.), das Herkunftsland, die Merkmale des vom Besucher verwendeten Browsers und Betriebssystems, die verschiedenen zeitlichen Konnotationen des Besuchs (z. B. die auf jeder Seite verbrachte Zeit) und Einzelheiten der vom Nutzer verfolgten Reiseroute. ), das Herkunftsland, die Merkmale des vom Besucher verwendeten Browsers und Betriebssystems, die verschiedenen zeitlichen Aspekte des Besuchs (z. B. die auf jeder Seite verbrachte Zeit) und die Einzelheiten der innerhalb der Anwendung verfolgten Reiseroute, insbesondere die Reihenfolge der aufgerufenen Seiten, die Parameter des Betriebssystems und die IT-Umgebung des Nutzers.<\/p>\n<p><b>Benutzer<\/b><br>Die Person, die diese Anwendung nutzt, die, sofern nicht anders angegeben, mit der betroffenen Person identisch ist.<\/p>\n<p><b>Betroffene Person<\/b><br>Die nat\u00fcrliche Person, auf die sich die personenbezogenen Daten beziehen.<\/p>\n<p><b>Datenverantwortlicher (oder -verarbeiter)<\/b><br>Die nat\u00fcrliche Person, die juristische Person, die \u00f6ffentliche Verwaltung und jede andere Stelle, die personenbezogene Daten im Auftrag des f\u00fcr die Verarbeitung Verantwortlichen verarbeitet, wie in dieser Datenschutzrichtlinie dargelegt.<\/p>\n<p><b>F\u00fcr die Datenverarbeitung Verantwortlicher (oder Controller)<\/b><br>Die nat\u00fcrliche oder juristische Person, Beh\u00f6rde, Dienststelle oder sonstige Einrichtung, die allein oder gemeinsam mit anderen \u00fcber die Zwecke und Mittel der Verarbeitung personenbezogener Daten sowie \u00fcber die eingesetzten Instrumente, einschlie\u00dflich der Sicherheitsma\u00dfnahmen im Zusammenhang mit dem Betrieb und der Nutzung dieser Anwendung, entscheidet. Der f\u00fcr die Datenverarbeitung Verantwortliche ist, sofern nicht anders angegeben, der Eigent\u00fcmer dieser Anwendung. <\/p>\n<p><b>Diese Anwendung<\/b><br>Das Hardware- oder Softwaretool, mit dem die personenbezogenen Daten der Nutzer gesammelt und verarbeitet werden.<\/p>\n<p><b>Dienst<\/b><br>Der von dieser Anwendung bereitgestellte Dienst, wie in den entsprechenden Bedingungen (falls vorhanden) auf dieser Website\/Anwendung definiert.<\/p>\n<p><b>Europ\u00e4ische Union (oder EU)<\/b><br>Sofern nicht anders angegeben, gilt jede Bezugnahme auf die Europ\u00e4ische Union in diesem Dokument als Bezugnahme auf alle derzeitigen Mitgliedstaaten der Europ\u00e4ischen Union und des Europ\u00e4ischen Wirtschaftsraums.<\/p>\n<p><b>Cookies<\/b><br>Cookiessind Tracking-Tools , die aus kleinen Datenpaketen , die im Browser des Nutzers gespeichert werden.<\/p>\n<p><b>Tracking-Tool<\/b><br>Tracking-Tool ist definiert als jede Technologie &#8211; z. B. Cookies, eindeutige Kennungen, Web-Beacons, eingebettete Skripte, E-Tags und Fingerprinting. Cookies, eindeutige Kennungen, Web-Beacons, eingebettete Skripte, E-Tags und Fingerabdr\u00fccke &#8211; , die es erm\u00f6glichen, den Nutzer zu verfolgen, zum Beispiel durch das Sammeln oder Speichern von Informationen auf dem Ger\u00e4t des Nutzers.<\/p>\n<p><b>Rechtliche Hinweise<\/b><br>Sofern nicht anders angegeben, bezieht sich diese Datenschutzrichtlinie ausschlie\u00dflich auf diese Anwendung.<\/p>\n<p>Letzte \u00c4nderung: 14. Juni 2024<\/p>\t\t\t\t\t\t\t\t<\/div>\n\t\t\t\t<\/div>\n\t\t\t\t\t<\/div>\n\t\t<\/div>\n\t\t\t\t\t<\/div>\n\t\t<\/section>\n\t\t\t\t<\/div>\n\t\t","protected":false},"excerpt":{"rendered":"<p>Cookie-Richtlinie von climik.deDieses Dokument enth\u00e4lt Informationen \u00fcber die Technologien , die es dieser dieser Anwendung erm\u00f6glichen, die unten beschriebenen Zwecke zu erreichen. Diese Technologien erm\u00f6glichen es dem Eigent\u00fcmer , Informationen zu sammeln und zu speichern ( z. B. durch die Verwendung von Cookies) oder Ressourcen (z. B. durch die Ausf\u00fchrung eines Skripts) auf dem Ger\u00e4t [&hellip;]<\/p>\n","protected":false},"author":1,"featured_media":0,"parent":0,"menu_order":0,"comment_status":"closed","ping_status":"closed","template":"elementor_header_footer","meta":{"footnotes":""},"class_list":["post-5718","page","type-page","status-publish","hentry"],"_links":{"self":[{"href":"https:\/\/www.climik.it\/de\/wp-json\/wp\/v2\/pages\/5718","targetHints":{"allow":["GET"]}}],"collection":[{"href":"https:\/\/www.climik.it\/de\/wp-json\/wp\/v2\/pages"}],"about":[{"href":"https:\/\/www.climik.it\/de\/wp-json\/wp\/v2\/types\/page"}],"author":[{"embeddable":true,"href":"https:\/\/www.climik.it\/de\/wp-json\/wp\/v2\/users\/1"}],"replies":[{"embeddable":true,"href":"https:\/\/www.climik.it\/de\/wp-json\/wp\/v2\/comments?post=5718"}],"version-history":[{"count":1,"href":"https:\/\/www.climik.it\/de\/wp-json\/wp\/v2\/pages\/5718\/revisions"}],"predecessor-version":[{"id":5719,"href":"https:\/\/www.climik.it\/de\/wp-json\/wp\/v2\/pages\/5718\/revisions\/5719"}],"wp:attachment":[{"href":"https:\/\/www.climik.it\/de\/wp-json\/wp\/v2\/media?parent=5718"}],"curies":[{"name":"wp","href":"https:\/\/api.w.org\/{rel}","templated":true}]}}