{"id":3362,"date":"2021-03-31T12:48:29","date_gmt":"2021-03-31T10:48:29","guid":{"rendered":"https:\/\/www.climik.it\/deflettori\/"},"modified":"2024-07-19T08:26:12","modified_gmt":"2024-07-19T06:26:12","slug":"deflektoren-fuer-klimaanlagen","status":"publish","type":"page","link":"https:\/\/www.climik.it\/de\/deflektoren-fuer-klimaanlagen\/","title":{"rendered":"Deflektoren f\u00fcr Klimaanlagen"},"content":{"rendered":"\t\t<div data-elementor-type=\"wp-page\" data-elementor-id=\"3362\" class=\"elementor elementor-3362 elementor-565\" data-elementor-post-type=\"page\">\n\t\t\t\t\t\t<section class=\"elementor-section elementor-top-section elementor-element elementor-element-d7e0cae elementor-section-boxed elementor-section-height-default elementor-section-height-default\" data-id=\"d7e0cae\" data-element_type=\"section\" data-e-type=\"section\">\n\t\t\t\t\t\t<div class=\"elementor-container elementor-column-gap-default\">\n\t\t\t\t\t<div class=\"elementor-column elementor-col-100 elementor-top-column elementor-element elementor-element-a45edb6\" data-id=\"a45edb6\" data-element_type=\"column\" data-e-type=\"column\">\n\t\t\t<div class=\"elementor-widget-wrap elementor-element-populated\">\n\t\t\t\t\t\t<div class=\"elementor-element elementor-element-da1b548 animated-fast elementor-invisible elementor-widget elementor-widget-heading\" data-id=\"da1b548\" data-element_type=\"widget\" data-e-type=\"widget\" data-settings=\"{&quot;_animation&quot;:&quot;fadeIn&quot;}\" data-widget_type=\"heading.default\">\n\t\t\t\t<div class=\"elementor-widget-container\">\n\t\t\t\t\t<h1 class=\"elementor-heading-title elementor-size-default\">Deflektoren f\u00fcr Klimaanlagen<\/h1>\t\t\t\t<\/div>\n\t\t\t\t<\/div>\n\t\t\t\t<section class=\"elementor-section elementor-inner-section elementor-element elementor-element-f795604 elementor-section-boxed elementor-section-height-default elementor-section-height-default\" data-id=\"f795604\" data-element_type=\"section\" data-e-type=\"section\">\n\t\t\t\t\t\t<div class=\"elementor-container elementor-column-gap-default\">\n\t\t\t\t\t<div class=\"elementor-column elementor-col-100 elementor-inner-column elementor-element elementor-element-34def37\" data-id=\"34def37\" data-element_type=\"column\" data-e-type=\"column\" data-settings=\"{&quot;background_background&quot;:&quot;classic&quot;}\">\n\t\t\t<div class=\"elementor-widget-wrap elementor-element-populated\">\n\t\t\t\t\t\t<div class=\"elementor-element elementor-element-0c8dd30 elementor-widget elementor-widget-text-editor\" data-id=\"0c8dd30\" data-element_type=\"widget\" data-e-type=\"widget\" data-widget_type=\"text-editor.default\">\n\t\t\t\t<div class=\"elementor-widget-container\">\n\t\t\t\t\t\t\t\t\t<p>Das gesamte Climik-Sortiment an Baffeln ist je nach Jahreszeit der perfekte Verb\u00fcndete im Kampf gegen Hitze und K\u00e4lte und schafft ein harmonisches Raumklima.<\/p><p>Climik-Baffeln sind so konzipiert, dass sie leicht zu installieren sind. Dies erm\u00f6glicht es, jeden Raum schnell in einen Raum mit einem effizienten Klimasystem f\u00fcr alle Nutzer zu verwandeln.<\/p>\t\t\t\t\t\t\t\t<\/div>\n\t\t\t\t<\/div>\n\t\t\t\t\t<\/div>\n\t\t<\/div>\n\t\t\t\t\t<\/div>\n\t\t<\/section>\n\t\t\t\t\t<\/div>\n\t\t<\/div>\n\t\t\t\t\t<\/div>\n\t\t<\/section>\n\t\t\t\t<section class=\"elementor-section elementor-top-section elementor-element elementor-element-62a16ec elementor-section-boxed elementor-section-height-default elementor-section-height-default\" data-id=\"62a16ec\" data-element_type=\"section\" data-e-type=\"section\">\n\t\t\t\t\t\t<div class=\"elementor-container elementor-column-gap-default\">\n\t\t\t\t\t<div class=\"elementor-column elementor-col-100 elementor-top-column elementor-element elementor-element-d7d756b\" data-id=\"d7d756b\" data-element_type=\"column\" data-e-type=\"column\">\n\t\t\t<div class=\"elementor-widget-wrap elementor-element-populated\">\n\t\t\t\t\t\t<div class=\"elementor-element elementor-element-d76a3af animated-fast elementor-invisible elementor-widget elementor-widget-heading\" data-id=\"d76a3af\" data-element_type=\"widget\" data-e-type=\"widget\" data-settings=\"{&quot;_animation&quot;:&quot;fadeIn&quot;}\" data-widget_type=\"heading.default\">\n\t\t\t\t<div class=\"elementor-widget-container\">\n\t\t\t\t\t<h2 class=\"elementor-heading-title elementor-size-default\">W\u00e4hlen Sie den Deflektor, der zu Ihnen passt:<\/h2>\t\t\t\t<\/div>\n\t\t\t\t<\/div>\n\t\t\t\t<section class=\"elementor-section elementor-inner-section elementor-element elementor-element-2b5ebb9 elementor-section-boxed elementor-section-height-default elementor-section-height-default\" data-id=\"2b5ebb9\" data-element_type=\"section\" data-e-type=\"section\">\n\t\t\t\t\t\t<div class=\"elementor-container elementor-column-gap-default\">\n\t\t\t\t\t<div class=\"elementor-column elementor-col-50 elementor-inner-column elementor-element elementor-element-b4a9555\" data-id=\"b4a9555\" data-element_type=\"column\" data-e-type=\"column\">\n\t\t\t<div class=\"elementor-widget-wrap elementor-element-populated\">\n\t\t\t\t\t\t<div class=\"elementor-element elementor-element-f11688b elementor-widget elementor-widget-image\" data-id=\"f11688b\" data-element_type=\"widget\" data-e-type=\"widget\" data-widget_type=\"image.default\">\n\t\t\t\t<div class=\"elementor-widget-container\">\n\t\t\t\t\t\t\t\t\t\t\t\t\t\t\t\t<a href=\"https:\/\/www.climik.it\/categoria-prodotto\/deflettori-per-condizionatori-split\/\">\n\t\t\t\t\t\t\t<img fetchpriority=\"high\" decoding=\"async\" width=\"600\" height=\"400\" src=\"https:\/\/www.climik.it\/wp-content\/uploads\/2023\/05\/split-600x400-1.jpg\" class=\"attachment-full size-full wp-image-4859\" alt=\"\" srcset=\"https:\/\/www.climik.it\/wp-content\/uploads\/2023\/05\/split-600x400-1.jpg 600w, https:\/\/www.climik.it\/wp-content\/uploads\/2023\/05\/split-600x400-1-300x200.jpg 300w\" sizes=\"(max-width: 600px) 100vw, 600px\" \/>\t\t\t\t\t\t\t\t<\/a>\n\t\t\t\t\t\t\t\t\t\t\t\t\t\t\t<\/div>\n\t\t\t\t<\/div>\n\t\t\t\t\t<\/div>\n\t\t<\/div>\n\t\t\t\t<div class=\"elementor-column elementor-col-50 elementor-inner-column elementor-element elementor-element-79a80bd\" data-id=\"79a80bd\" data-element_type=\"column\" data-e-type=\"column\">\n\t\t\t<div class=\"elementor-widget-wrap elementor-element-populated\">\n\t\t\t\t\t\t<div class=\"elementor-element elementor-element-4609a16 elementor-widget elementor-widget-image\" data-id=\"4609a16\" data-element_type=\"widget\" data-e-type=\"widget\" data-widget_type=\"image.default\">\n\t\t\t\t<div class=\"elementor-widget-container\">\n\t\t\t\t\t\t\t\t\t\t\t\t\t\t\t\t<a href=\"https:\/\/www.climik.it\/categoria-prodotto\/deflettori-per-condizionatori-a-cassetta\/\">\n\t\t\t\t\t\t\t<img decoding=\"async\" width=\"600\" height=\"400\" src=\"https:\/\/www.climik.it\/wp-content\/uploads\/2023\/05\/cassetta-600x400-1.jpg\" class=\"attachment-full size-full wp-image-4869\" alt=\"\" srcset=\"https:\/\/www.climik.it\/wp-content\/uploads\/2023\/05\/cassetta-600x400-1.jpg 600w, https:\/\/www.climik.it\/wp-content\/uploads\/2023\/05\/cassetta-600x400-1-300x200.jpg 300w\" sizes=\"(max-width: 600px) 100vw, 600px\" \/>\t\t\t\t\t\t\t\t<\/a>\n\t\t\t\t\t\t\t\t\t\t\t\t\t\t\t<\/div>\n\t\t\t\t<\/div>\n\t\t\t\t\t<\/div>\n\t\t<\/div>\n\t\t\t\t\t<\/div>\n\t\t<\/section>\n\t\t\t\t<section class=\"elementor-section elementor-inner-section elementor-element elementor-element-0adaad2 elementor-section-boxed elementor-section-height-default elementor-section-height-default\" data-id=\"0adaad2\" data-element_type=\"section\" data-e-type=\"section\">\n\t\t\t\t\t\t<div class=\"elementor-container elementor-column-gap-default\">\n\t\t\t\t\t<div class=\"elementor-column elementor-col-50 elementor-inner-column elementor-element elementor-element-934f8e8\" data-id=\"934f8e8\" data-element_type=\"column\" data-e-type=\"column\">\n\t\t\t<div class=\"elementor-widget-wrap elementor-element-populated\">\n\t\t\t\t\t\t<div class=\"elementor-element elementor-element-97ce061 elementor-widget elementor-widget-image\" data-id=\"97ce061\" data-element_type=\"widget\" data-e-type=\"widget\" data-widget_type=\"image.default\">\n\t\t\t\t<div class=\"elementor-widget-container\">\n\t\t\t\t\t\t\t\t\t\t\t\t\t\t\t\t<a href=\"https:\/\/www.climik.it\/categoria-prodotto\/deflettore-per-condizionamento-canalizzato\/\">\n\t\t\t\t\t\t\t<img decoding=\"async\" width=\"600\" height=\"400\" src=\"https:\/\/www.climik.it\/wp-content\/uploads\/2023\/05\/canalizzata-600x400-1.jpg\" class=\"attachment-full size-full wp-image-4864\" alt=\"\" srcset=\"https:\/\/www.climik.it\/wp-content\/uploads\/2023\/05\/canalizzata-600x400-1.jpg 600w, https:\/\/www.climik.it\/wp-content\/uploads\/2023\/05\/canalizzata-600x400-1-300x200.jpg 300w\" sizes=\"(max-width: 600px) 100vw, 600px\" \/>\t\t\t\t\t\t\t\t<\/a>\n\t\t\t\t\t\t\t\t\t\t\t\t\t\t\t<\/div>\n\t\t\t\t<\/div>\n\t\t\t\t\t<\/div>\n\t\t<\/div>\n\t\t\t\t<div class=\"elementor-column elementor-col-50 elementor-inner-column elementor-element elementor-element-032a980\" data-id=\"032a980\" data-element_type=\"column\" data-e-type=\"column\">\n\t\t\t<div class=\"elementor-widget-wrap elementor-element-populated\">\n\t\t\t\t\t\t<div class=\"elementor-element elementor-element-dc2de49 elementor-widget elementor-widget-image\" data-id=\"dc2de49\" data-element_type=\"widget\" data-e-type=\"widget\" data-widget_type=\"image.default\">\n\t\t\t\t<div class=\"elementor-widget-container\">\n\t\t\t\t\t\t\t\t\t\t\t\t\t\t\t\t<a href=\"https:\/\/www.climik.it\/categoria-prodotto\/deflettori-per-condizionatori-fan-coil\/\">\n\t\t\t\t\t\t\t<img loading=\"lazy\" decoding=\"async\" width=\"600\" height=\"400\" src=\"https:\/\/www.climik.it\/wp-content\/uploads\/2023\/05\/fancoil-600x400-1.jpg\" class=\"attachment-full size-full wp-image-4874\" alt=\"\" srcset=\"https:\/\/www.climik.it\/wp-content\/uploads\/2023\/05\/fancoil-600x400-1.jpg 600w, https:\/\/www.climik.it\/wp-content\/uploads\/2023\/05\/fancoil-600x400-1-300x200.jpg 300w\" sizes=\"(max-width: 600px) 100vw, 600px\" \/>\t\t\t\t\t\t\t\t<\/a>\n\t\t\t\t\t\t\t\t\t\t\t\t\t\t\t<\/div>\n\t\t\t\t<\/div>\n\t\t\t\t\t<\/div>\n\t\t<\/div>\n\t\t\t\t\t<\/div>\n\t\t<\/section>\n\t\t\t\t\t<\/div>\n\t\t<\/div>\n\t\t\t\t\t<\/div>\n\t\t<\/section>\n\t\t\t\t<\/div>\n\t\t","protected":false},"excerpt":{"rendered":"<p>Deflektoren f\u00fcr Klimaanlagen Das gesamte Climik-Sortiment an Baffeln ist je nach Jahreszeit der perfekte Verb\u00fcndete im Kampf gegen Hitze und K\u00e4lte und schafft ein harmonisches Raumklima. Climik-Baffeln sind so konzipiert, dass sie leicht zu installieren sind. Dies erm\u00f6glicht es, jeden Raum schnell in einen Raum mit einem effizienten Klimasystem f\u00fcr alle Nutzer zu verwandeln. W\u00e4hlen [&hellip;]<\/p>\n","protected":false},"author":1,"featured_media":0,"parent":0,"menu_order":0,"comment_status":"closed","ping_status":"closed","template":"elementor_header_footer","meta":{"footnotes":""},"class_list":["post-3362","page","type-page","status-publish","hentry"],"_links":{"self":[{"href":"https:\/\/www.climik.it\/de\/wp-json\/wp\/v2\/pages\/3362","targetHints":{"allow":["GET"]}}],"collection":[{"href":"https:\/\/www.climik.it\/de\/wp-json\/wp\/v2\/pages"}],"about":[{"href":"https:\/\/www.climik.it\/de\/wp-json\/wp\/v2\/types\/page"}],"author":[{"embeddable":true,"href":"https:\/\/www.climik.it\/de\/wp-json\/wp\/v2\/users\/1"}],"replies":[{"embeddable":true,"href":"https:\/\/www.climik.it\/de\/wp-json\/wp\/v2\/comments?post=3362"}],"version-history":[{"count":0,"href":"https:\/\/www.climik.it\/de\/wp-json\/wp\/v2\/pages\/3362\/revisions"}],"wp:attachment":[{"href":"https:\/\/www.climik.it\/de\/wp-json\/wp\/v2\/media?parent=3362"}],"curies":[{"name":"wp","href":"https:\/\/api.w.org\/{rel}","templated":true}]}}